{"id":16937,"date":"2026-02-27T00:32:52","date_gmt":"2026-02-27T00:32:52","guid":{"rendered":"https:\/\/nordicmart.andreevmaster.com\/product\/masterkidz-pedagogisk-trabrada-for-att-rakna-pa-fingrarna\/"},"modified":"2026-02-27T08:22:54","modified_gmt":"2026-02-27T08:22:54","slug":"masterkidz-pedagogisk-trabrada-for-att-rakna-pa-fingrarna","status":"publish","type":"product","link":"https:\/\/nordicmart.andreevmaster.com\/sv\/produkt\/masterkidz-pedagogisk-trabrada-for-att-rakna-pa-fingrarna\/","title":{"rendered":"MASTERKIDZ Pedagogisk tr\u00e4br\u00e4da f\u00f6r att r\u00e4kna p\u00e5 fingrarna"},"content":{"rendered":"<p>MASTERKIDZ tr\u00e4platta f\u00f6r att r\u00e4kna p\u00e5 fingrarna \u00e4r ett utm\u00e4rkt hj\u00e4lpmedel f\u00f6r sm\u00e5 barn som just har b\u00f6rjat sitt matematiska \u00e4ventyr. De f\u00e4rgglada h\u00e4nderna p\u00e5 plattan \u00e4r tydligt m\u00e4rkta med namnen p\u00e5 fingrarna och sidorna: h\u00f6ger och v\u00e4nster. Varje finger har ocks\u00e5 ett nummer tilldelat sig, s\u00e5 att barnet, n\u00e4r det v\u00e4l har f\u00f6rst\u00e5tt principen, kan till\u00e4mpa sina kunskaper f\u00f6r att r\u00e4kna p\u00e5 sina egna fingrar. Att l\u00e4ra sig r\u00e4kna beh\u00f6ver inte vara sv\u00e5rt eller komplicerat! Tack vare denna underbara pedagogiska tavla f\u00f6r barn kommer de att l\u00e4ra sig att r\u00e4kna p\u00e5 fingrarna utan problem. Leksaken best\u00e5r av tv\u00e5 f\u00e4rgglada h\u00e4nder placerade p\u00e5 en tr\u00e4platta. H\u00e4nderna \u00e4r m\u00e4rkta med sidorna: h\u00f6ger och v\u00e4nster. Fingrarna \u00e4r ocks\u00e5 m\u00e4rkta \u2013 b\u00e5de med namnen p\u00e5 fingrarna och med siffror som kan tilldelas dem n\u00e4r man r\u00e4knar p\u00e5 fingrarna.<\/p>\n<p>De kunskaper som barnen f\u00e5r genom att leka med Masterkidz pedagogiska br\u00e4de kan de anv\u00e4nda i sin vidare matematikutbildning. De kommer att anv\u00e4nda fingrarna f\u00f6r att r\u00e4kna i b\u00f6rjan av sitt \u00e4ventyr med siffror och senare f\u00f6r att f\u00f6rb\u00e4ttra sina matematiska f\u00e4rdigheter.<\/p>\n<p>Leksaken \u00e4r tillverkad av tr\u00e4. Genom att v\u00e4lja Masterkidz tr\u00e4leksaker tar du hand om milj\u00f6n och minskar plastavfallet.<\/p>\n<p>Egenskaper:<\/p>\n<p>&#8211; f\u00f6r barn fr\u00e5n 3 \u00e5r<\/p>\n<p>&#8211; tillverkad av tr\u00e4<\/p>\n<p>&#8211; hj\u00e4lper barn att l\u00e4ra sig r\u00e4kna p\u00e5 fingrarna<\/p>\n<p>&#8211; tavlan best\u00e5r av tv\u00e5 f\u00e4rgglada h\u00e4nder med l\u00e4mpliga beskrivningar<\/p>\n","protected":false},"excerpt":{"rendered":"<p>MASTERKIDZ tr\u00e4platta f\u00f6r att r\u00e4kna p\u00e5 fingrarna \u00e4r ett utm\u00e4rkt hj\u00e4lpmedel f\u00f6r sm\u00e5 barn som just har b\u00f6rjat sitt matematiska \u00e4ventyr. De f\u00e4rgglada h\u00e4nderna p\u00e5 plattan \u00e4r tydligt m\u00e4rkta med namnen p\u00e5 fingrarna och sidorna: h\u00f6ger och v\u00e4nster. Varje finger har ocks\u00e5 ett nummer tilldelat sig, s\u00e5 att barnet, n\u00e4r det v\u00e4l har f\u00f6rst\u00e5tt principen, [&hellip;]<\/p>\n","protected":false},"featured_media":0,"comment_status":"open","ping_status":"closed","template":"","meta":[],"product_brand":[],"product_cat":[33],"product_tag":[],"class_list":{"0":"post-16937","1":"product","2":"type-product","3":"status-publish","5":"product_cat-okategoriserad","7":"first","8":"instock","9":"shipping-taxable","10":"purchasable","11":"product-type-simple"},"_links":{"self":[{"href":"https:\/\/nordicmart.andreevmaster.com\/sv\/wp-json\/wp\/v2\/product\/16937","targetHints":{"allow":["GET"]}}],"collection":[{"href":"https:\/\/nordicmart.andreevmaster.com\/sv\/wp-json\/wp\/v2\/product"}],"about":[{"href":"https:\/\/nordicmart.andreevmaster.com\/sv\/wp-json\/wp\/v2\/types\/product"}],"replies":[{"embeddable":true,"href":"https:\/\/nordicmart.andreevmaster.com\/sv\/wp-json\/wp\/v2\/comments?post=16937"}],"wp:attachment":[{"href":"https:\/\/nordicmart.andreevmaster.com\/sv\/wp-json\/wp\/v2\/media?parent=16937"}],"wp:term":[{"taxonomy":"product_brand","embeddable":true,"href":"https:\/\/nordicmart.andreevmaster.com\/sv\/wp-json\/wp\/v2\/product_brand?post=16937"},{"taxonomy":"product_cat","embeddable":true,"href":"https:\/\/nordicmart.andreevmaster.com\/sv\/wp-json\/wp\/v2\/product_cat?post=16937"},{"taxonomy":"product_tag","embeddable":true,"href":"https:\/\/nordicmart.andreevmaster.com\/sv\/wp-json\/wp\/v2\/product_tag?post=16937"}],"curies":[{"name":"wp","href":"https:\/\/api.w.org\/{rel}","templated":true}]}}