{"id":16936,"date":"2026-02-27T00:32:52","date_gmt":"2026-02-27T00:32:52","guid":{"rendered":"https:\/\/nordicmart.andreevmaster.com\/product\/masterkidz-tic-tac-toe-traspel-for-barn-logikpussel\/"},"modified":"2026-02-27T08:22:54","modified_gmt":"2026-02-27T08:22:54","slug":"masterkidz-tic-tac-toe-traspel-for-barn-logikpussel","status":"publish","type":"product","link":"https:\/\/nordicmart.andreevmaster.com\/sv\/produkt\/masterkidz-tic-tac-toe-traspel-for-barn-logikpussel\/","title":{"rendered":"MASTERKIDZ Tic-Tac-Toe Tr\u00e4spel f\u00f6r barn Logikpussel"},"content":{"rendered":"<p>Tic-tac-toe \u00e4r ett utm\u00e4rkt s\u00e4tt att utveckla logiskt t\u00e4nkande och stimulera utvecklingen av barns gr\u00e5a celler. Spelet \u00e4r perfekt f\u00f6r syskon som gillar att t\u00e4vla och umg\u00e5s, men det \u00e4r ocks\u00e5 ett utm\u00e4rkt leksak f\u00f6r f\u00f6rskolan. <\/p>\n<p>Leksaken best\u00e5r av en tr\u00e4br\u00e4da uppdelad i 3 rader och 3 kolumner. Totalt finns det 9 rutor d\u00e4r symboler kan placeras \u2013 en spelare anv\u00e4nder cirklar och den andra kors. Varje spelare har r\u00e4tt att placera en symbol och sedan \u00f6verl\u00e4mna turen till sin motst\u00e5ndare. Spelet forts\u00e4tter tills en av spelarna placerar 3 symboler i en rad \u2013 vertikalt, horisontellt eller diagonalt. Om det inte finns fler m\u00f6jliga drag och ingen har placerat den erforderliga raden, slutar spelet oavgjort. Leksaken \u00e4r tillverkad av tr\u00e4. Genom att v\u00e4lja Masterkidz tr\u00e4leksaker minskar du plastavfallet och tar hand om milj\u00f6n.<\/p>\n","protected":false},"excerpt":{"rendered":"<p>Tic-tac-toe \u00e4r ett utm\u00e4rkt s\u00e4tt att utveckla logiskt t\u00e4nkande och stimulera utvecklingen av barns gr\u00e5a celler. Spelet \u00e4r perfekt f\u00f6r syskon som gillar att t\u00e4vla och umg\u00e5s, men det \u00e4r ocks\u00e5 ett utm\u00e4rkt leksak f\u00f6r f\u00f6rskolan. Leksaken best\u00e5r av en tr\u00e4br\u00e4da uppdelad i 3 rader och 3 kolumner. Totalt finns det 9 rutor d\u00e4r symboler [&hellip;]<\/p>\n","protected":false},"featured_media":0,"comment_status":"open","ping_status":"closed","template":"","meta":[],"product_brand":[],"product_cat":[33],"product_tag":[],"class_list":{"0":"post-16936","1":"product","2":"type-product","3":"status-publish","5":"product_cat-okategoriserad","7":"first","8":"instock","9":"shipping-taxable","10":"purchasable","11":"product-type-simple"},"_links":{"self":[{"href":"https:\/\/nordicmart.andreevmaster.com\/sv\/wp-json\/wp\/v2\/product\/16936","targetHints":{"allow":["GET"]}}],"collection":[{"href":"https:\/\/nordicmart.andreevmaster.com\/sv\/wp-json\/wp\/v2\/product"}],"about":[{"href":"https:\/\/nordicmart.andreevmaster.com\/sv\/wp-json\/wp\/v2\/types\/product"}],"replies":[{"embeddable":true,"href":"https:\/\/nordicmart.andreevmaster.com\/sv\/wp-json\/wp\/v2\/comments?post=16936"}],"wp:attachment":[{"href":"https:\/\/nordicmart.andreevmaster.com\/sv\/wp-json\/wp\/v2\/media?parent=16936"}],"wp:term":[{"taxonomy":"product_brand","embeddable":true,"href":"https:\/\/nordicmart.andreevmaster.com\/sv\/wp-json\/wp\/v2\/product_brand?post=16936"},{"taxonomy":"product_cat","embeddable":true,"href":"https:\/\/nordicmart.andreevmaster.com\/sv\/wp-json\/wp\/v2\/product_cat?post=16936"},{"taxonomy":"product_tag","embeddable":true,"href":"https:\/\/nordicmart.andreevmaster.com\/sv\/wp-json\/wp\/v2\/product_tag?post=16936"}],"curies":[{"name":"wp","href":"https:\/\/api.w.org\/{rel}","templated":true}]}}