{"id":16935,"date":"2026-02-27T00:32:52","date_gmt":"2026-02-27T00:32:52","guid":{"rendered":"https:\/\/nordicmart.andreevmaster.com\/product\/masterkidz-little-stylist-beauty-studio-set-med-vaska\/"},"modified":"2026-02-27T08:22:54","modified_gmt":"2026-02-27T08:22:54","slug":"masterkidz-little-stylist-beauty-studio-set-med-vaska","status":"publish","type":"product","link":"https:\/\/nordicmart.andreevmaster.com\/sv\/produkt\/masterkidz-little-stylist-beauty-studio-set-med-vaska\/","title":{"rendered":"MASTERKIDZ Little Stylist Beauty Studio Set med v\u00e4ska"},"content":{"rendered":"<p>Ett charmigt set med rekvisita i tr\u00e4 som l\u00e5ter flickor leka att de stylar h\u00e5r och naglar och m\u00e5lar ansikten. De kan ta med sig sina kosmetika vart de \u00e4n g\u00e5r tack vare tygv\u00e4skan som ing\u00e5r i setet. <\/p>\n<p>### Egenskaper: <\/p>\n<p>* &#8211; Alla barn \u00e4lskar att imitera vuxna. Det \u00e4r d\u00e4rf\u00f6r de sm\u00e5 \u00e4lskar leksaker som l\u00e5ter dem g\u00f6ra just det. En s\u00e5dan leksak \u00e4r Masterkidz kosmetika- och stylingtillbeh\u00f6rsset. Tr\u00e4rekvisita \u00e4r mycket realistiska och l\u00e5ter ditt barn k\u00e4nna sig som en riktig stylist.<br \/>\n* &#8211; Setet inneh\u00e5ller m\u00e5nga intressanta f\u00f6rem\u00e5l som \u00e4r n\u00f6dv\u00e4ndiga f\u00f6r daglig styling: nagellack, l\u00e4ppstift, h\u00e5rtork, h\u00e5rborste, \u00f6gonskuggspalett och pensel, spegel, borste och till och med en mobiltelefon. Det \u00e4r ett set som finns i varje kvinnas handv\u00e4ska eller kosmetiktv\u00e4ska!<br \/>\n* &#8211; Leksaken \u00e4r tillverkad av tr\u00e4. Genom att v\u00e4lja Masterkidz tr\u00e4leksaker tar du hand om milj\u00f6n och minskar plastavfallet. <\/p>\n<p>Masterkidz leksaker \u00e4r h\u00f6gkvalitativa, h\u00e5llbara och s\u00e4kra pedagogiska leksaker av tr\u00e4. Designade och anpassade f\u00f6r olika stadier av barns utveckling. Kreativt, \u00e4ventyrligt och pedagogiskt lekande \u00e4r de st\u00f6rsta f\u00f6rdelarna med detta m\u00e4rkes leksaker. Ov\u00e4rderligt st\u00f6d f\u00f6r Montessori-metoden. Det b\u00e4sta valet f\u00f6r ditt hem, dagis, hotell eller restaurang. Skapa den perfekta lekh\u00f6rnan eller en stor pedagogisk v\u00e4gg. Erbjudandet inkluderar v\u00e4ggmonterade och mobila tavlor, upplysta bord och paneler f\u00f6r att leka med f\u00e4rger. Tematiska pedagogiska moduler och mycket mer. Ett otroligt stort antal tillbeh\u00f6r och o\u00e4ndliga m\u00f6jligheter f\u00f6r kreativt lekande.<\/p>\n","protected":false},"excerpt":{"rendered":"<p>Ett charmigt set med rekvisita i tr\u00e4 som l\u00e5ter flickor leka att de stylar h\u00e5r och naglar och m\u00e5lar ansikten. De kan ta med sig sina kosmetika vart de \u00e4n g\u00e5r tack vare tygv\u00e4skan som ing\u00e5r i setet. ### Egenskaper: * &#8211; Alla barn \u00e4lskar att imitera vuxna. Det \u00e4r d\u00e4rf\u00f6r de sm\u00e5 \u00e4lskar leksaker [&hellip;]<\/p>\n","protected":false},"featured_media":0,"comment_status":"open","ping_status":"closed","template":"","meta":[],"product_brand":[],"product_cat":[33],"product_tag":[],"class_list":{"0":"post-16935","1":"product","2":"type-product","3":"status-publish","5":"product_cat-okategoriserad","7":"first","8":"instock","9":"shipping-taxable","10":"purchasable","11":"product-type-simple"},"_links":{"self":[{"href":"https:\/\/nordicmart.andreevmaster.com\/sv\/wp-json\/wp\/v2\/product\/16935","targetHints":{"allow":["GET"]}}],"collection":[{"href":"https:\/\/nordicmart.andreevmaster.com\/sv\/wp-json\/wp\/v2\/product"}],"about":[{"href":"https:\/\/nordicmart.andreevmaster.com\/sv\/wp-json\/wp\/v2\/types\/product"}],"replies":[{"embeddable":true,"href":"https:\/\/nordicmart.andreevmaster.com\/sv\/wp-json\/wp\/v2\/comments?post=16935"}],"wp:attachment":[{"href":"https:\/\/nordicmart.andreevmaster.com\/sv\/wp-json\/wp\/v2\/media?parent=16935"}],"wp:term":[{"taxonomy":"product_brand","embeddable":true,"href":"https:\/\/nordicmart.andreevmaster.com\/sv\/wp-json\/wp\/v2\/product_brand?post=16935"},{"taxonomy":"product_cat","embeddable":true,"href":"https:\/\/nordicmart.andreevmaster.com\/sv\/wp-json\/wp\/v2\/product_cat?post=16935"},{"taxonomy":"product_tag","embeddable":true,"href":"https:\/\/nordicmart.andreevmaster.com\/sv\/wp-json\/wp\/v2\/product_tag?post=16935"}],"curies":[{"name":"wp","href":"https:\/\/api.w.org\/{rel}","templated":true}]}}