{"id":16934,"date":"2026-02-27T00:32:51","date_gmt":"2026-02-27T00:32:51","guid":{"rendered":"https:\/\/nordicmart.andreevmaster.com\/product\/masterkidz-mini-brandstation-i-tra\/"},"modified":"2026-02-27T08:22:53","modified_gmt":"2026-02-27T08:22:53","slug":"masterkidz-mini-brandstation-i-tra","status":"publish","type":"product","link":"https:\/\/nordicmart.andreevmaster.com\/sv\/produkt\/masterkidz-mini-brandstation-i-tra\/","title":{"rendered":"MASTERKIDZ Mini brandstation i tr\u00e4"},"content":{"rendered":"<p>Brandstation med tillbeh\u00f6r f\u00f6r att leka brandman. Setet inneh\u00e5ller 2 brandmanfigurer, en brandbil och element som l\u00e5gor, koner och en brandsl\u00e4ckare. Leken kan vara m\u00e5ngdimensionell och det finns m\u00e5nga scener att spela upp. Den enda begr\u00e4nsningen \u00e4r din fantasi!<\/p>\n<p>Egenskaper:<\/p>\n<p>* \u2714\ufe0f Setet inneh\u00e5ller en brandstation med rutschkana, garage och en plats d\u00e4r brandm\u00e4nnen kan vila<br \/>\n* \u2714\ufe0f Inneh\u00e5ller 2 brandmansfigurer, en brandbil, l\u00e5gor, koner och en brandsl\u00e4ckare<br \/>\n* \u2714\ufe0f Alla delar \u00e4r tillverkade av h\u00f6gkvalitativt tr\u00e4<\/p>\n<p>Leksaken utvecklar:<\/p>\n<p>* \u2b50 Fantasi<br \/>\n* \u2b50 Kreativitet<br \/>\n* \u2b50 Sociala f\u00e4rdigheter<\/p>\n","protected":false},"excerpt":{"rendered":"<p>Brandstation med tillbeh\u00f6r f\u00f6r att leka brandman. Setet inneh\u00e5ller 2 brandmanfigurer, en brandbil och element som l\u00e5gor, koner och en brandsl\u00e4ckare. Leken kan vara m\u00e5ngdimensionell och det finns m\u00e5nga scener att spela upp. Den enda begr\u00e4nsningen \u00e4r din fantasi! Egenskaper: * \u2714\ufe0f Setet inneh\u00e5ller en brandstation med rutschkana, garage och en plats d\u00e4r brandm\u00e4nnen kan [&hellip;]<\/p>\n","protected":false},"featured_media":0,"comment_status":"open","ping_status":"closed","template":"","meta":[],"product_brand":[],"product_cat":[33],"product_tag":[],"class_list":{"0":"post-16934","1":"product","2":"type-product","3":"status-publish","5":"product_cat-okategoriserad","7":"first","8":"instock","9":"shipping-taxable","10":"purchasable","11":"product-type-simple"},"_links":{"self":[{"href":"https:\/\/nordicmart.andreevmaster.com\/sv\/wp-json\/wp\/v2\/product\/16934","targetHints":{"allow":["GET"]}}],"collection":[{"href":"https:\/\/nordicmart.andreevmaster.com\/sv\/wp-json\/wp\/v2\/product"}],"about":[{"href":"https:\/\/nordicmart.andreevmaster.com\/sv\/wp-json\/wp\/v2\/types\/product"}],"replies":[{"embeddable":true,"href":"https:\/\/nordicmart.andreevmaster.com\/sv\/wp-json\/wp\/v2\/comments?post=16934"}],"wp:attachment":[{"href":"https:\/\/nordicmart.andreevmaster.com\/sv\/wp-json\/wp\/v2\/media?parent=16934"}],"wp:term":[{"taxonomy":"product_brand","embeddable":true,"href":"https:\/\/nordicmart.andreevmaster.com\/sv\/wp-json\/wp\/v2\/product_brand?post=16934"},{"taxonomy":"product_cat","embeddable":true,"href":"https:\/\/nordicmart.andreevmaster.com\/sv\/wp-json\/wp\/v2\/product_cat?post=16934"},{"taxonomy":"product_tag","embeddable":true,"href":"https:\/\/nordicmart.andreevmaster.com\/sv\/wp-json\/wp\/v2\/product_tag?post=16934"}],"curies":[{"name":"wp","href":"https:\/\/api.w.org\/{rel}","templated":true}]}}