{"id":16933,"date":"2026-02-27T00:32:51","date_gmt":"2026-02-27T00:32:51","guid":{"rendered":"https:\/\/nordicmart.andreevmaster.com\/product\/masterkidz-traformssorterare-fargglada-montessori-frukter\/"},"modified":"2026-02-27T08:22:53","modified_gmt":"2026-02-27T08:22:53","slug":"masterkidz-traformssorterare-fargglada-montessori-frukter","status":"publish","type":"product","link":"https:\/\/nordicmart.andreevmaster.com\/sv\/produkt\/masterkidz-traformssorterare-fargglada-montessori-frukter\/","title":{"rendered":"MASTERKIDZ Tr\u00e4formssorterare F\u00e4rgglada Montessori-frukter"},"content":{"rendered":"<p>Ett sensoriskt pedagogiskt leksak i tr\u00e4 f\u00f6r barn fr\u00e5n MASTERKIDZ, som hj\u00e4lper sm\u00e5barn att l\u00e4ra sig om olika h\u00e4lsosamma frukter. Den uppenbara funktionen hos formsorteraren \u00e4r att utveckla logiskt t\u00e4nkande och finmotorik hos sm\u00e5 barn, dvs. koordinationen i deras sm\u00e5 h\u00e4nder. Tack vare de f\u00e4rgglada frukterna kan tr\u00e4klossarna ocks\u00e5 anv\u00e4ndas f\u00f6r att l\u00e4ra ut f\u00e4rger. Masterkidz Colorful Fruit Shape Sorter \u00e4r en fantastisk tr\u00e4leksak f\u00f6r barn som har m\u00e5nga anv\u00e4ndningsomr\u00e5den. Denna leksak \u00e4r inte bara bra f\u00f6r att underh\u00e5lla ditt barn. Tack vare tr\u00e4klossarna i form av f\u00e4rgglada frukter kan ditt barn l\u00e4ra sig deras namn och uppmuntras att \u00e4ta dem. En annan funktion hos leksaken \u00e4r att utveckla logiskt t\u00e4nkande. Barnet m\u00e5ste matcha frukterna med r\u00e4tt h\u00e5l i tr\u00e4br\u00e4dan, vilket kr\u00e4ver att de fokuserar och analyserar formerna. N\u00e4r de har hittat formen som passar i r\u00e4tt h\u00e5l \u00e4r barnets uppgift att placera den i h\u00e5let, vilket kr\u00e4ver hand-\u00f6ga-koordination. Leksaken \u00e4r helt tillverkad av tr\u00e4. Genom att k\u00f6pa Masterkidz tr\u00e4leksaker tar du hand om milj\u00f6n och minskar plastavfallet.<\/p>\n<p>Egenskaper:<\/p>\n<p>* &#8211; f\u00f6r barn fr\u00e5n 2 \u00e5r<br \/>\n* &#8211; utvecklar logiskt t\u00e4nkande<br \/>\n* &#8211; tillverkad av tr\u00e4<br \/>\n* &#8211; l\u00e4r ut former och f\u00e4rger<br \/>\n* &#8211; f\u00f6rb\u00e4ttrar hand-\u00f6ga-koordinationen<\/p>\n","protected":false},"excerpt":{"rendered":"<p>Ett sensoriskt pedagogiskt leksak i tr\u00e4 f\u00f6r barn fr\u00e5n MASTERKIDZ, som hj\u00e4lper sm\u00e5barn att l\u00e4ra sig om olika h\u00e4lsosamma frukter. Den uppenbara funktionen hos formsorteraren \u00e4r att utveckla logiskt t\u00e4nkande och finmotorik hos sm\u00e5 barn, dvs. koordinationen i deras sm\u00e5 h\u00e4nder. Tack vare de f\u00e4rgglada frukterna kan tr\u00e4klossarna ocks\u00e5 anv\u00e4ndas f\u00f6r att l\u00e4ra ut f\u00e4rger. [&hellip;]<\/p>\n","protected":false},"featured_media":0,"comment_status":"open","ping_status":"closed","template":"","meta":[],"product_brand":[],"product_cat":[33],"product_tag":[],"class_list":{"0":"post-16933","1":"product","2":"type-product","3":"status-publish","5":"product_cat-okategoriserad","7":"first","8":"instock","9":"shipping-taxable","10":"purchasable","11":"product-type-simple"},"_links":{"self":[{"href":"https:\/\/nordicmart.andreevmaster.com\/sv\/wp-json\/wp\/v2\/product\/16933","targetHints":{"allow":["GET"]}}],"collection":[{"href":"https:\/\/nordicmart.andreevmaster.com\/sv\/wp-json\/wp\/v2\/product"}],"about":[{"href":"https:\/\/nordicmart.andreevmaster.com\/sv\/wp-json\/wp\/v2\/types\/product"}],"replies":[{"embeddable":true,"href":"https:\/\/nordicmart.andreevmaster.com\/sv\/wp-json\/wp\/v2\/comments?post=16933"}],"wp:attachment":[{"href":"https:\/\/nordicmart.andreevmaster.com\/sv\/wp-json\/wp\/v2\/media?parent=16933"}],"wp:term":[{"taxonomy":"product_brand","embeddable":true,"href":"https:\/\/nordicmart.andreevmaster.com\/sv\/wp-json\/wp\/v2\/product_brand?post=16933"},{"taxonomy":"product_cat","embeddable":true,"href":"https:\/\/nordicmart.andreevmaster.com\/sv\/wp-json\/wp\/v2\/product_cat?post=16933"},{"taxonomy":"product_tag","embeddable":true,"href":"https:\/\/nordicmart.andreevmaster.com\/sv\/wp-json\/wp\/v2\/product_tag?post=16933"}],"curies":[{"name":"wp","href":"https:\/\/api.w.org\/{rel}","templated":true}]}}