{"id":16930,"date":"2026-02-27T00:32:50","date_gmt":"2026-02-27T00:32:50","guid":{"rendered":"https:\/\/nordicmart.andreevmaster.com\/product\/masterkidz-sensorisk-ram-led-panel-transparent-malarbricka\/"},"modified":"2026-02-27T08:22:53","modified_gmt":"2026-02-27T08:22:53","slug":"masterkidz-sensorisk-ram-led-panel-transparent-malarbricka","status":"publish","type":"product","link":"https:\/\/nordicmart.andreevmaster.com\/sv\/produkt\/masterkidz-sensorisk-ram-led-panel-transparent-malarbricka\/","title":{"rendered":"MASTERKIDZ Sensorisk ram \u2013 LED-panel + transparent m\u00e5larbricka"},"content":{"rendered":"<p>Masterkidz Sensory LED Box Panel \u00e4r en robust tr\u00e4l\u00e5da med vit LED-bakgrundsbelysning, designad av det v\u00e4lk\u00e4nda varum\u00e4rket Masterkidz. Den m\u00f6jligg\u00f6r en m\u00e4ngd olika aktiviteter som st\u00f6der utvecklingen av kreativitet, s\u00e5som att blanda f\u00e4rger eller l\u00e4ra sig genom STEM-systemet. Imponerande resultat uppn\u00e5s n\u00e4r ljuset passerar genom olika material \u2013 l\u00f6v, papper, en bricka med sand eller transparent vatten. Panelen fungerar perfekt med den medf\u00f6ljande transparenta m\u00e5larbrickan, som i kombination med LED-belysning framh\u00e4ver sk\u00f6nheten i barnens konstverk.<br \/>\nFunktioner:<br \/>\n* &#8211; L\u00e5da tillverkad av europeiskt boktr\u00e4 och rysk bj\u00f6rkplywood<br \/>\n* &#8211; Kabell\u00e4ngd: 1,5 m<br \/>\n* &#8211; Designad f\u00f6r olika sensoriska och pedagogiska aktiviteter<br \/>\n* &#8211; Skapar attraktiva ljuseffekter med olika material<br \/>\n* &#8211; Fungerar perfekt med Masterkidz-tillbeh\u00f6r<br \/>\n* &#8211; H\u00f6gkvalitativt hantverk garanterar h\u00e5llbarhet och s\u00e4kerhet<br \/>\n* &#8211; Produkten \u00e4r INTE vattent\u00e4t<\/p>\n<p>Leksaken utvecklar:<\/p>\n<p>* &#8211; Kreativitet<br \/>\n* &#8211; Fantasi<br \/>\n* &#8211; Motorik<br \/>\n* &#8211; Sensoriska f\u00e4rdigheter<\/p>\n<p>Satsen inneh\u00e5ller:<\/p>\n<p>* &#8211; Tr\u00e4l\u00e5da med LED-panel<br \/>\n* &#8211; Transparent bricka f\u00f6r m\u00e5lning p\u00e5 LED-paneler<\/p>\n<p>Setets komponenter:<\/p>\n<p>* &#8211; ME04062<br \/>\n* &#8211; ME12401<\/p>\n<p>Komponenter som \u00e4r kompatibla med LED-kortet:<\/p>\n<p>* &#8211; Mjuka f\u00e4rgglada bokst\u00e4ver och siffror &#8211; ME15945<br \/>\n* &#8211; F\u00e4rgade bokst\u00e4ver &#8211; ME07308<br \/>\n* &#8211; Stora f\u00e4rgglada geometriska former &#8211; ME08602<br \/>\n* &#8211; F\u00e4rgglada sm\u00e5stenar &#8211; ME30375<br \/>\n* &#8211; Mosaik med f\u00e4rgglada geometriska former &#8211; ME30368<br \/>\n* &#8211; Akrylbricka f\u00f6r vattenlek &#8211; ME12395<br \/>\n* &#8211; Akrylf\u00e4rgbricka &#8211; ME12401<br \/>\n* &#8211; Tr\u00e4ram f\u00f6r sandlek &#8211; ME07216<br \/>\n* &#8211; Ram f\u00f6r montering av STEM-tavlor &#8211; ME14801<\/p>\n<p>&#8211; Mjuka f\u00e4rgglada bokst\u00e4ver och siffror &#8211; ME15945<\/p>\n<p>&#8211; F\u00e4rgglada bokst\u00e4ver &#8211; ME07308<\/p>\n<p>&#8211; Stora f\u00e4rgglada geometriska former &#8211; ME08602<\/p>\n<p>&#8211; F\u00e4rgglada sm\u00e5stenar &#8211; ME30375<\/p>\n<p>&#8211; Mosaik med f\u00e4rgglada geometriska former &#8211; ME30368<\/p>\n<p>&#8211; Akrylbricka f\u00f6r vattenlek &#8211; ME12395<\/p>\n<p>&#8211; Akrylf\u00e4rgbricka &#8211; ME12401<\/p>\n<p>&#8211; Tr\u00e4ram f\u00f6r sandlek &#8211; ME07216<\/p>\n<p>&#8211; Ram f\u00f6r montering av STEM-tavlor &#8211; ME14801<\/p>\n","protected":false},"excerpt":{"rendered":"<p>Masterkidz Sensory LED Box Panel \u00e4r en robust tr\u00e4l\u00e5da med vit LED-bakgrundsbelysning, designad av det v\u00e4lk\u00e4nda varum\u00e4rket Masterkidz. Den m\u00f6jligg\u00f6r en m\u00e4ngd olika aktiviteter som st\u00f6der utvecklingen av kreativitet, s\u00e5som att blanda f\u00e4rger eller l\u00e4ra sig genom STEM-systemet. Imponerande resultat uppn\u00e5s n\u00e4r ljuset passerar genom olika material \u2013 l\u00f6v, papper, en bricka med sand eller [&hellip;]<\/p>\n","protected":false},"featured_media":0,"comment_status":"open","ping_status":"closed","template":"","meta":[],"product_brand":[],"product_cat":[33],"product_tag":[],"class_list":{"0":"post-16930","1":"product","2":"type-product","3":"status-publish","5":"product_cat-okategoriserad","7":"first","8":"instock","9":"shipping-taxable","10":"purchasable","11":"product-type-simple"},"_links":{"self":[{"href":"https:\/\/nordicmart.andreevmaster.com\/sv\/wp-json\/wp\/v2\/product\/16930","targetHints":{"allow":["GET"]}}],"collection":[{"href":"https:\/\/nordicmart.andreevmaster.com\/sv\/wp-json\/wp\/v2\/product"}],"about":[{"href":"https:\/\/nordicmart.andreevmaster.com\/sv\/wp-json\/wp\/v2\/types\/product"}],"replies":[{"embeddable":true,"href":"https:\/\/nordicmart.andreevmaster.com\/sv\/wp-json\/wp\/v2\/comments?post=16930"}],"wp:attachment":[{"href":"https:\/\/nordicmart.andreevmaster.com\/sv\/wp-json\/wp\/v2\/media?parent=16930"}],"wp:term":[{"taxonomy":"product_brand","embeddable":true,"href":"https:\/\/nordicmart.andreevmaster.com\/sv\/wp-json\/wp\/v2\/product_brand?post=16930"},{"taxonomy":"product_cat","embeddable":true,"href":"https:\/\/nordicmart.andreevmaster.com\/sv\/wp-json\/wp\/v2\/product_cat?post=16930"},{"taxonomy":"product_tag","embeddable":true,"href":"https:\/\/nordicmart.andreevmaster.com\/sv\/wp-json\/wp\/v2\/product_tag?post=16930"}],"curies":[{"name":"wp","href":"https:\/\/api.w.org\/{rel}","templated":true}]}}