{"id":16924,"date":"2026-02-27T00:32:48","date_gmt":"2026-02-27T00:32:48","guid":{"rendered":"https:\/\/nordicmart.andreevmaster.com\/product\/masterkidz-trabaserat-fristaende-xxl-utomhusbrade-vattenbaneset\/"},"modified":"2026-02-27T08:22:51","modified_gmt":"2026-02-27T08:22:51","slug":"masterkidz-trabaserat-fristaende-xxl-utomhusbrade-vattenbaneset","status":"publish","type":"product","link":"https:\/\/nordicmart.andreevmaster.com\/sv\/produkt\/masterkidz-trabaserat-fristaende-xxl-utomhusbrade-vattenbaneset\/","title":{"rendered":"MASTERKIDZ Tr\u00e4baserat frist\u00e5ende XXL-utomhusbr\u00e4de + vattenbaneset"},"content":{"rendered":"<p>Den frist\u00e5ende STEM-tavlan \u00e4r en innovativ pedagogisk tavla som erbjuder ett \u00f6ppet f\u00e4lt f\u00f6r kreativt lekande och l\u00e4rande. Barn kan anv\u00e4nda den f\u00f6r att skapa bilder, mosaiker, sekvenser, bollbanor, kugghjulsmekanismer och till och med vattenrutschbanor. Tack vare den dubbelsidiga designen \u00e4r det m\u00f6jligt att delta i olika aktiviteter p\u00e5 b\u00e5da sidor av tavlan samtidigt, vilket fr\u00e4mjar gruppsamarbete. STEM-v\u00e4ggen, utrustad med ett vattenbanesats och en pump, \u00e4r ett utm\u00e4rkt s\u00e4tt att uppmuntra barn att designa, bygga och l\u00f6sa problem utomhus.INGA HJUL ING\u00c5R<\/p>\n<p>Funktioner:<\/p>\n<p>* &#8211; Frist\u00e5ende design f\u00f6r maximal flexibilitet \u2013 tavlan kan placeras var som helst och flyttas utomhus<br \/>\n* &#8211; Dubbelsidig yta m\u00f6jligg\u00f6r samtidiga pedagogiska aktiviteter och arbete i sm\u00e5 grupper, vilket fr\u00e4mjar kommunikation<br \/>\n* &#8211; Ytan \u00e4r behandlad med UV-, fukt- och m\u00f6gelresistent lack<br \/>\n* &#8211; Kompatibel med alla STEM-tavlatillbeh\u00f6r: kugghjul, hjul, remskivor, skruvar, pinnar och mer<\/p>\n<p>Tavlan utvecklar:<\/p>\n<p>* &#8211; Sociala f\u00e4rdigheter<br \/>\n* &#8211; Kreativitet<br \/>\n* &#8211; Fantasi<br \/>\n* &#8211; Finmotorik<\/p>\n<p>Satsen inneh\u00e5ller:<\/p>\n<p>* &#8211; Frist\u00e5ende STEM-br\u00e4da i tr\u00e4<br \/>\n* &#8211; 2 flexibla r\u00f6r, 120 cm<br \/>\n* &#8211; 6 h\u00e5rda r\u00f6r, 25 cm<br \/>\n* &#8211; 8 styva r\u00f6r, 10 cm<br \/>\n* &#8211; 16 kopplingar<br \/>\n* &#8211; 24 skruvar<br \/>\n* &#8211; 12 ventiler<br \/>\n* &#8211; 5 f\u00e4rgade bollar<br \/>\n* &#8211; 2 kannor<br \/>\n* &#8211; Tratt<br \/>\n* &#8211; Kran<br \/>\n* &#8211; Handvattenpump<br \/>\n* &#8211; 4 monteringsskruvar<br \/>\n* &#8211; 2 flexibla r\u00f6r 100 cm<br \/>\n* &#8211; 50 cm flexibelt r\u00f6r<\/p>\n<p>Kitkomponenter:<\/p>\n<p>* &#8211; ME29348<br \/>\n* &#8211; ME14788<br \/>\n* &#8211; ME13149<\/p>\n<p>Komponenter som \u00e4r kompatibla med tavlan (s\u00e4ljs separat):<\/p>\n<p>* &#8211; F\u00e4rgade pinnar ME12746 ME14450 ME21113 ME21137 ME21120 ME21144<br \/>\n* &#8211; F\u00e4rgade kristaller ME13989<br \/>\n* &#8211; F\u00e4rgade sn\u00f6ren f\u00f6r anslutning till pinnar ME14467<br \/>\n* &#8211; F\u00e4rgade skruvar ME20963 ME29911<br \/>\n* &#8211; Byggklossar ME29027 ME29010 ME29089<br \/>\n* &#8211; Geometriska former ME14696 ME14702 ME14818 ME14825 ME31181<br \/>\n* &#8211; Kugghjul och kedjor ME13460 ME24343 ME31204<br \/>\n* &#8211; Boll- och vattenbanor ME14788 ME14870 ME14665 ME15143 ME25043<br \/>\n* &#8211; Pumpsats f\u00f6r att bygga r\u00f6rsystem ME13149<br \/>\n* &#8211; Bokstavs- och sifferset ME30412 ME30429<br \/>\n* &#8211; Beh\u00e5llare och tillbeh\u00f6r ME12845 ME16560 ME14672<br \/>\n* &#8211; L\u00e5sbara hjul ME32539<\/p>\n","protected":false},"excerpt":{"rendered":"<p>Den frist\u00e5ende STEM-tavlan \u00e4r en innovativ pedagogisk tavla som erbjuder ett \u00f6ppet f\u00e4lt f\u00f6r kreativt lekande och l\u00e4rande. Barn kan anv\u00e4nda den f\u00f6r att skapa bilder, mosaiker, sekvenser, bollbanor, kugghjulsmekanismer och till och med vattenrutschbanor. Tack vare den dubbelsidiga designen \u00e4r det m\u00f6jligt att delta i olika aktiviteter p\u00e5 b\u00e5da sidor av tavlan samtidigt, vilket [&hellip;]<\/p>\n","protected":false},"featured_media":0,"comment_status":"open","ping_status":"closed","template":"","meta":[],"product_brand":[],"product_cat":[33],"product_tag":[],"class_list":{"0":"post-16924","1":"product","2":"type-product","3":"status-publish","5":"product_cat-okategoriserad","7":"first","8":"instock","9":"shipping-taxable","10":"purchasable","11":"product-type-simple"},"_links":{"self":[{"href":"https:\/\/nordicmart.andreevmaster.com\/sv\/wp-json\/wp\/v2\/product\/16924","targetHints":{"allow":["GET"]}}],"collection":[{"href":"https:\/\/nordicmart.andreevmaster.com\/sv\/wp-json\/wp\/v2\/product"}],"about":[{"href":"https:\/\/nordicmart.andreevmaster.com\/sv\/wp-json\/wp\/v2\/types\/product"}],"replies":[{"embeddable":true,"href":"https:\/\/nordicmart.andreevmaster.com\/sv\/wp-json\/wp\/v2\/comments?post=16924"}],"wp:attachment":[{"href":"https:\/\/nordicmart.andreevmaster.com\/sv\/wp-json\/wp\/v2\/media?parent=16924"}],"wp:term":[{"taxonomy":"product_brand","embeddable":true,"href":"https:\/\/nordicmart.andreevmaster.com\/sv\/wp-json\/wp\/v2\/product_brand?post=16924"},{"taxonomy":"product_cat","embeddable":true,"href":"https:\/\/nordicmart.andreevmaster.com\/sv\/wp-json\/wp\/v2\/product_cat?post=16924"},{"taxonomy":"product_tag","embeddable":true,"href":"https:\/\/nordicmart.andreevmaster.com\/sv\/wp-json\/wp\/v2\/product_tag?post=16924"}],"curies":[{"name":"wp","href":"https:\/\/api.w.org\/{rel}","templated":true}]}}