{"id":16923,"date":"2026-02-27T00:32:48","date_gmt":"2026-02-27T00:32:48","guid":{"rendered":"https:\/\/nordicmart.andreevmaster.com\/product\/masterkidz-tra-stem-tavla-fristaende-xxl-husform-tillbehor\/"},"modified":"2026-02-27T08:22:51","modified_gmt":"2026-02-27T08:22:51","slug":"masterkidz-tra-stem-tavla-fristaende-xxl-husform-tillbehor","status":"publish","type":"product","link":"https:\/\/nordicmart.andreevmaster.com\/sv\/produkt\/masterkidz-tra-stem-tavla-fristaende-xxl-husform-tillbehor\/","title":{"rendered":"MASTERKIDZ Tr\u00e4-STEM-tavla Frist\u00e5ende XXL husform + tillbeh\u00f6r"},"content":{"rendered":"<p>Den frist\u00e5ende STEM-tavlan i form av ett hus \u00e4r en perfekt introduktion till STEM-v\u00e4rlden. En underbar pedagogisk och vetenskaplig panel som enkelt kan flyttas runt p\u00e5 hjul. Med denna tavla l\u00e4r sig ditt barn om mekanismer, fysik, matematik och m\u00e5nga andra intressanta saker. Speciella pinnar och f\u00e4rgglada element g\u00f6r att ditt barn kan skapa unika strukturer och underbara m\u00f6nster. Egenskaper:<\/p>\n<p>* &#8211; Den frist\u00e5ende STEM-tavlan erbjuder maximal flexibilitet och kan placeras var som helst<br \/>\n* &#8211; Tack vare de l\u00e5sbara hjulen g\u00e5r det snabbt och enkelt att flytta tavlan<br \/>\n* &#8211; STEM-tavlan \u00e4r dubbelsidig, vilket g\u00f6r att du kan engagera barnen i olika pedagogiska aktiviteter eller sm\u00e5gruppsarbete samtidigt<br \/>\n* &#8211; Ytbehandlad med en lack som ger utm\u00e4rkt motst\u00e5ndskraft mot UV-str\u00e5lning, fl\u00e4ckar och repor<br \/>\n* &#8211; Passar alla STEM-element \u2013 kugghjul, hjul, remskivor, skruvar, pinnar etc.<\/p>\n<p>Satsen inneh\u00e5ller:<\/p>\n<p>* &#8211; Tr\u00e4-STEM-br\u00e4da i form av ett hus<br \/>\n* &#8211; 200 pinnar f\u00f6r tr\u00e5dning<br \/>\n* &#8211; 30 tr\u00e5dar f\u00f6r tr\u00e5dning (6 f\u00e4rger, 1 meter l\u00e5nga)<br \/>\n* &#8211; 64 geometriska pinnar (4 former, 6 f\u00e4rger)<br \/>\n* &#8211; 72 diamantformade pinnar (6 f\u00e4rger)<\/p>\n<p>Br\u00e4det utvecklar:<\/p>\n<p>* &#8211; Sociala f\u00e4rdigheter<br \/>\n* &#8211; Kreativitet<br \/>\n* &#8211; Fantasi<br \/>\n* &#8211; Finmotorik<\/p>\n<p>Setets komponenter:<\/p>\n<p>* &#8211; ME29324<br \/>\n* &#8211; ME14825<br \/>\n* &#8211; ME13989<br \/>\n* &#8211; ME14467<\/p>\n<p>Komponenter som \u00e4r kompatibla med br\u00e4det (s\u00e4ljs separat):<\/p>\n<p>* &#8211; F\u00e4rgade pinnar ME12746 ME14450 ME21113 ME21137 ME21120 ME21144<br \/>\n* &#8211; F\u00e4rgade kristaller ME13989<br \/>\n* &#8211; F\u00e4rgade sn\u00f6ren f\u00f6r att koppla ihop med pinnar ME14467<br \/>\n* &#8211; F\u00e4rgade skruvar ME20963 ME29911<br \/>\n* &#8211; Byggklossar ME29027 ME29010 ME29089<br \/>\n* &#8211; Geometriska former ME14696 ME14702 ME14818 ME14825 ME31181<br \/>\n* &#8211; Kugghjul och kedjor ME13460 ME24343 ME31204<br \/>\n* &#8211; Boll- och vattenbanor ME14788 ME14870 ME14665 ME15143 ME25043<br \/>\n* &#8211; Pumpsats f\u00f6r att bygga r\u00f6rsystem ME13149<br \/>\n* &#8211; Bokstavs- och sifferset ME30412 ME30429<br \/>\n* &#8211; Beh\u00e5llare och tillbeh\u00f6r ME12845 ME16560 ME14672<\/p>\n","protected":false},"excerpt":{"rendered":"<p>Den frist\u00e5ende STEM-tavlan i form av ett hus \u00e4r en perfekt introduktion till STEM-v\u00e4rlden. En underbar pedagogisk och vetenskaplig panel som enkelt kan flyttas runt p\u00e5 hjul. Med denna tavla l\u00e4r sig ditt barn om mekanismer, fysik, matematik och m\u00e5nga andra intressanta saker. Speciella pinnar och f\u00e4rgglada element g\u00f6r att ditt barn kan skapa unika [&hellip;]<\/p>\n","protected":false},"featured_media":0,"comment_status":"open","ping_status":"closed","template":"","meta":[],"product_brand":[],"product_cat":[33],"product_tag":[],"class_list":{"0":"post-16923","1":"product","2":"type-product","3":"status-publish","5":"product_cat-okategoriserad","7":"first","8":"instock","9":"shipping-taxable","10":"purchasable","11":"product-type-simple"},"_links":{"self":[{"href":"https:\/\/nordicmart.andreevmaster.com\/sv\/wp-json\/wp\/v2\/product\/16923","targetHints":{"allow":["GET"]}}],"collection":[{"href":"https:\/\/nordicmart.andreevmaster.com\/sv\/wp-json\/wp\/v2\/product"}],"about":[{"href":"https:\/\/nordicmart.andreevmaster.com\/sv\/wp-json\/wp\/v2\/types\/product"}],"replies":[{"embeddable":true,"href":"https:\/\/nordicmart.andreevmaster.com\/sv\/wp-json\/wp\/v2\/comments?post=16923"}],"wp:attachment":[{"href":"https:\/\/nordicmart.andreevmaster.com\/sv\/wp-json\/wp\/v2\/media?parent=16923"}],"wp:term":[{"taxonomy":"product_brand","embeddable":true,"href":"https:\/\/nordicmart.andreevmaster.com\/sv\/wp-json\/wp\/v2\/product_brand?post=16923"},{"taxonomy":"product_cat","embeddable":true,"href":"https:\/\/nordicmart.andreevmaster.com\/sv\/wp-json\/wp\/v2\/product_cat?post=16923"},{"taxonomy":"product_tag","embeddable":true,"href":"https:\/\/nordicmart.andreevmaster.com\/sv\/wp-json\/wp\/v2\/product_tag?post=16923"}],"curies":[{"name":"wp","href":"https:\/\/api.w.org\/{rel}","templated":true}]}}