{"id":16921,"date":"2026-02-27T00:32:48","date_gmt":"2026-02-27T00:32:48","guid":{"rendered":"https:\/\/nordicmart.andreevmaster.com\/product\/masterkidz-traverkstad-for-montessori-stem-med-verktyg-tillbehor\/"},"modified":"2026-02-27T08:22:51","modified_gmt":"2026-02-27T08:22:51","slug":"masterkidz-traverkstad-for-montessori-stem-med-verktyg-tillbehor","status":"publish","type":"product","link":"https:\/\/nordicmart.andreevmaster.com\/sv\/produkt\/masterkidz-traverkstad-for-montessori-stem-med-verktyg-tillbehor\/","title":{"rendered":"MASTERKIDZ Tr\u00e4verkstad f\u00f6r Montessori STEM med verktyg + tillbeh\u00f6r"},"content":{"rendered":"<p>Den pedagogiska STEM-verkstaden i tr\u00e4 m\u00f6jligg\u00f6r kreativt lekande och l\u00e4rande om vetenskapens v\u00e4rld. Bordet har en panel med h\u00e5l d\u00e4r f\u00e4rgglada och geometriska pinnar, skruvar och kugghjul kan s\u00e4ttas in f\u00f6r att skapa vetenskapliga experiment och vackra m\u00f6nster. Bordsskivans h\u00f6jd p\u00e5 42,5 cm \u00e4r utformad f\u00f6r barn fr\u00e5n 3 \u00e5r. Barnen kommer att vilja skapa verkliga logiska system med hj\u00e4lp av realistiska verktyg. <\/p>\n<p>Funktioner: <\/p>\n<p>* &#8211; Kompatibel med alla STEM-tillbeh\u00f6r: kugghjul, hjul, remskivor, skruvar, pinnar och mycket mer.<br \/>\n* &#8211; Inkluderar ett f\u00f6rvaringsst\u00e4ll f\u00f6r de medf\u00f6ljande verktygen.<br \/>\n* &#8211; Arbetsyta med h\u00e5l som g\u00f6r att du fritt kan skapa egna m\u00f6nster, layouter och experiment.* &#8211; Ytbehandlad med en lack som ger utm\u00e4rkt motst\u00e5ndskraft mot UV-str\u00e5lning, fl\u00e4ckar och repor.<\/p>\n<p>Satsen inneh\u00e5ller:<\/p>\n<p>* &#8211; Tr\u00e4verkstad f\u00f6r STEM<br \/>\n* &#8211; Hammare<br \/>\n* &#8211; Hands\u00e5g<br \/>\n* &#8211; Plattnyckel<br \/>\n* &#8211; Tr\u00e4platta f\u00f6r \u00f6vning<br \/>\n* &#8211; Skruvmejsel<br \/>\n* &#8211; Borr<br \/>\n* &#8211; Sats med hylsor.* &#8211; Kugghjul med vev. * &#8211; 4 stora kugghjul med 16 t\u00e4nder. * &#8211; 8 kugghjul med 12 t\u00e4nder. * &#8211; 4 sm\u00e5 kugghjul med 6 t\u00e4nder. * &#8211; Liten remskiva. * &#8211; Stor remskiva. * &#8211; Kedja med justerbar l\u00e4ngd. * &#8211; Rem f\u00f6r att skapa r\u00f6rliga konstruktioner.* &#8211; 34 skruvar i olika storlekar.<br \/>\n* &#8211; 20 muttrar f\u00f6r skruvar.<br \/>\n* &#8211; 2 brickor f\u00f6r kugghjul i olika storlekar.<br \/>\n* &#8211; Byggsats f\u00f6r kulbana best\u00e5ende av 35 delar.<br \/>\n* &#8211; F\u00e4rgglad kula<\/p>\n<p>Komponenter i satsen:<\/p>\n<p>* &#8211; ME29584<br \/>\n* &#8211; ME31136<\/p>\n<p>Leksaken utvecklar:<\/p>\n<p>* &#8211; Manuell skicklighet<br \/>\n* &#8211; Kreativitet<br \/>\n* &#8211; Fantasi<br \/>\n* &#8211; Finmotorik<\/p>\n<p>Komponenter som \u00e4r kompatibla med verkstaden (s\u00e4ljs separat):<\/p>\n<p>* &#8211; F\u00e4rgglada pinnar ME12746 ME14450 ME21113 ME21137 ME21120 ME21144<br \/>\n* &#8211; F\u00e4rgglada kristaller ME13989<br \/>\n* &#8211; F\u00e4rgade sn\u00f6ren f\u00f6r att koppla ihop pinnarna ME14467<br \/>\n* &#8211; F\u00e4rgade skruvar ME20963 ME29911<br \/>\n* &#8211; Geometriska former ME14696 ME14702 ME14818 ME14825 ME31181<br \/>\n* &#8211; Kugghjul och kedjor ME13460 ME24343 ME31204<br \/>\n* &#8211; Set med bokst\u00e4ver och siffror ME30412 ME30429<br \/>\n* &#8211; Beh\u00e5llare och tillbeh\u00f6r ME12845 ME16560 ME14672<\/p>\n<p>&#8211; F\u00e4rgade pinnar ME12746 ME14450 ME21113 ME21137 ME21120 ME21144<\/p>\n<p>&#8211; F\u00e4rgade kristaller ME13989<\/p>\n<p>&#8211; F\u00e4rgglada sn\u00f6ren f\u00f6r att koppla ihop med pinnar ME14467<\/p>\n<p>&#8211; F\u00e4rgglada skruvar ME20963 ME29911<\/p>\n<p>&#8211; Geometriska former ME14696 ME14702 ME14818 ME14825 ME31181<\/p>\n<p>&#8211; Kugghjul och kedjor ME13460 ME24343 ME31204<\/p>\n<p>&#8211; Set med bokst\u00e4ver och siffror ME30412 ME30429<\/p>\n<p>&#8211; Beh\u00e5llare och tillbeh\u00f6r ME12845 ME16560 ME14672<\/p>\n","protected":false},"excerpt":{"rendered":"<p>Den pedagogiska STEM-verkstaden i tr\u00e4 m\u00f6jligg\u00f6r kreativt lekande och l\u00e4rande om vetenskapens v\u00e4rld. Bordet har en panel med h\u00e5l d\u00e4r f\u00e4rgglada och geometriska pinnar, skruvar och kugghjul kan s\u00e4ttas in f\u00f6r att skapa vetenskapliga experiment och vackra m\u00f6nster. Bordsskivans h\u00f6jd p\u00e5 42,5 cm \u00e4r utformad f\u00f6r barn fr\u00e5n 3 \u00e5r. Barnen kommer att vilja skapa [&hellip;]<\/p>\n","protected":false},"featured_media":0,"comment_status":"open","ping_status":"closed","template":"","meta":[],"product_brand":[],"product_cat":[33],"product_tag":[],"class_list":{"0":"post-16921","1":"product","2":"type-product","3":"status-publish","5":"product_cat-okategoriserad","7":"first","8":"instock","9":"shipping-taxable","10":"purchasable","11":"product-type-simple"},"_links":{"self":[{"href":"https:\/\/nordicmart.andreevmaster.com\/sv\/wp-json\/wp\/v2\/product\/16921","targetHints":{"allow":["GET"]}}],"collection":[{"href":"https:\/\/nordicmart.andreevmaster.com\/sv\/wp-json\/wp\/v2\/product"}],"about":[{"href":"https:\/\/nordicmart.andreevmaster.com\/sv\/wp-json\/wp\/v2\/types\/product"}],"replies":[{"embeddable":true,"href":"https:\/\/nordicmart.andreevmaster.com\/sv\/wp-json\/wp\/v2\/comments?post=16921"}],"wp:attachment":[{"href":"https:\/\/nordicmart.andreevmaster.com\/sv\/wp-json\/wp\/v2\/media?parent=16921"}],"wp:term":[{"taxonomy":"product_brand","embeddable":true,"href":"https:\/\/nordicmart.andreevmaster.com\/sv\/wp-json\/wp\/v2\/product_brand?post=16921"},{"taxonomy":"product_cat","embeddable":true,"href":"https:\/\/nordicmart.andreevmaster.com\/sv\/wp-json\/wp\/v2\/product_cat?post=16921"},{"taxonomy":"product_tag","embeddable":true,"href":"https:\/\/nordicmart.andreevmaster.com\/sv\/wp-json\/wp\/v2\/product_tag?post=16921"}],"curies":[{"name":"wp","href":"https:\/\/api.w.org\/{rel}","templated":true}]}}