{"id":16919,"date":"2026-02-27T00:32:47","date_gmt":"2026-02-27T00:32:47","guid":{"rendered":"https:\/\/nordicmart.andreevmaster.com\/product\/masterkidz-flexibel-bollbana-byggklossar-i-gummi-98-delar\/"},"modified":"2026-02-27T08:22:50","modified_gmt":"2026-02-27T08:22:50","slug":"masterkidz-flexibel-bollbana-byggklossar-i-gummi-98-delar","status":"publish","type":"product","link":"https:\/\/nordicmart.andreevmaster.com\/sv\/produkt\/masterkidz-flexibel-bollbana-byggklossar-i-gummi-98-delar\/","title":{"rendered":"MASTERKIDZ Flexibel bollbana + byggklossar i gummi, 98 delar"},"content":{"rendered":"<p>* &#8211; Bygg dina egna banor och experimentera med tyngdkraften.<br \/>\n* &#8211; Byggklossarna och den flexibla banan \u00e4r helt s\u00e4kra f\u00f6r barn.<br \/>\n* &#8211; Perfekt f\u00f6r anv\u00e4ndning inomhus och utomhus.<br \/>\n* &#8211; Uppmuntrar logiskt t\u00e4nkande, samarbete och experimenterande.<\/p>\n<p>* &#8211; 96 byggklossar i 3 olika storlekar och f\u00e4rger<br \/>\n* &#8211; 2 flexibla banor, 2 m och 3 m l\u00e5nga<\/p>\n<p>Leksaken utvecklar:<\/p>\n<p>* &#8211; Kreativitet<br \/>\n* &#8211; Fantasi<br \/>\n* &#8211; Sj\u00e4lvst\u00e4ndighet<br \/>\n* &#8211; Motorik<\/p>\n","protected":false},"excerpt":{"rendered":"<p>* &#8211; Bygg dina egna banor och experimentera med tyngdkraften. * &#8211; Byggklossarna och den flexibla banan \u00e4r helt s\u00e4kra f\u00f6r barn. * &#8211; Perfekt f\u00f6r anv\u00e4ndning inomhus och utomhus. * &#8211; Uppmuntrar logiskt t\u00e4nkande, samarbete och experimenterande. * &#8211; 96 byggklossar i 3 olika storlekar och f\u00e4rger * &#8211; 2 flexibla banor, 2 m [&hellip;]<\/p>\n","protected":false},"featured_media":0,"comment_status":"open","ping_status":"closed","template":"","meta":[],"product_brand":[],"product_cat":[33],"product_tag":[],"class_list":{"0":"post-16919","1":"product","2":"type-product","3":"status-publish","5":"product_cat-okategoriserad","7":"first","8":"instock","9":"shipping-taxable","10":"purchasable","11":"product-type-simple"},"_links":{"self":[{"href":"https:\/\/nordicmart.andreevmaster.com\/sv\/wp-json\/wp\/v2\/product\/16919","targetHints":{"allow":["GET"]}}],"collection":[{"href":"https:\/\/nordicmart.andreevmaster.com\/sv\/wp-json\/wp\/v2\/product"}],"about":[{"href":"https:\/\/nordicmart.andreevmaster.com\/sv\/wp-json\/wp\/v2\/types\/product"}],"replies":[{"embeddable":true,"href":"https:\/\/nordicmart.andreevmaster.com\/sv\/wp-json\/wp\/v2\/comments?post=16919"}],"wp:attachment":[{"href":"https:\/\/nordicmart.andreevmaster.com\/sv\/wp-json\/wp\/v2\/media?parent=16919"}],"wp:term":[{"taxonomy":"product_brand","embeddable":true,"href":"https:\/\/nordicmart.andreevmaster.com\/sv\/wp-json\/wp\/v2\/product_brand?post=16919"},{"taxonomy":"product_cat","embeddable":true,"href":"https:\/\/nordicmart.andreevmaster.com\/sv\/wp-json\/wp\/v2\/product_cat?post=16919"},{"taxonomy":"product_tag","embeddable":true,"href":"https:\/\/nordicmart.andreevmaster.com\/sv\/wp-json\/wp\/v2\/product_tag?post=16919"}],"curies":[{"name":"wp","href":"https:\/\/api.w.org\/{rel}","templated":true}]}}