{"id":16918,"date":"2026-02-27T00:32:47","date_gmt":"2026-02-27T00:32:47","guid":{"rendered":"https:\/\/nordicmart.andreevmaster.com\/product\/masterkidz-4-sidig-transparent-akrylmalningsbrada-koppar\/"},"modified":"2026-02-27T08:22:50","modified_gmt":"2026-02-27T08:22:50","slug":"masterkidz-4-sidig-transparent-akrylmalningsbrada-koppar","status":"publish","type":"product","link":"https:\/\/nordicmart.andreevmaster.com\/sv\/produkt\/masterkidz-4-sidig-transparent-akrylmalningsbrada-koppar\/","title":{"rendered":"MASTERKIDZ 4-sidig transparent akrylm\u00e5lningsbr\u00e4da + koppar"},"content":{"rendered":"<p>Den transparenta akrylm\u00e5lningsskivan \u00e4r en utm\u00e4rkt l\u00f6sning f\u00f6r barn som \u00e4lskar att m\u00e5la. Den l\u00e5ter dem skapa sina egna konstverk med vattenf\u00e4rger eller akrylf\u00e4rger, och f\u00e4rgerna syns perfekt. Plastkoppar med en speciell f\u00f6rslutning som f\u00f6rhindrar att f\u00e4rgerna torkar ut, och som passar i s\u00e4rskilda \u00f6ppningar, \u00e4r perfekta f\u00f6r f\u00f6rvaring av f\u00e4rger. Den transparenta ytan g\u00f6r att barnen kan se igenom den och m\u00e5la det de ser \u2013 landskap, f\u00f6rem\u00e5l eller till och med v\u00e4nner som st\u00e5r p\u00e5 andra sidan. N\u00e4r de \u00e4r f\u00e4rdiga med att leka kan bilden enkelt torkas bort, vilket g\u00f6r ytan \u00e5teranv\u00e4ndbar. <\/p>\n<p>Funktioner: <\/p>\n<p>* &#8211; 4-sidig staffli som g\u00f6r att ett stort antal barn kan m\u00e5la samtidigt.<br \/>\n* &#8211; Speciella platser f\u00f6r f\u00e4rger, vattenbeh\u00e5llare och penslar f\u00f6r varje station.<br \/>\n* &#8211; 20 koppar ing\u00e5r (ME32287)<br \/>\n* &#8211; Inkluderar en stor transparent akrylyta som \u00e4r idealisk f\u00f6r m\u00e5lning.<br \/>\n* &#8211; Vattent\u00e4t konstruktion, UV-, m\u00f6gel- och r\u00f6ta-resistent \u2013 perfekt f\u00f6r utomhusbruk.* &#8211; Den perfekta l\u00f6sningen f\u00f6r sm\u00e5 konstn\u00e4rer, som kombinerar kreativitet med funktionalitet och bekv\u00e4mlighet! Leksaken utvecklar:* &#8211; Kreativitet och fantasi* &#8211; Experimenterande med f\u00e4rger och m\u00e5lningstekniker* &#8211; Utveckling av visuell perception och motorisk koordination* &#8211; Samarbete och lek tillsammans<\/p>\n","protected":false},"excerpt":{"rendered":"<p>Den transparenta akrylm\u00e5lningsskivan \u00e4r en utm\u00e4rkt l\u00f6sning f\u00f6r barn som \u00e4lskar att m\u00e5la. Den l\u00e5ter dem skapa sina egna konstverk med vattenf\u00e4rger eller akrylf\u00e4rger, och f\u00e4rgerna syns perfekt. Plastkoppar med en speciell f\u00f6rslutning som f\u00f6rhindrar att f\u00e4rgerna torkar ut, och som passar i s\u00e4rskilda \u00f6ppningar, \u00e4r perfekta f\u00f6r f\u00f6rvaring av f\u00e4rger. Den transparenta ytan g\u00f6r [&hellip;]<\/p>\n","protected":false},"featured_media":0,"comment_status":"open","ping_status":"closed","template":"","meta":[],"product_brand":[],"product_cat":[33],"product_tag":[],"class_list":{"0":"post-16918","1":"product","2":"type-product","3":"status-publish","5":"product_cat-okategoriserad","7":"first","8":"instock","9":"shipping-taxable","10":"purchasable","11":"product-type-simple"},"_links":{"self":[{"href":"https:\/\/nordicmart.andreevmaster.com\/sv\/wp-json\/wp\/v2\/product\/16918","targetHints":{"allow":["GET"]}}],"collection":[{"href":"https:\/\/nordicmart.andreevmaster.com\/sv\/wp-json\/wp\/v2\/product"}],"about":[{"href":"https:\/\/nordicmart.andreevmaster.com\/sv\/wp-json\/wp\/v2\/types\/product"}],"replies":[{"embeddable":true,"href":"https:\/\/nordicmart.andreevmaster.com\/sv\/wp-json\/wp\/v2\/comments?post=16918"}],"wp:attachment":[{"href":"https:\/\/nordicmart.andreevmaster.com\/sv\/wp-json\/wp\/v2\/media?parent=16918"}],"wp:term":[{"taxonomy":"product_brand","embeddable":true,"href":"https:\/\/nordicmart.andreevmaster.com\/sv\/wp-json\/wp\/v2\/product_brand?post=16918"},{"taxonomy":"product_cat","embeddable":true,"href":"https:\/\/nordicmart.andreevmaster.com\/sv\/wp-json\/wp\/v2\/product_cat?post=16918"},{"taxonomy":"product_tag","embeddable":true,"href":"https:\/\/nordicmart.andreevmaster.com\/sv\/wp-json\/wp\/v2\/product_tag?post=16918"}],"curies":[{"name":"wp","href":"https:\/\/api.w.org\/{rel}","templated":true}]}}