{"id":16917,"date":"2026-02-27T00:32:46","date_gmt":"2026-02-27T00:32:46","guid":{"rendered":"https:\/\/nordicmart.andreevmaster.com\/product\/masterkidz-transparent-akrylmalarbrada-koppar\/"},"modified":"2026-02-27T08:22:50","modified_gmt":"2026-02-27T08:22:50","slug":"masterkidz-transparent-akrylmalarbrada-koppar","status":"publish","type":"product","link":"https:\/\/nordicmart.andreevmaster.com\/sv\/produkt\/masterkidz-transparent-akrylmalarbrada-koppar\/","title":{"rendered":"MASTERKIDZ Transparent akrylm\u00e5larbr\u00e4da + koppar"},"content":{"rendered":"<p>Den transparenta akrylm\u00e5lningsskivan med koppar \u00e4r en utm\u00e4rkt l\u00f6sning f\u00f6r barn som \u00e4lskar att m\u00e5la. Den g\u00f6r det m\u00f6jligt f\u00f6r dem att skapa sina egna konstverk med vattenf\u00e4rger eller akrylf\u00e4rger, och f\u00e4rgerna syns perfekt. Plastkoppar med en speciell f\u00f6rslutning som f\u00f6rhindrar att f\u00e4rgerna torkar ut \u00e4r perfekta f\u00f6r f\u00f6rvaring av f\u00e4rger och passar i s\u00e4rskilda \u00f6ppningar. Den transparenta ytan g\u00f6r att barnen kan se igenom den och m\u00e5la det de ser \u2013 landskap, f\u00f6rem\u00e5l eller till och med v\u00e4nner som st\u00e5r p\u00e5 andra sidan. N\u00e4r de \u00e4r f\u00e4rdiga med att leka kan bilden enkelt torkas bort, vilket g\u00f6r ytan \u00e5teranv\u00e4ndbar. <\/p>\n<p>ME32539 l\u00e5sbara hjul kan k\u00f6pas separat f\u00f6r att underl\u00e4tta transport mellan rum och utomhusutrymmen. <\/p>\n<p>Funktioner: <\/p>\n<p>* &#8211; Inkluderar en stor transparent akrylyta som \u00e4r idealisk f\u00f6r m\u00e5lning.* &#8211; Speciella platser f\u00f6r f\u00e4rger, vattenbeh\u00e5llare och penslar.<br \/>\n* &#8211; 20 koppar ing\u00e5r (ME32287)<br \/>\n* &#8211; Vattent\u00e4t konstruktion, UV-, m\u00f6gel- och r\u00f6ta-resistent \u2013 perfekt f\u00f6r utomhusbruk.<br \/>\n* &#8211; Den perfekta l\u00f6sningen f\u00f6r sm\u00e5 konstn\u00e4rer, som kombinerar kreativitet med funktionalitet och bekv\u00e4mlighet!<br \/>\n* &#8211; M\u00e5larytan \u00e4r placerad i \u00f6vre kroppsh\u00f6jd \u2013 perfekt f\u00f6r \u00e4ldre barn<\/p>\n<p>Leksaken utvecklar:<\/p>\n<p>* &#8211; Utvecklar kreativitet och fantasi<br \/>\n* &#8211; L\u00e4r ut experimenterande med f\u00e4rger och m\u00e5lningstekniker<br \/>\n* &#8211; St\u00f6djer utvecklingen av visuell perception och motorisk koordination<br \/>\n* &#8211; Uppmuntrar samarbete och lek tillsammans<\/p>\n","protected":false},"excerpt":{"rendered":"<p>Den transparenta akrylm\u00e5lningsskivan med koppar \u00e4r en utm\u00e4rkt l\u00f6sning f\u00f6r barn som \u00e4lskar att m\u00e5la. Den g\u00f6r det m\u00f6jligt f\u00f6r dem att skapa sina egna konstverk med vattenf\u00e4rger eller akrylf\u00e4rger, och f\u00e4rgerna syns perfekt. Plastkoppar med en speciell f\u00f6rslutning som f\u00f6rhindrar att f\u00e4rgerna torkar ut \u00e4r perfekta f\u00f6r f\u00f6rvaring av f\u00e4rger och passar i s\u00e4rskilda [&hellip;]<\/p>\n","protected":false},"featured_media":0,"comment_status":"open","ping_status":"closed","template":"","meta":[],"product_brand":[],"product_cat":[33],"product_tag":[],"class_list":{"0":"post-16917","1":"product","2":"type-product","3":"status-publish","5":"product_cat-okategoriserad","7":"first","8":"instock","9":"shipping-taxable","10":"purchasable","11":"product-type-simple"},"_links":{"self":[{"href":"https:\/\/nordicmart.andreevmaster.com\/sv\/wp-json\/wp\/v2\/product\/16917","targetHints":{"allow":["GET"]}}],"collection":[{"href":"https:\/\/nordicmart.andreevmaster.com\/sv\/wp-json\/wp\/v2\/product"}],"about":[{"href":"https:\/\/nordicmart.andreevmaster.com\/sv\/wp-json\/wp\/v2\/types\/product"}],"replies":[{"embeddable":true,"href":"https:\/\/nordicmart.andreevmaster.com\/sv\/wp-json\/wp\/v2\/comments?post=16917"}],"wp:attachment":[{"href":"https:\/\/nordicmart.andreevmaster.com\/sv\/wp-json\/wp\/v2\/media?parent=16917"}],"wp:term":[{"taxonomy":"product_brand","embeddable":true,"href":"https:\/\/nordicmart.andreevmaster.com\/sv\/wp-json\/wp\/v2\/product_brand?post=16917"},{"taxonomy":"product_cat","embeddable":true,"href":"https:\/\/nordicmart.andreevmaster.com\/sv\/wp-json\/wp\/v2\/product_cat?post=16917"},{"taxonomy":"product_tag","embeddable":true,"href":"https:\/\/nordicmart.andreevmaster.com\/sv\/wp-json\/wp\/v2\/product_tag?post=16917"}],"curies":[{"name":"wp","href":"https:\/\/api.w.org\/{rel}","templated":true}]}}