{"id":16914,"date":"2026-02-27T00:32:46","date_gmt":"2026-02-27T00:32:46","guid":{"rendered":"https:\/\/nordicmart.andreevmaster.com\/product\/mini-gitarr-rolling-stones-keith-richards\/"},"modified":"2026-02-27T08:22:49","modified_gmt":"2026-02-27T08:22:49","slug":"mini-gitarr-rolling-stones-keith-richards","status":"publish","type":"product","link":"https:\/\/nordicmart.andreevmaster.com\/sv\/produkt\/mini-gitarr-rolling-stones-keith-richards\/","title":{"rendered":"Mini &#8211; gitarr &#8211; Rolling Stones -Keith Richards"},"content":{"rendered":"<p>Mini &#8211; gitarr &#8211; Rolling Stones -Keith Richards &nbsp;&nbsp;Produktinformation:&nbsp;Handgjord Mahognytr\u00e4 M\u00e5tt: h\u00f6jd 27,5 cm x bredd 9 cm x djup 0,8 cm Skala 1:4 Samlarobjekt Blisterf\u00f6rpackning Gitarrstativ ing\u00e5r Gitarren kan inte spelas p\u00e5 \u2013 den \u00e4r en dekorationsartikel Present till en fan av Rolling Stones&nbsp;&nbsp;S\u00e4ljaren har ingen anknytning till tillverkarna av de faktiska instrumenten eller de enskilda artisterna. Modellnamn eller artistnamn \u00e4r exempel. De v\u00e4lk\u00e4nda namnen anv\u00e4nds endast f\u00f6r att visa en viss musikstil. Inget av instrumenten \u00e4r trogna repliker vad g\u00e4ller proportioner, storlek och design. &nbsp;&nbsp;<\/p>\n","protected":false},"excerpt":{"rendered":"<p>Mini &#8211; gitarr &#8211; Rolling Stones -Keith Richards &nbsp;&nbsp;Produktinformation:&nbsp;Handgjord Mahognytr\u00e4 M\u00e5tt: h\u00f6jd 27,5 cm x bredd 9 cm x djup 0,8 cm Skala 1:4 Samlarobjekt Blisterf\u00f6rpackning Gitarrstativ ing\u00e5r Gitarren kan inte spelas p\u00e5 \u2013 den \u00e4r en dekorationsartikel Present till en fan av Rolling Stones&nbsp;&nbsp;S\u00e4ljaren har ingen anknytning till tillverkarna av de faktiska instrumenten eller [&hellip;]<\/p>\n","protected":false},"featured_media":44437,"comment_status":"open","ping_status":"closed","template":"","meta":[],"product_brand":[],"product_cat":[33],"product_tag":[],"class_list":{"0":"post-16914","1":"product","2":"type-product","3":"status-publish","4":"has-post-thumbnail","6":"product_cat-okategoriserad","8":"first","9":"instock","10":"shipping-taxable","11":"purchasable","12":"product-type-simple"},"_links":{"self":[{"href":"https:\/\/nordicmart.andreevmaster.com\/sv\/wp-json\/wp\/v2\/product\/16914","targetHints":{"allow":["GET"]}}],"collection":[{"href":"https:\/\/nordicmart.andreevmaster.com\/sv\/wp-json\/wp\/v2\/product"}],"about":[{"href":"https:\/\/nordicmart.andreevmaster.com\/sv\/wp-json\/wp\/v2\/types\/product"}],"replies":[{"embeddable":true,"href":"https:\/\/nordicmart.andreevmaster.com\/sv\/wp-json\/wp\/v2\/comments?post=16914"}],"wp:featuredmedia":[{"embeddable":true,"href":"https:\/\/nordicmart.andreevmaster.com\/sv\/wp-json\/wp\/v2\/media\/44437"}],"wp:attachment":[{"href":"https:\/\/nordicmart.andreevmaster.com\/sv\/wp-json\/wp\/v2\/media?parent=16914"}],"wp:term":[{"taxonomy":"product_brand","embeddable":true,"href":"https:\/\/nordicmart.andreevmaster.com\/sv\/wp-json\/wp\/v2\/product_brand?post=16914"},{"taxonomy":"product_cat","embeddable":true,"href":"https:\/\/nordicmart.andreevmaster.com\/sv\/wp-json\/wp\/v2\/product_cat?post=16914"},{"taxonomy":"product_tag","embeddable":true,"href":"https:\/\/nordicmart.andreevmaster.com\/sv\/wp-json\/wp\/v2\/product_tag?post=16914"}],"curies":[{"name":"wp","href":"https:\/\/api.w.org\/{rel}","templated":true}]}}