{"id":16913,"date":"2026-02-27T00:32:45","date_gmt":"2026-02-27T00:32:45","guid":{"rendered":"https:\/\/nordicmart.andreevmaster.com\/product\/masterkidz-hjul-for-fristaende-stem-tavlor-4-st\/"},"modified":"2026-02-27T08:22:49","modified_gmt":"2026-02-27T08:22:49","slug":"masterkidz-hjul-for-fristaende-stem-tavlor-4-st","status":"publish","type":"product","link":"https:\/\/nordicmart.andreevmaster.com\/sv\/produkt\/masterkidz-hjul-for-fristaende-stem-tavlor-4-st\/","title":{"rendered":"MASTERKIDZ Hjul f\u00f6r frist\u00e5ende STEM-tavlor, 4 st."},"content":{"rendered":"<p>Br\u00e4dhjul \u00e4r den perfekta produkten f\u00f6r att enkelt flytta din br\u00e4da efter behov. Dessa h\u00f6gkvalitativa hjul \u00e4r designade f\u00f6r br\u00e4dor f\u00f6r utomhus- och inomhusbruk och ger stabilitet och r\u00f6rlighet, s\u00e5 att du enkelt kan flytta din br\u00e4da utan on\u00f6dig anstr\u00e4ngning.<\/p>\n<p>Funktioner:<\/p>\n<p>* &#8211; 4 hjul ing\u00e5r<br \/>\n* &#8211; Hjulen har ett l\u00e5s som f\u00f6rhindrar att br\u00e4dan r\u00f6r sig.* &#8211; Hjulen \u00e4r universella, s\u00e5 de passar de flesta br\u00e4dor.<\/p>\n","protected":false},"excerpt":{"rendered":"<p>Br\u00e4dhjul \u00e4r den perfekta produkten f\u00f6r att enkelt flytta din br\u00e4da efter behov. Dessa h\u00f6gkvalitativa hjul \u00e4r designade f\u00f6r br\u00e4dor f\u00f6r utomhus- och inomhusbruk och ger stabilitet och r\u00f6rlighet, s\u00e5 att du enkelt kan flytta din br\u00e4da utan on\u00f6dig anstr\u00e4ngning. Funktioner: * &#8211; 4 hjul ing\u00e5r * &#8211; Hjulen har ett l\u00e5s som f\u00f6rhindrar att [&hellip;]<\/p>\n","protected":false},"featured_media":0,"comment_status":"open","ping_status":"closed","template":"","meta":[],"product_brand":[],"product_cat":[33],"product_tag":[],"class_list":{"0":"post-16913","1":"product","2":"type-product","3":"status-publish","5":"product_cat-okategoriserad","7":"first","8":"instock","9":"shipping-taxable","10":"purchasable","11":"product-type-simple"},"_links":{"self":[{"href":"https:\/\/nordicmart.andreevmaster.com\/sv\/wp-json\/wp\/v2\/product\/16913","targetHints":{"allow":["GET"]}}],"collection":[{"href":"https:\/\/nordicmart.andreevmaster.com\/sv\/wp-json\/wp\/v2\/product"}],"about":[{"href":"https:\/\/nordicmart.andreevmaster.com\/sv\/wp-json\/wp\/v2\/types\/product"}],"replies":[{"embeddable":true,"href":"https:\/\/nordicmart.andreevmaster.com\/sv\/wp-json\/wp\/v2\/comments?post=16913"}],"wp:attachment":[{"href":"https:\/\/nordicmart.andreevmaster.com\/sv\/wp-json\/wp\/v2\/media?parent=16913"}],"wp:term":[{"taxonomy":"product_brand","embeddable":true,"href":"https:\/\/nordicmart.andreevmaster.com\/sv\/wp-json\/wp\/v2\/product_brand?post=16913"},{"taxonomy":"product_cat","embeddable":true,"href":"https:\/\/nordicmart.andreevmaster.com\/sv\/wp-json\/wp\/v2\/product_cat?post=16913"},{"taxonomy":"product_tag","embeddable":true,"href":"https:\/\/nordicmart.andreevmaster.com\/sv\/wp-json\/wp\/v2\/product_tag?post=16913"}],"curies":[{"name":"wp","href":"https:\/\/api.w.org\/{rel}","templated":true}]}}