{"id":16912,"date":"2026-02-27T00:32:45","date_gmt":"2026-02-27T00:32:45","guid":{"rendered":"https:\/\/nordicmart.andreevmaster.com\/product\/masterkidz-mix-gear-set-for-stem-vaggpaneler-198-st\/"},"modified":"2026-02-27T08:22:49","modified_gmt":"2026-02-27T08:22:49","slug":"masterkidz-mix-gear-set-for-stem-vaggpaneler-198-st","status":"publish","type":"product","link":"https:\/\/nordicmart.andreevmaster.com\/sv\/produkt\/masterkidz-mix-gear-set-for-stem-vaggpaneler-198-st\/","title":{"rendered":"MASTERKIDZ Mix Gear Set f\u00f6r STEM-v\u00e4ggpaneler, 198 st."},"content":{"rendered":"<p>Ett set med f\u00e4rgglada kugghjul och v\u00e4xlar som g\u00f6r det m\u00f6jligt att bygga komplexa mekanismer. Leksaken monteras p\u00e5 Masterkidz STEM Science and Creative Board med hj\u00e4lp av speciella Masterkidz-skruvar. Att leka med v\u00e4xlar f\u00f6rb\u00e4ttrar barns motorik, logiska t\u00e4nkande och kreativitet.<\/p>\n<p>Egenskaper:<\/p>\n<p>* &#8211; Barn \u00e4lskar kugghjul och mekanismer. De \u00e4r fascinerande \u2013 de roterar och griper in i varandra. De fungerar som en enda organism. Att se s\u00e5dana mekanismer i funktion ger mycket tillfredsst\u00e4llelse och gl\u00e4dje.* &#8211; Masterkidz kugghjuls- och kugghjulsset \u00e4r utformat f\u00f6r montering i deras specialiserade Masterkidz STEM-system. Varje \u00f6nskat element ska skruvas fast p\u00e5 den pedagogiska v\u00e4ggen med hj\u00e4lp av specialskruvar anpassade f\u00f6r Masterkidz barnverktyg. Setet inneh\u00e5ller 198 element: &#8211; Kugghjulskedja<br \/>\n* &#8211; 2 remskivor<br \/>\n* &#8211; 6 vita pinnar<br \/>\n* &#8211; 76 skruvar (i tre olika storlekar)<br \/>\n* &#8211; 40 muttrar<br \/>\n* &#8211; 16 L-formade f\u00e4sten<br \/>\n* &#8211; 4 platta f\u00e4sten<br \/>\n* &#8211; 2 x fyllda STEM-paneler<br \/>\n* &#8211; Vindkvarn<br \/>\n* &#8211; 3 x manuella skruvmejslar<\/p>\n<p>Observera! Detta \u00e4r ett tillbeh\u00f6rsset f\u00f6r tavlor eller bord. Tavlorna eller borden som visas p\u00e5 illustrativa bilder kan k\u00f6pas separat.<\/p>\n<p>Setet \u00e4r kompatibelt med tavlor som: ME25111; ME15365; ME11343.<\/p>\n","protected":false},"excerpt":{"rendered":"<p>Ett set med f\u00e4rgglada kugghjul och v\u00e4xlar som g\u00f6r det m\u00f6jligt att bygga komplexa mekanismer. Leksaken monteras p\u00e5 Masterkidz STEM Science and Creative Board med hj\u00e4lp av speciella Masterkidz-skruvar. Att leka med v\u00e4xlar f\u00f6rb\u00e4ttrar barns motorik, logiska t\u00e4nkande och kreativitet. Egenskaper: * &#8211; Barn \u00e4lskar kugghjul och mekanismer. De \u00e4r fascinerande \u2013 de roterar och [&hellip;]<\/p>\n","protected":false},"featured_media":0,"comment_status":"open","ping_status":"closed","template":"","meta":[],"product_brand":[],"product_cat":[33],"product_tag":[],"class_list":{"0":"post-16912","1":"product","2":"type-product","3":"status-publish","5":"product_cat-okategoriserad","7":"first","8":"instock","9":"shipping-taxable","10":"purchasable","11":"product-type-simple"},"_links":{"self":[{"href":"https:\/\/nordicmart.andreevmaster.com\/sv\/wp-json\/wp\/v2\/product\/16912","targetHints":{"allow":["GET"]}}],"collection":[{"href":"https:\/\/nordicmart.andreevmaster.com\/sv\/wp-json\/wp\/v2\/product"}],"about":[{"href":"https:\/\/nordicmart.andreevmaster.com\/sv\/wp-json\/wp\/v2\/types\/product"}],"replies":[{"embeddable":true,"href":"https:\/\/nordicmart.andreevmaster.com\/sv\/wp-json\/wp\/v2\/comments?post=16912"}],"wp:attachment":[{"href":"https:\/\/nordicmart.andreevmaster.com\/sv\/wp-json\/wp\/v2\/media?parent=16912"}],"wp:term":[{"taxonomy":"product_brand","embeddable":true,"href":"https:\/\/nordicmart.andreevmaster.com\/sv\/wp-json\/wp\/v2\/product_brand?post=16912"},{"taxonomy":"product_cat","embeddable":true,"href":"https:\/\/nordicmart.andreevmaster.com\/sv\/wp-json\/wp\/v2\/product_cat?post=16912"},{"taxonomy":"product_tag","embeddable":true,"href":"https:\/\/nordicmart.andreevmaster.com\/sv\/wp-json\/wp\/v2\/product_tag?post=16912"}],"curies":[{"name":"wp","href":"https:\/\/api.w.org\/{rel}","templated":true}]}}