{"id":16911,"date":"2026-02-27T00:32:45","date_gmt":"2026-02-27T00:32:45","guid":{"rendered":"https:\/\/nordicmart.andreevmaster.com\/product\/masterkidz-set-med-geometriska-former-for-vaggpaneler-stem-260-st\/"},"modified":"2026-02-27T08:22:49","modified_gmt":"2026-02-27T08:22:49","slug":"masterkidz-set-med-geometriska-former-for-vaggpaneler-stem-260-st","status":"publish","type":"product","link":"https:\/\/nordicmart.andreevmaster.com\/sv\/produkt\/masterkidz-set-med-geometriska-former-for-vaggpaneler-stem-260-st\/","title":{"rendered":"MASTERKIDZ Set med geometriska former f\u00f6r v\u00e4ggpaneler STEM 260 st."},"content":{"rendered":"<p>Satsen inneh\u00e5ller 260 element som m\u00f6jligg\u00f6r kreativt byggande och l\u00e4rande inom STEM. Den best\u00e5r av olika former (kvadrater, trianglar, cirklar, halvcirkel) i fyra f\u00e4rger (r\u00f6d, gr\u00f6n, gul, bl\u00e5) och platta remsor med raka och rektangul\u00e4ra former. Alla element har h\u00e5l som g\u00f6r att de kan f\u00e4stas p\u00e5 en yta med skruvar. Barnen kan skapa projekt p\u00e5 egen hand eller i grupp och l\u00e4ra sig att planera, v\u00e4lja element, l\u00e4gga till detaljer och f\u00f6rfina sina skapelser. Setet utvecklar matematiska, rumsliga och kreativa f\u00e4rdigheter och uppmuntrar till skapandet av symmetriska och realistiska modeller som blommor och andra strukturer. Det kan anv\u00e4ndas i olika milj\u00f6er, t.ex. p\u00e5 STEM-v\u00e4ggar, bord eller vagnar.<br \/>\nSatsen inneh\u00e5ller:<br \/>\n* &#8211; 32 element i 2 f\u00e4rger och 8 olika former.<br \/>\n* &#8211; 14 element i 4 f\u00e4rger och 5 olika former.* &#8211; 96 skruvar i 6 olika f\u00e4rger<br \/>\n* &#8211; 12 distanser<br \/>\n* &#8211; 40 muttrar<br \/>\n* &#8211; 2 skruvmejslar<\/p>\n<p>Observera! Detta \u00e4r ett set med tillbeh\u00f6r f\u00f6r tavlor eller bord. Tavlorna och borden som visas p\u00e5 illustrativa bilder kan k\u00f6pas separat.<\/p>\n<p>Satsen \u00e4r kompatibel med br\u00e4dor som: ME25111; ME15365; ME11343.<\/p>\n","protected":false},"excerpt":{"rendered":"<p>Satsen inneh\u00e5ller 260 element som m\u00f6jligg\u00f6r kreativt byggande och l\u00e4rande inom STEM. Den best\u00e5r av olika former (kvadrater, trianglar, cirklar, halvcirkel) i fyra f\u00e4rger (r\u00f6d, gr\u00f6n, gul, bl\u00e5) och platta remsor med raka och rektangul\u00e4ra former. Alla element har h\u00e5l som g\u00f6r att de kan f\u00e4stas p\u00e5 en yta med skruvar. Barnen kan skapa projekt [&hellip;]<\/p>\n","protected":false},"featured_media":0,"comment_status":"open","ping_status":"closed","template":"","meta":[],"product_brand":[],"product_cat":[33],"product_tag":[],"class_list":{"0":"post-16911","1":"product","2":"type-product","3":"status-publish","5":"product_cat-okategoriserad","7":"first","8":"instock","9":"shipping-taxable","10":"purchasable","11":"product-type-simple"},"_links":{"self":[{"href":"https:\/\/nordicmart.andreevmaster.com\/sv\/wp-json\/wp\/v2\/product\/16911","targetHints":{"allow":["GET"]}}],"collection":[{"href":"https:\/\/nordicmart.andreevmaster.com\/sv\/wp-json\/wp\/v2\/product"}],"about":[{"href":"https:\/\/nordicmart.andreevmaster.com\/sv\/wp-json\/wp\/v2\/types\/product"}],"replies":[{"embeddable":true,"href":"https:\/\/nordicmart.andreevmaster.com\/sv\/wp-json\/wp\/v2\/comments?post=16911"}],"wp:attachment":[{"href":"https:\/\/nordicmart.andreevmaster.com\/sv\/wp-json\/wp\/v2\/media?parent=16911"}],"wp:term":[{"taxonomy":"product_brand","embeddable":true,"href":"https:\/\/nordicmart.andreevmaster.com\/sv\/wp-json\/wp\/v2\/product_brand?post=16911"},{"taxonomy":"product_cat","embeddable":true,"href":"https:\/\/nordicmart.andreevmaster.com\/sv\/wp-json\/wp\/v2\/product_cat?post=16911"},{"taxonomy":"product_tag","embeddable":true,"href":"https:\/\/nordicmart.andreevmaster.com\/sv\/wp-json\/wp\/v2\/product_tag?post=16911"}],"curies":[{"name":"wp","href":"https:\/\/api.w.org\/{rel}","templated":true}]}}