{"id":16910,"date":"2026-02-27T00:32:45","date_gmt":"2026-02-27T00:32:45","guid":{"rendered":"https:\/\/nordicmart.andreevmaster.com\/product\/masterkidz-stem-workbench-accessory-set-111-pcs-2\/"},"modified":"2026-02-27T08:22:49","modified_gmt":"2026-02-27T08:22:49","slug":"masterkidz-stem-workbench-accessory-set-111-pcs-2","status":"publish","type":"product","link":"https:\/\/nordicmart.andreevmaster.com\/sv\/produkt\/masterkidz-stem-workbench-accessory-set-111-pcs-2\/","title":{"rendered":"MASTERKIDZ STEM Workbench Accessory Set, 111 pcs."},"content":{"rendered":"<p>Ett set med f\u00e4rgglada kugghjul och v\u00e4xlar som g\u00f6r det m\u00f6jligt att konstruera komplexa mekanismer. Leksaken monteras p\u00e5 Masterkidz STEM Workshop Board med hj\u00e4lp av speciella Masterkidz-skruvar. Att leka med kugghjul f\u00f6rb\u00e4ttrar barns motorik, logiska t\u00e4nkande och kreativitet.<\/p>\n<p>* &#8211; Barn \u00e4lskar kugghjul och mekanismer. De \u00e4r fascinerande \u2013 de roterar och griper in i varandra. De fungerar som en enda organism. Att se s\u00e5dana mekanismer i funktion ger mycket tillfredsst\u00e4llelse och gl\u00e4dje.<br \/>\n* &#8211; Masterkidz kugghjulsset \u00e4r utformat f\u00f6r montering i deras specialiserade Masterkidz STEM-system. Varje \u00f6nskat element ska skruvas fast p\u00e5 den pedagogiska v\u00e4ggen med hj\u00e4lp av specialskruvar anpassade f\u00f6r Masterkidz barnverktyg.<\/p>\n<p>Setet inneh\u00e5ller:<\/p>\n<p>&#8211; 1 kugghjul med vev.<\/p>\n<p>&#8211; 4 stora kugghjul med 16 t\u00e4nder.<\/p>\n<p>&#8211; 8 f\u00e4rgade kugghjul med 12 t\u00e4nder.<\/p>\n<p>&#8211; 4 f\u00e4rgade kedjehjul med 6 t\u00e4nder.<\/p>\n<p>&#8211; Kedja med justerbar l\u00e4ngd.<\/p>\n<p>&#8211; Kedja f\u00f6r att skapa r\u00f6rliga strukturer.<\/p>\n<p>&#8211; 34 skruvar i olika storlekar.<\/p>\n<p>&#8211; 20 muttrar f\u00f6r skruvar.- 2 brickor f\u00f6r kugghjul i olika storlekar. &#8211; Byggsats f\u00f6r kulbana best\u00e5ende av 35 delar. &#8211; Kula. Observera! Detta \u00e4r en sats med tillbeh\u00f6r f\u00f6r br\u00e4dor eller bord. Br\u00e4dorna och borden som visas p\u00e5 illustrativa bilder kan k\u00f6pas separat. Satsen \u00e4r kompatibel med produkterna ME29591 och ME29584.<\/p>\n","protected":false},"excerpt":{"rendered":"<p>Ett set med f\u00e4rgglada kugghjul och v\u00e4xlar som g\u00f6r det m\u00f6jligt att konstruera komplexa mekanismer. Leksaken monteras p\u00e5 Masterkidz STEM Workshop Board med hj\u00e4lp av speciella Masterkidz-skruvar. Att leka med kugghjul f\u00f6rb\u00e4ttrar barns motorik, logiska t\u00e4nkande och kreativitet. * &#8211; Barn \u00e4lskar kugghjul och mekanismer. De \u00e4r fascinerande \u2013 de roterar och griper in i [&hellip;]<\/p>\n","protected":false},"featured_media":0,"comment_status":"open","ping_status":"closed","template":"","meta":[],"product_brand":[],"product_cat":[33],"product_tag":[],"class_list":{"0":"post-16910","1":"product","2":"type-product","3":"status-publish","5":"product_cat-okategoriserad","7":"first","8":"instock","9":"shipping-taxable","10":"purchasable","11":"product-type-simple"},"_links":{"self":[{"href":"https:\/\/nordicmart.andreevmaster.com\/sv\/wp-json\/wp\/v2\/product\/16910","targetHints":{"allow":["GET"]}}],"collection":[{"href":"https:\/\/nordicmart.andreevmaster.com\/sv\/wp-json\/wp\/v2\/product"}],"about":[{"href":"https:\/\/nordicmart.andreevmaster.com\/sv\/wp-json\/wp\/v2\/types\/product"}],"replies":[{"embeddable":true,"href":"https:\/\/nordicmart.andreevmaster.com\/sv\/wp-json\/wp\/v2\/comments?post=16910"}],"wp:attachment":[{"href":"https:\/\/nordicmart.andreevmaster.com\/sv\/wp-json\/wp\/v2\/media?parent=16910"}],"wp:term":[{"taxonomy":"product_brand","embeddable":true,"href":"https:\/\/nordicmart.andreevmaster.com\/sv\/wp-json\/wp\/v2\/product_brand?post=16910"},{"taxonomy":"product_cat","embeddable":true,"href":"https:\/\/nordicmart.andreevmaster.com\/sv\/wp-json\/wp\/v2\/product_cat?post=16910"},{"taxonomy":"product_tag","embeddable":true,"href":"https:\/\/nordicmart.andreevmaster.com\/sv\/wp-json\/wp\/v2\/product_tag?post=16910"}],"curies":[{"name":"wp","href":"https:\/\/api.w.org\/{rel}","templated":true}]}}