{"id":16908,"date":"2026-02-27T00:32:44","date_gmt":"2026-02-27T00:32:44","guid":{"rendered":"https:\/\/nordicmart.andreevmaster.com\/product\/masterkidz-transparent-akrylmalarbrada\/"},"modified":"2026-02-27T08:22:48","modified_gmt":"2026-02-27T08:22:48","slug":"masterkidz-transparent-akrylmalarbrada","status":"publish","type":"product","link":"https:\/\/nordicmart.andreevmaster.com\/sv\/produkt\/masterkidz-transparent-akrylmalarbrada\/","title":{"rendered":"MASTERKIDZ Transparent akrylm\u00e5larbr\u00e4da"},"content":{"rendered":"<p>Den transparenta akrylm\u00e5lningsskivan \u00e4r en utm\u00e4rkt l\u00f6sning f\u00f6r barn som \u00e4lskar att m\u00e5la. Den g\u00f6r det m\u00f6jligt f\u00f6r dem att skapa sina egna konstverk med vattenf\u00e4rger eller akrylf\u00e4rger, och f\u00e4rgerna syns perfekt. Den transparenta ytan g\u00f6r att barnen kan se igenom den och m\u00e5la det de ser \u2013 landskap, f\u00f6rem\u00e5l eller till och med v\u00e4nner som st\u00e5r p\u00e5 andra sidan. Tack vare hjulen kan skivorna enkelt flyttas, vilket g\u00f6r det l\u00e4tt att transportera dem mellan klassrum eller utomhus. N\u00e4r lektiden \u00e4r \u00f6ver kan bilden enkelt torkas bort, vilket g\u00f6r ytan \u00e5teranv\u00e4ndbar. L\u00e5sbara hjul ME32539 finns att k\u00f6pa, vilket underl\u00e4ttar transport mellan klassrum och utomhusutrymmen. Egenskaper: &#8211; Inkluderar en stor transparent akrylyta f\u00f6r m\u00e5lning. &#8211; N\u00e5r \u00e4nda ner till golvet, vilket g\u00f6r att barn i alla \u00e5ldrar kan arbeta bekv\u00e4mt. &#8211; Vattent\u00e4t konstruktion, motst\u00e5ndskraftig mot UV-str\u00e5lning, m\u00f6gel och r\u00f6ta \u2013 idealisk f\u00f6r utomhusbruk. <\/p>\n<p>Leksaken utvecklar: <\/p>\n<p>* &#8211; Kreativitet och fantasi.<br \/>\n* &#8211; L\u00e4r ut experimenterande med f\u00e4rger och m\u00e5lningstekniker.<br \/>\n* &#8211; St\u00f6djer utvecklingen av visuell perception och motorisk koordination.<br \/>\n* &#8211; Uppmuntrar samarbete och lek tillsammans.<\/p>\n","protected":false},"excerpt":{"rendered":"<p>Den transparenta akrylm\u00e5lningsskivan \u00e4r en utm\u00e4rkt l\u00f6sning f\u00f6r barn som \u00e4lskar att m\u00e5la. Den g\u00f6r det m\u00f6jligt f\u00f6r dem att skapa sina egna konstverk med vattenf\u00e4rger eller akrylf\u00e4rger, och f\u00e4rgerna syns perfekt. Den transparenta ytan g\u00f6r att barnen kan se igenom den och m\u00e5la det de ser \u2013 landskap, f\u00f6rem\u00e5l eller till och med v\u00e4nner [&hellip;]<\/p>\n","protected":false},"featured_media":0,"comment_status":"open","ping_status":"closed","template":"","meta":[],"product_brand":[],"product_cat":[33],"product_tag":[],"class_list":{"0":"post-16908","1":"product","2":"type-product","3":"status-publish","5":"product_cat-okategoriserad","7":"first","8":"instock","9":"shipping-taxable","10":"purchasable","11":"product-type-simple"},"_links":{"self":[{"href":"https:\/\/nordicmart.andreevmaster.com\/sv\/wp-json\/wp\/v2\/product\/16908","targetHints":{"allow":["GET"]}}],"collection":[{"href":"https:\/\/nordicmart.andreevmaster.com\/sv\/wp-json\/wp\/v2\/product"}],"about":[{"href":"https:\/\/nordicmart.andreevmaster.com\/sv\/wp-json\/wp\/v2\/types\/product"}],"replies":[{"embeddable":true,"href":"https:\/\/nordicmart.andreevmaster.com\/sv\/wp-json\/wp\/v2\/comments?post=16908"}],"wp:attachment":[{"href":"https:\/\/nordicmart.andreevmaster.com\/sv\/wp-json\/wp\/v2\/media?parent=16908"}],"wp:term":[{"taxonomy":"product_brand","embeddable":true,"href":"https:\/\/nordicmart.andreevmaster.com\/sv\/wp-json\/wp\/v2\/product_brand?post=16908"},{"taxonomy":"product_cat","embeddable":true,"href":"https:\/\/nordicmart.andreevmaster.com\/sv\/wp-json\/wp\/v2\/product_cat?post=16908"},{"taxonomy":"product_tag","embeddable":true,"href":"https:\/\/nordicmart.andreevmaster.com\/sv\/wp-json\/wp\/v2\/product_tag?post=16908"}],"curies":[{"name":"wp","href":"https:\/\/api.w.org\/{rel}","templated":true}]}}