{"id":16907,"date":"2026-02-27T00:32:44","date_gmt":"2026-02-27T00:32:44","guid":{"rendered":"https:\/\/nordicmart.andreevmaster.com\/product\/masterkidz-rakne-och-farglarningspussel-montessori-sorter\/"},"modified":"2026-02-27T08:22:48","modified_gmt":"2026-02-27T08:22:48","slug":"masterkidz-rakne-och-farglarningspussel-montessori-sorter","status":"publish","type":"product","link":"https:\/\/nordicmart.andreevmaster.com\/sv\/produkt\/masterkidz-rakne-och-farglarningspussel-montessori-sorter\/","title":{"rendered":"MASTERKIDZ R\u00e4kne- och f\u00e4rgl\u00e4rningspussel Montessori Sorter"},"content":{"rendered":"<p>Denna pedagogiska tavla \u00e4r ett fantastiskt sekvenspussel f\u00f6r barn fr\u00e5n 2 \u00e5r. Satsen inneh\u00e5ller 6 upps\u00e4ttningar f\u00e4rgglada ringar som kan anv\u00e4ndas f\u00f6r lek, f\u00e4rgl\u00e4rning, sortering och sekvensering. Barnen kan ordna ringarna i en viss ordning eller skapa egna sekvenser. Utrymmet framf\u00f6r stavarna g\u00f6r det m\u00f6jligt att ordna sekvensblock, vilket \u00e4r utmanande och utvecklar koncentration, rumslig medvetenhet, logiskt t\u00e4nkande och f\u00e4rgigenk\u00e4nningsf\u00f6rm\u00e5ga. <\/p>\n<p>* &#8211; Leksak f\u00f6r barn fr\u00e5n 2 \u00e5r.* &#8211; Setet best\u00e5r av 30 f\u00e4rgglada ringar (6 set med 5 delar i liknande f\u00e4rger)<br \/>\n* &#8211; Hj\u00e4lper barn att f\u00f6rst\u00e5 sekvenser och f\u00e4rgmatchning<br \/>\n* &#8211; Tr\u00e4sorterare f\u00f6r f\u00e4rgigenk\u00e4nning och att l\u00e4ra sig r\u00e4kna<\/p>\n<p>Leksaken utvecklar:<\/p>\n<p>* &#8211; motoriska f\u00e4rdigheter<br \/>\n* &#8211; sensoriska f\u00e4rdigheter<br \/>\n* &#8211; hand-\u00f6ga-koordination<\/p>\n","protected":false},"excerpt":{"rendered":"<p>Denna pedagogiska tavla \u00e4r ett fantastiskt sekvenspussel f\u00f6r barn fr\u00e5n 2 \u00e5r. Satsen inneh\u00e5ller 6 upps\u00e4ttningar f\u00e4rgglada ringar som kan anv\u00e4ndas f\u00f6r lek, f\u00e4rgl\u00e4rning, sortering och sekvensering. Barnen kan ordna ringarna i en viss ordning eller skapa egna sekvenser. Utrymmet framf\u00f6r stavarna g\u00f6r det m\u00f6jligt att ordna sekvensblock, vilket \u00e4r utmanande och utvecklar koncentration, rumslig [&hellip;]<\/p>\n","protected":false},"featured_media":0,"comment_status":"open","ping_status":"closed","template":"","meta":[],"product_brand":[],"product_cat":[33],"product_tag":[],"class_list":{"0":"post-16907","1":"product","2":"type-product","3":"status-publish","5":"product_cat-okategoriserad","7":"first","8":"instock","9":"shipping-taxable","10":"purchasable","11":"product-type-simple"},"_links":{"self":[{"href":"https:\/\/nordicmart.andreevmaster.com\/sv\/wp-json\/wp\/v2\/product\/16907","targetHints":{"allow":["GET"]}}],"collection":[{"href":"https:\/\/nordicmart.andreevmaster.com\/sv\/wp-json\/wp\/v2\/product"}],"about":[{"href":"https:\/\/nordicmart.andreevmaster.com\/sv\/wp-json\/wp\/v2\/types\/product"}],"replies":[{"embeddable":true,"href":"https:\/\/nordicmart.andreevmaster.com\/sv\/wp-json\/wp\/v2\/comments?post=16907"}],"wp:attachment":[{"href":"https:\/\/nordicmart.andreevmaster.com\/sv\/wp-json\/wp\/v2\/media?parent=16907"}],"wp:term":[{"taxonomy":"product_brand","embeddable":true,"href":"https:\/\/nordicmart.andreevmaster.com\/sv\/wp-json\/wp\/v2\/product_brand?post=16907"},{"taxonomy":"product_cat","embeddable":true,"href":"https:\/\/nordicmart.andreevmaster.com\/sv\/wp-json\/wp\/v2\/product_cat?post=16907"},{"taxonomy":"product_tag","embeddable":true,"href":"https:\/\/nordicmart.andreevmaster.com\/sv\/wp-json\/wp\/v2\/product_tag?post=16907"}],"curies":[{"name":"wp","href":"https:\/\/api.w.org\/{rel}","templated":true}]}}