{"id":16906,"date":"2026-02-27T00:32:44","date_gmt":"2026-02-27T00:32:44","guid":{"rendered":"https:\/\/nordicmart.andreevmaster.com\/product\/masterkidz-set-med-siffror-och-tecken-for-att-lara-sig-rakna-och-matematik-for-stem-vaggpaneler-82-delar\/"},"modified":"2026-02-27T08:22:48","modified_gmt":"2026-02-27T08:22:48","slug":"masterkidz-set-med-siffror-och-tecken-for-att-lara-sig-rakna-och-matematik-for-stem-vaggpaneler-82-delar","status":"publish","type":"product","link":"https:\/\/nordicmart.andreevmaster.com\/sv\/produkt\/masterkidz-set-med-siffror-och-tecken-for-att-lara-sig-rakna-och-matematik-for-stem-vaggpaneler-82-delar\/","title":{"rendered":"MASTERKIDZ Set med siffror och tecken f\u00f6r att l\u00e4ra sig r\u00e4kna och matematik f\u00f6r STEM-v\u00e4ggpaneler, 82 delar"},"content":{"rendered":"<p>Den 82-delade siffersatsen f\u00f6r att l\u00e4ra sig r\u00e4kna \u00e4r en komplett sats som \u00e4r ett utm\u00e4rkt verktyg f\u00f6r att l\u00e4ra barn matematik. Den inneh\u00e5ller 40 siffror och symboler f\u00f6r matematiska operationer och ekvationer, vilket g\u00f6r det m\u00f6jligt att skapa enkla aritmetiska operationer. Delarna i satsen \u00e4r tillr\u00e4ckligt stora f\u00f6r att vara l\u00e4tta att h\u00e5lla och matcha, och deras lila f\u00e4rg drar uppm\u00e4rksamheten till sig. Satsen passar perfekt p\u00e5 STEM-v\u00e4ggar. Den hj\u00e4lper barn att l\u00e4ra sig r\u00e4kna, f\u00f6rst\u00e5 siffror och utf\u00f6ra grundl\u00e4ggande matematiska operationer som addition, subtraktion, multiplikation och division. Det \u00e4r ett utm\u00e4rkt verktyg f\u00f6r att st\u00f6dja utvecklingen av matematiska f\u00e4rdigheter hos unga elever.<\/p>\n<p>Egenskaper:<\/p>\n<p>* &#8211; Delarna har r\u00e4tt storlek f\u00f6r sm\u00e5 h\u00e4nder och passar alla STEM-v\u00e4ggar eller STEM-ytor.<br \/>\n* &#8211;  Perfekt som ett f\u00f6rst\u00e4rkningsverktyg f\u00f6r att r\u00e4kna, bas 10-tal,<br \/>\n* &#8211; Perfekt f\u00f6r anv\u00e4ndning i enkla taloperationer \u2013 multiplikation, division, addition och subtraktion.<\/p>\n<p>Satsen inneh\u00e5ller:<\/p>\n<p>* &#8211; 40 siffror (4 set fr\u00e5n 0 till 9)<br \/>\n* &#8211; 4 set med operationssymboler (+, -, x och \/)<br \/>\n* &#8211; 8 x likhetstecken (=)<br \/>\n* &#8211; 6 plattor<br \/>\n* &#8211; 12 skruvar<\/p>\n<p>Observera! Detta \u00e4r en upps\u00e4ttning tillbeh\u00f6r f\u00f6r tavlor eller bord. Tavlorna och borden som visas p\u00e5 illustrativa bilder kan k\u00f6pas separat. <\/p>\n<p>Satsen \u00e4r kompatibel med tavlor som: ME25111; ME15365; ME11343.<\/p>\n","protected":false},"excerpt":{"rendered":"<p>Den 82-delade siffersatsen f\u00f6r att l\u00e4ra sig r\u00e4kna \u00e4r en komplett sats som \u00e4r ett utm\u00e4rkt verktyg f\u00f6r att l\u00e4ra barn matematik. Den inneh\u00e5ller 40 siffror och symboler f\u00f6r matematiska operationer och ekvationer, vilket g\u00f6r det m\u00f6jligt att skapa enkla aritmetiska operationer. Delarna i satsen \u00e4r tillr\u00e4ckligt stora f\u00f6r att vara l\u00e4tta att h\u00e5lla och [&hellip;]<\/p>\n","protected":false},"featured_media":0,"comment_status":"open","ping_status":"closed","template":"","meta":[],"product_brand":[],"product_cat":[33],"product_tag":[],"class_list":{"0":"post-16906","1":"product","2":"type-product","3":"status-publish","5":"product_cat-okategoriserad","7":"first","8":"instock","9":"shipping-taxable","10":"purchasable","11":"product-type-simple"},"_links":{"self":[{"href":"https:\/\/nordicmart.andreevmaster.com\/sv\/wp-json\/wp\/v2\/product\/16906","targetHints":{"allow":["GET"]}}],"collection":[{"href":"https:\/\/nordicmart.andreevmaster.com\/sv\/wp-json\/wp\/v2\/product"}],"about":[{"href":"https:\/\/nordicmart.andreevmaster.com\/sv\/wp-json\/wp\/v2\/types\/product"}],"replies":[{"embeddable":true,"href":"https:\/\/nordicmart.andreevmaster.com\/sv\/wp-json\/wp\/v2\/comments?post=16906"}],"wp:attachment":[{"href":"https:\/\/nordicmart.andreevmaster.com\/sv\/wp-json\/wp\/v2\/media?parent=16906"}],"wp:term":[{"taxonomy":"product_brand","embeddable":true,"href":"https:\/\/nordicmart.andreevmaster.com\/sv\/wp-json\/wp\/v2\/product_brand?post=16906"},{"taxonomy":"product_cat","embeddable":true,"href":"https:\/\/nordicmart.andreevmaster.com\/sv\/wp-json\/wp\/v2\/product_cat?post=16906"},{"taxonomy":"product_tag","embeddable":true,"href":"https:\/\/nordicmart.andreevmaster.com\/sv\/wp-json\/wp\/v2\/product_tag?post=16906"}],"curies":[{"name":"wp","href":"https:\/\/api.w.org\/{rel}","templated":true}]}}