{"id":16905,"date":"2026-02-27T00:32:44","date_gmt":"2026-02-27T00:32:44","guid":{"rendered":"https:\/\/nordicmart.andreevmaster.com\/product\/masterkidz-alfabetsset-stora-och-sma-bokstaver-for-stem-vaggpaneler-122-st\/"},"modified":"2026-02-27T08:22:48","modified_gmt":"2026-02-27T08:22:48","slug":"masterkidz-alfabetsset-stora-och-sma-bokstaver-for-stem-vaggpaneler-122-st","status":"publish","type":"product","link":"https:\/\/nordicmart.andreevmaster.com\/sv\/produkt\/masterkidz-alfabetsset-stora-och-sma-bokstaver-for-stem-vaggpaneler-122-st\/","title":{"rendered":"MASTERKIDZ Alfabetsset (stora och sm\u00e5 bokst\u00e4ver) f\u00f6r STEM-v\u00e4ggpaneler, 122 st."},"content":{"rendered":"<p>Alfabetsset med stora och sm\u00e5 bokst\u00e4ver Detta fantastiska bokstavsset \u00e4r perfekt f\u00f6r nyb\u00f6rjare och inneh\u00e5ller b\u00e5de stora och sm\u00e5 bokst\u00e4ver som barnen kan identifiera, orientera sig i och sedan matcha med vilken STEM-v\u00e4gg som helst. Setet inneh\u00e5ller tv\u00e5 kompletta set med stora bokst\u00e4ver och tv\u00e5 set med sm\u00e5 bokst\u00e4ver, vilket \u00e4r tillr\u00e4ckligt f\u00f6r enskilda personer eller sm\u00e5 grupper som arbetar tillsammans. Barnen kommer att vilja sortera dem, ordna dem, bilda ord med dem och \u00f6va p\u00e5 uttalet. Delarna \u00e4r f\u00e4rgglada, vilket g\u00f6r att de kan separeras tydligt n\u00e4r de ordnas i alfabetisk ordning. <\/p>\n<p>Satsen inneh\u00e5ller: <\/p>\n<p>* &#8211; 104 standardbokst\u00e4ver med tydlig typsnitt (2 upps\u00e4ttningar versaler och 2 upps\u00e4ttningar gemener).* &#8211; 6 m\u00f6nstrade skjortor. * &#8211; 12 skruvar. Observera! Detta \u00e4r en upps\u00e4ttning tillbeh\u00f6r f\u00f6r tavlor eller bord. Tavlorna och borden som visas p\u00e5 illustrativa bilder kan k\u00f6pas separat. Upps\u00e4ttningen \u00e4r kompatibel med tavlor som: ME25111; ME15365; ME11343.<\/p>\n","protected":false},"excerpt":{"rendered":"<p>Alfabetsset med stora och sm\u00e5 bokst\u00e4ver Detta fantastiska bokstavsset \u00e4r perfekt f\u00f6r nyb\u00f6rjare och inneh\u00e5ller b\u00e5de stora och sm\u00e5 bokst\u00e4ver som barnen kan identifiera, orientera sig i och sedan matcha med vilken STEM-v\u00e4gg som helst. Setet inneh\u00e5ller tv\u00e5 kompletta set med stora bokst\u00e4ver och tv\u00e5 set med sm\u00e5 bokst\u00e4ver, vilket \u00e4r tillr\u00e4ckligt f\u00f6r enskilda personer [&hellip;]<\/p>\n","protected":false},"featured_media":0,"comment_status":"open","ping_status":"closed","template":"","meta":[],"product_brand":[],"product_cat":[33],"product_tag":[],"class_list":{"0":"post-16905","1":"product","2":"type-product","3":"status-publish","5":"product_cat-okategoriserad","7":"first","8":"instock","9":"shipping-taxable","10":"purchasable","11":"product-type-simple"},"_links":{"self":[{"href":"https:\/\/nordicmart.andreevmaster.com\/sv\/wp-json\/wp\/v2\/product\/16905","targetHints":{"allow":["GET"]}}],"collection":[{"href":"https:\/\/nordicmart.andreevmaster.com\/sv\/wp-json\/wp\/v2\/product"}],"about":[{"href":"https:\/\/nordicmart.andreevmaster.com\/sv\/wp-json\/wp\/v2\/types\/product"}],"replies":[{"embeddable":true,"href":"https:\/\/nordicmart.andreevmaster.com\/sv\/wp-json\/wp\/v2\/comments?post=16905"}],"wp:attachment":[{"href":"https:\/\/nordicmart.andreevmaster.com\/sv\/wp-json\/wp\/v2\/media?parent=16905"}],"wp:term":[{"taxonomy":"product_brand","embeddable":true,"href":"https:\/\/nordicmart.andreevmaster.com\/sv\/wp-json\/wp\/v2\/product_brand?post=16905"},{"taxonomy":"product_cat","embeddable":true,"href":"https:\/\/nordicmart.andreevmaster.com\/sv\/wp-json\/wp\/v2\/product_cat?post=16905"},{"taxonomy":"product_tag","embeddable":true,"href":"https:\/\/nordicmart.andreevmaster.com\/sv\/wp-json\/wp\/v2\/product_tag?post=16905"}],"curies":[{"name":"wp","href":"https:\/\/api.w.org\/{rel}","templated":true}]}}