{"id":16904,"date":"2026-02-27T00:32:43","date_gmt":"2026-02-27T00:32:43","guid":{"rendered":"https:\/\/nordicmart.andreevmaster.com\/product\/masterkidz-hyllanlaggning-pa-hjul-3-hyllor-for-stem-tavla-tillbehor-800h-x-800l\/"},"modified":"2026-02-27T08:22:48","modified_gmt":"2026-02-27T08:22:48","slug":"masterkidz-hyllanlaggning-pa-hjul-3-hyllor-for-stem-tavla-tillbehor-800h-x-800l","status":"publish","type":"product","link":"https:\/\/nordicmart.andreevmaster.com\/sv\/produkt\/masterkidz-hyllanlaggning-pa-hjul-3-hyllor-for-stem-tavla-tillbehor-800h-x-800l\/","title":{"rendered":"MASTERKIDZ Hyllanl\u00e4ggning p\u00e5 hjul \u2013 3 hyllor f\u00f6r STEM-tavla tillbeh\u00f6r 800H x 800L"},"content":{"rendered":"<p>Den mobila hyllan p\u00e5 hjul ME29959 \u00e4r en modern och robust utrustning f\u00f6r alla utbildningslokaler. Den \u00e4r utformad med de yngsta anv\u00e4ndarnas komfort i \u00e5tanke och g\u00f6r det enkelt att f\u00f6rvara och organisera sm\u00e5 och medelstora f\u00f6rem\u00e5l som skruvar, muttrar och pinnar. Tack vare sitt eleganta utseende och sin funktionalitet passar den perfekt i utbildningslokaler och uppmuntrar barn att vara sj\u00e4lvst\u00e4ndiga och kreativa under lektionerna. <\/p>\n<p>Egenskaper: <\/p>\n<p>* Tillverkad av h\u00f6gkvalitativa material<br \/>\n* Utrustad med l\u00e5sbara hjul, kan den enkelt flyttas och placeras s\u00e4kert p\u00e5 \u00f6nskad plats.<br \/>\n* Anpassad efter barnens l\u00e4ngd, ger den enkel \u00e5tkomst till alla hyllor.* Lutar fram\u00e5t f\u00f6r snabb \u00f6verblick och val av n\u00f6dv\u00e4ndiga f\u00f6rem\u00e5l. Kompatibel med Masterkidz akrylbeh\u00e5llare (ME24886, ME16560, ME16553).<\/p>\n","protected":false},"excerpt":{"rendered":"<p>Den mobila hyllan p\u00e5 hjul ME29959 \u00e4r en modern och robust utrustning f\u00f6r alla utbildningslokaler. Den \u00e4r utformad med de yngsta anv\u00e4ndarnas komfort i \u00e5tanke och g\u00f6r det enkelt att f\u00f6rvara och organisera sm\u00e5 och medelstora f\u00f6rem\u00e5l som skruvar, muttrar och pinnar. Tack vare sitt eleganta utseende och sin funktionalitet passar den perfekt i utbildningslokaler [&hellip;]<\/p>\n","protected":false},"featured_media":0,"comment_status":"open","ping_status":"closed","template":"","meta":[],"product_brand":[],"product_cat":[33],"product_tag":[],"class_list":{"0":"post-16904","1":"product","2":"type-product","3":"status-publish","5":"product_cat-okategoriserad","7":"first","8":"instock","9":"shipping-taxable","10":"purchasable","11":"product-type-simple"},"_links":{"self":[{"href":"https:\/\/nordicmart.andreevmaster.com\/sv\/wp-json\/wp\/v2\/product\/16904","targetHints":{"allow":["GET"]}}],"collection":[{"href":"https:\/\/nordicmart.andreevmaster.com\/sv\/wp-json\/wp\/v2\/product"}],"about":[{"href":"https:\/\/nordicmart.andreevmaster.com\/sv\/wp-json\/wp\/v2\/types\/product"}],"replies":[{"embeddable":true,"href":"https:\/\/nordicmart.andreevmaster.com\/sv\/wp-json\/wp\/v2\/comments?post=16904"}],"wp:attachment":[{"href":"https:\/\/nordicmart.andreevmaster.com\/sv\/wp-json\/wp\/v2\/media?parent=16904"}],"wp:term":[{"taxonomy":"product_brand","embeddable":true,"href":"https:\/\/nordicmart.andreevmaster.com\/sv\/wp-json\/wp\/v2\/product_brand?post=16904"},{"taxonomy":"product_cat","embeddable":true,"href":"https:\/\/nordicmart.andreevmaster.com\/sv\/wp-json\/wp\/v2\/product_cat?post=16904"},{"taxonomy":"product_tag","embeddable":true,"href":"https:\/\/nordicmart.andreevmaster.com\/sv\/wp-json\/wp\/v2\/product_tag?post=16904"}],"curies":[{"name":"wp","href":"https:\/\/api.w.org\/{rel}","templated":true}]}}