{"id":16903,"date":"2026-02-27T00:32:43","date_gmt":"2026-02-27T00:32:43","guid":{"rendered":"https:\/\/nordicmart.andreevmaster.com\/product\/masterkidz-fargglada-skruvar-i-5-former-for-stem-creative-board-512-delar-i-olika-farger\/"},"modified":"2026-02-27T08:22:47","modified_gmt":"2026-02-27T08:22:47","slug":"masterkidz-fargglada-skruvar-i-5-former-for-stem-creative-board-512-delar-i-olika-farger","status":"publish","type":"product","link":"https:\/\/nordicmart.andreevmaster.com\/sv\/produkt\/masterkidz-fargglada-skruvar-i-5-former-for-stem-creative-board-512-delar-i-olika-farger\/","title":{"rendered":"MASTERKIDZ F\u00e4rgglada skruvar i 5 former f\u00f6r STEM Creative Board 512 delar i olika f\u00e4rger"},"content":{"rendered":"<p>F\u00e4rgglada skruvar f\u00f6r att skruva fast i Masterkidz STEM-tr\u00e4platta \u00e4r ett fantastiskt element som inte bara l\u00e5ter ditt barn dekorera sin platta p\u00e5 ett vackert s\u00e4tt och skapa fantastiska teckningar, utan ocks\u00e5, tack vare specialverktyg som m\u00e5ste k\u00f6pas separat, l\u00e4r dem hur man anv\u00e4nder handverktyg och en elektrisk skruvdragare. Detta set inneh\u00e5ller 5 typer av skruvar i 8 f\u00e4rger med olika urtag: 128 standardskruvar med korsformad spets och ytterligare 4 typer av skruvar, 96 stycken vardera, med platta, triangul\u00e4ra, stj\u00e4rnformade och fyrkantiga urtag. <\/p>\n<p>### Egenskaper: <\/p>\n<p>* &#8211; Setet inneh\u00e5ller 512 f\u00e4rgade skruvar i 8 f\u00e4rger<br \/>\n* &#8211; 128 skruvar med Phillips-skruvhuvuden, 96 skruvar vardera med platta, triangul\u00e4ra, stj\u00e4rnformade och fyrkantiga skruvhuvuden<br \/>\n* &#8211; Tack vare de olika skruvhuvudena l\u00e4r sig barnen att k\u00e4nna igen former<br \/>\n* &#8211; Att leka med Masterkidz STEM:s pedagogiska tr\u00e4br\u00e4da f\u00e5r en helt ny dimension! Nu kan du fylla br\u00e4det med f\u00e4rgglada skruvar, vilket \u00e4r ett utm\u00e4rkt s\u00e4tt att utveckla ditt barns motoriska f\u00e4rdigheter.<br \/>\n* &#8211; Skruvarna kompletterar inte bara br\u00e4det perfekt och fyller det med nya f\u00e4rger, utan tack vare att de kan skruvas in med specialverktyg (som m\u00e5ste k\u00f6pas separat) l\u00e4r sig ditt barn att anv\u00e4nda skruvmejslar, skiftnycklar och en elektrisk skruvdragare med olika bits.<\/p>\n","protected":false},"excerpt":{"rendered":"<p>F\u00e4rgglada skruvar f\u00f6r att skruva fast i Masterkidz STEM-tr\u00e4platta \u00e4r ett fantastiskt element som inte bara l\u00e5ter ditt barn dekorera sin platta p\u00e5 ett vackert s\u00e4tt och skapa fantastiska teckningar, utan ocks\u00e5, tack vare specialverktyg som m\u00e5ste k\u00f6pas separat, l\u00e4r dem hur man anv\u00e4nder handverktyg och en elektrisk skruvdragare. Detta set inneh\u00e5ller 5 typer av [&hellip;]<\/p>\n","protected":false},"featured_media":0,"comment_status":"open","ping_status":"closed","template":"","meta":[],"product_brand":[],"product_cat":[33],"product_tag":[],"class_list":{"0":"post-16903","1":"product","2":"type-product","3":"status-publish","5":"product_cat-okategoriserad","7":"first","8":"instock","9":"shipping-taxable","10":"purchasable","11":"product-type-simple"},"_links":{"self":[{"href":"https:\/\/nordicmart.andreevmaster.com\/sv\/wp-json\/wp\/v2\/product\/16903","targetHints":{"allow":["GET"]}}],"collection":[{"href":"https:\/\/nordicmart.andreevmaster.com\/sv\/wp-json\/wp\/v2\/product"}],"about":[{"href":"https:\/\/nordicmart.andreevmaster.com\/sv\/wp-json\/wp\/v2\/types\/product"}],"replies":[{"embeddable":true,"href":"https:\/\/nordicmart.andreevmaster.com\/sv\/wp-json\/wp\/v2\/comments?post=16903"}],"wp:attachment":[{"href":"https:\/\/nordicmart.andreevmaster.com\/sv\/wp-json\/wp\/v2\/media?parent=16903"}],"wp:term":[{"taxonomy":"product_brand","embeddable":true,"href":"https:\/\/nordicmart.andreevmaster.com\/sv\/wp-json\/wp\/v2\/product_brand?post=16903"},{"taxonomy":"product_cat","embeddable":true,"href":"https:\/\/nordicmart.andreevmaster.com\/sv\/wp-json\/wp\/v2\/product_cat?post=16903"},{"taxonomy":"product_tag","embeddable":true,"href":"https:\/\/nordicmart.andreevmaster.com\/sv\/wp-json\/wp\/v2\/product_tag?post=16903"}],"curies":[{"name":"wp","href":"https:\/\/api.w.org\/{rel}","templated":true}]}}