{"id":16902,"date":"2026-02-27T00:32:43","date_gmt":"2026-02-27T00:32:43","guid":{"rendered":"https:\/\/nordicmart.andreevmaster.com\/product\/masterkidz-xxl-montessori-stem-traverkstad-med-verktyg\/"},"modified":"2026-02-27T08:22:47","modified_gmt":"2026-02-27T08:22:47","slug":"masterkidz-xxl-montessori-stem-traverkstad-med-verktyg","status":"publish","type":"product","link":"https:\/\/nordicmart.andreevmaster.com\/sv\/produkt\/masterkidz-xxl-montessori-stem-traverkstad-med-verktyg\/","title":{"rendered":"MASTERKIDZ XXL Montessori STEM Tr\u00e4verkstad med verktyg"},"content":{"rendered":"<p>Tr\u00e4verkstaden STEM fr\u00e5n Masterkidz \u00e4r den perfekta platsen f\u00f6r experiment, d\u00e4r ditt barn kan utveckla sin kreativitet och tekniska f\u00e4rdigheter. Den \u00e4r tillverkad av h\u00f6gkvalitativt tr\u00e4 och kombinerar lek med l\u00e4rande, s\u00e5 att barn kan uppt\u00e4cka principerna f\u00f6r mekanik, teknik och fysik. Den realistiska verkstaden blir en stor attraktion i alla klassrum eller lekrum och uppmuntrar barn att skapa fungerande system och bygga med realistiska verktyg.<\/p>\n<p>Egenskaper:<\/p>\n<p>* &#8211; F\u00f6r barn fr\u00e5n 3 \u00e5r<br \/>\n* &#8211; Passar alla STEM-element \u2013 kugghjul, hjul, remskivor, skruvar, pinnar etc.* &#8211; Setet inneh\u00e5ller en leksakshammare, en cirkels\u00e5g p\u00e5 ett bord, en skiftnyckel, en triangel, en tr\u00e4kloss, en elektrisk skruvdragare, en borr och ett set med hylsor. * &#8211; Extra utrymme f\u00f6r verktyg och tillbeh\u00f6r h\u00e5ller ordning under leken. * &#8211; Verkstaden kompletteras perfekt av tillbeh\u00f6r: ME31136 ; ME20963<\/p>\n<p>Bordselement (s\u00e4ljs separat):<\/p>\n<p>* &#8211; F\u00e4rgglada pinnar ME12746 ME14450 ME21113 ME21137 ME21120 ME21144<br \/>\n* &#8211; F\u00e4rgglada kristaller ME13989<br \/>\n* &#8211; F\u00e4rgade sn\u00f6ren f\u00f6r att koppla ihop med pinnar ME14467<br \/>\n* &#8211; F\u00e4rgade skruvar ME20963 ME29911<br \/>\n* &#8211; Geometriska former ME14696 ME14702 ME14818 ME14825 ME31181<br \/>\n* &#8211; Kugghjul och kedjor ME13460 ME24343 ME31204<br \/>\n* &#8211; Kul- och vattenbanor ME14788 ME14665 ME15143 ME25043<br \/>\n* &#8211; Byggsats f\u00f6r r\u00f6rsystem med pump ME13149<br \/>\n* &#8211; Set med bokst\u00e4ver och siffror ME30412 ME30429<\/p>\n<p>Barn kan anv\u00e4nda specialverktyg f\u00f6r att skruva i skruvar och l\u00e4ra sig att anv\u00e4nda skruvmejslar, skiftnycklar och andra verktyg p\u00e5 r\u00e4tt s\u00e4tt. Genom att bygga komplexa mekanismer tillsammans l\u00e4r sig barnen hur kugghjul fungerar. R\u00f6r- och pumpsetet l\u00e4r barnen om tyngdkraften och grunderna i hydraulik.<\/p>\n","protected":false},"excerpt":{"rendered":"<p>Tr\u00e4verkstaden STEM fr\u00e5n Masterkidz \u00e4r den perfekta platsen f\u00f6r experiment, d\u00e4r ditt barn kan utveckla sin kreativitet och tekniska f\u00e4rdigheter. Den \u00e4r tillverkad av h\u00f6gkvalitativt tr\u00e4 och kombinerar lek med l\u00e4rande, s\u00e5 att barn kan uppt\u00e4cka principerna f\u00f6r mekanik, teknik och fysik. Den realistiska verkstaden blir en stor attraktion i alla klassrum eller lekrum och [&hellip;]<\/p>\n","protected":false},"featured_media":0,"comment_status":"open","ping_status":"closed","template":"","meta":[],"product_brand":[],"product_cat":[33],"product_tag":[],"class_list":{"0":"post-16902","1":"product","2":"type-product","3":"status-publish","5":"product_cat-okategoriserad","7":"first","8":"instock","9":"shipping-taxable","10":"purchasable","11":"product-type-simple"},"_links":{"self":[{"href":"https:\/\/nordicmart.andreevmaster.com\/sv\/wp-json\/wp\/v2\/product\/16902","targetHints":{"allow":["GET"]}}],"collection":[{"href":"https:\/\/nordicmart.andreevmaster.com\/sv\/wp-json\/wp\/v2\/product"}],"about":[{"href":"https:\/\/nordicmart.andreevmaster.com\/sv\/wp-json\/wp\/v2\/types\/product"}],"replies":[{"embeddable":true,"href":"https:\/\/nordicmart.andreevmaster.com\/sv\/wp-json\/wp\/v2\/comments?post=16902"}],"wp:attachment":[{"href":"https:\/\/nordicmart.andreevmaster.com\/sv\/wp-json\/wp\/v2\/media?parent=16902"}],"wp:term":[{"taxonomy":"product_brand","embeddable":true,"href":"https:\/\/nordicmart.andreevmaster.com\/sv\/wp-json\/wp\/v2\/product_brand?post=16902"},{"taxonomy":"product_cat","embeddable":true,"href":"https:\/\/nordicmart.andreevmaster.com\/sv\/wp-json\/wp\/v2\/product_cat?post=16902"},{"taxonomy":"product_tag","embeddable":true,"href":"https:\/\/nordicmart.andreevmaster.com\/sv\/wp-json\/wp\/v2\/product_tag?post=16902"}],"curies":[{"name":"wp","href":"https:\/\/api.w.org\/{rel}","templated":true}]}}