{"id":16901,"date":"2026-02-27T00:32:42","date_gmt":"2026-02-27T00:32:42","guid":{"rendered":"https:\/\/nordicmart.andreevmaster.com\/product\/masterkidz-traverkstad-for-montessori-stem-med-verktyg\/"},"modified":"2026-02-27T08:22:47","modified_gmt":"2026-02-27T08:22:47","slug":"masterkidz-traverkstad-for-montessori-stem-med-verktyg","status":"publish","type":"product","link":"https:\/\/nordicmart.andreevmaster.com\/sv\/produkt\/masterkidz-traverkstad-for-montessori-stem-med-verktyg\/","title":{"rendered":"MASTERKIDZ Tr\u00e4verkstad f\u00f6r Montessori STEM med verktyg"},"content":{"rendered":"<p>Den pedagogiska STEM-verkstaden i tr\u00e4 m\u00f6jligg\u00f6r kreativt lekande och l\u00e4rande om vetenskapens v\u00e4rld. Bordet har en panel med h\u00e5l d\u00e4r f\u00e4rgglada och geometriska pinnar, skruvar och kugghjul kan s\u00e4ttas in f\u00f6r att skapa vackra m\u00f6nster. Bordsskivans h\u00f6jd p\u00e5 42,5 cm \u00e4r utformad f\u00f6r barn fr\u00e5n 3 \u00e5r. Barnen kommer att vilja skapa verkliga fungerande system och ha kul med att bygga med realistiska verktyg. <\/p>\n<p>Funktioner: <\/p>\n<p>* &#8211; F\u00f6r barn fr\u00e5n 3 \u00e5r<br \/>\n* &#8211; Passar alla STEM-element \u2013 kugghjul, hjul, remskivor, skruvar, pinnar etc.* &#8211; Inkluderar ett verktygsst\u00e4ll f\u00f6r f\u00f6rvaring av setet: handverktyg \u2013 leksakshammare, s\u00e5g, skiftnyckel, T-linjal och tr\u00e4kloss, samt en elektrisk skruvdragare, borr och ett set med hylsor.* &#8211; Ytbehandlad med en lack som ger utm\u00e4rkt motst\u00e5ndskraft mot UV-str\u00e5lning, fl\u00e4ckar och repor. <\/p>\n<p>Bordselement (s\u00e4ljs separat):<\/p>\n<p>* &#8211; F\u00e4rgade pinnar<br \/>\n* &#8211; F\u00e4rgade kristaller<br \/>\n* &#8211; F\u00e4rgade sn\u00f6ren f\u00f6r att koppla ihop pinnarna<br \/>\n* &#8211; F\u00e4rgade skruvar<br \/>\n* &#8211; Geometriska former<br \/>\n* &#8211; Kugghjul och kedjor<br \/>\n* &#8211; Magnetiska tavlor (torksuddiga, krita, tr\u00e4)<br \/>\n* &#8211; Set med pump f\u00f6r att bygga r\u00f6rsystem<\/p>\n<p>Barnen kan anv\u00e4nda specialverktyg f\u00f6r att skruva i skruvar och l\u00e4ra sig att anv\u00e4nda skruvmejslar, skiftnycklar och andra verktyg p\u00e5 r\u00e4tt s\u00e4tt. Genom att tillsammans bygga komplexa mekanismer l\u00e4r sig barnen hur kugghjul fungerar. R\u00f6r- och pumpsatsen l\u00e4r barnen om tyngdkraften och grunderna i hydraulik.<\/p>\n<p>Tavlan utvecklar:<\/p>\n<p>* &#8211; kommunikation<br \/>\n* &#8211; fantasi<br \/>\n* &#8211; finmotorik<\/p>\n<p>VERKSTADEN PASSAR TILL SETET &#8211; ME31136<\/p>\n","protected":false},"excerpt":{"rendered":"<p>Den pedagogiska STEM-verkstaden i tr\u00e4 m\u00f6jligg\u00f6r kreativt lekande och l\u00e4rande om vetenskapens v\u00e4rld. Bordet har en panel med h\u00e5l d\u00e4r f\u00e4rgglada och geometriska pinnar, skruvar och kugghjul kan s\u00e4ttas in f\u00f6r att skapa vackra m\u00f6nster. Bordsskivans h\u00f6jd p\u00e5 42,5 cm \u00e4r utformad f\u00f6r barn fr\u00e5n 3 \u00e5r. Barnen kommer att vilja skapa verkliga fungerande system [&hellip;]<\/p>\n","protected":false},"featured_media":0,"comment_status":"open","ping_status":"closed","template":"","meta":[],"product_brand":[],"product_cat":[33],"product_tag":[],"class_list":{"0":"post-16901","1":"product","2":"type-product","3":"status-publish","5":"product_cat-okategoriserad","7":"first","8":"instock","9":"shipping-taxable","10":"purchasable","11":"product-type-simple"},"_links":{"self":[{"href":"https:\/\/nordicmart.andreevmaster.com\/sv\/wp-json\/wp\/v2\/product\/16901","targetHints":{"allow":["GET"]}}],"collection":[{"href":"https:\/\/nordicmart.andreevmaster.com\/sv\/wp-json\/wp\/v2\/product"}],"about":[{"href":"https:\/\/nordicmart.andreevmaster.com\/sv\/wp-json\/wp\/v2\/types\/product"}],"replies":[{"embeddable":true,"href":"https:\/\/nordicmart.andreevmaster.com\/sv\/wp-json\/wp\/v2\/comments?post=16901"}],"wp:attachment":[{"href":"https:\/\/nordicmart.andreevmaster.com\/sv\/wp-json\/wp\/v2\/media?parent=16901"}],"wp:term":[{"taxonomy":"product_brand","embeddable":true,"href":"https:\/\/nordicmart.andreevmaster.com\/sv\/wp-json\/wp\/v2\/product_brand?post=16901"},{"taxonomy":"product_cat","embeddable":true,"href":"https:\/\/nordicmart.andreevmaster.com\/sv\/wp-json\/wp\/v2\/product_cat?post=16901"},{"taxonomy":"product_tag","embeddable":true,"href":"https:\/\/nordicmart.andreevmaster.com\/sv\/wp-json\/wp\/v2\/product_tag?post=16901"}],"curies":[{"name":"wp","href":"https:\/\/api.w.org\/{rel}","templated":true}]}}