{"id":16900,"date":"2026-02-27T00:32:42","date_gmt":"2026-02-27T00:32:42","guid":{"rendered":"https:\/\/nordicmart.andreevmaster.com\/product\/masterkidz-travagg-xxl-vetenskaplig-kreativ-stem-vagg-utomhus\/"},"modified":"2026-02-27T08:22:47","modified_gmt":"2026-02-27T08:22:47","slug":"masterkidz-travagg-xxl-vetenskaplig-kreativ-stem-vagg-utomhus","status":"publish","type":"product","link":"https:\/\/nordicmart.andreevmaster.com\/sv\/produkt\/masterkidz-travagg-xxl-vetenskaplig-kreativ-stem-vagg-utomhus\/","title":{"rendered":"MASTERKIDZ Tr\u00e4v\u00e4gg XXL Vetenskaplig kreativ STEM-v\u00e4gg Utomhus"},"content":{"rendered":"<p>STEM-v\u00e4ggen \u00e4r en innovativ pedagogisk tavla som erbjuder en \u00f6ppen yta f\u00f6r kreativt lekande och l\u00e4rande. Barn kan anv\u00e4nda den f\u00f6r att skapa bilder, mosaiker, sekvenser, bollbanor, kugghjulsmekanismer och till och med vattenrutschbanor. Tack vare den dubbelsidiga designen \u00e4r det m\u00f6jligt att delta i olika aktiviteter p\u00e5 b\u00e5da sidor av tavlan samtidigt, vilket fr\u00e4mjar gruppsamarbete. STEM-v\u00e4ggen \u00e4r ett utm\u00e4rkt s\u00e4tt att uppmuntra barn att designa, bygga och l\u00f6sa problem utomhus. <\/p>\n<p>INGA HJUL ING\u00c5R<\/p>\n<p>Funktioner:<\/p>\n<p>&#8211; Frist\u00e5ende design f\u00f6r maximal flexibilitet \u2013 tavlan kan placeras var som helst och flyttas utomhus &#8211; Dubbelsidig yta m\u00f6jligg\u00f6r samtidiga pedagogiska aktiviteter och arbete i sm\u00e5 grupper, vilket fr\u00e4mjar kommunikation &#8211; Ytan \u00e4r behandlad med UV-, fukt- och m\u00f6gelresistent lack &#8211; Kompatibel med alla STEM-tavlatillbeh\u00f6r: kugghjul, hjul, remskivor, skruvar, pinnar och mer<\/p>\n<p>Tavlan utvecklar:<\/p>\n<p>&#8211; Sociala f\u00e4rdigheter &#8211; Fantasi &#8211; Kreativitet &#8211; Finmotorik<\/p>\n<p>Komponenter som \u00e4r kompatibla med tavlan (s\u00e4ljs separat):<\/p>\n<p>&#8211; F\u00e4rgglada pinnar ME12746 ME14450 ME21113 ME21137 ME21120 ME21144 &#8211; F\u00e4rgglada kristaller ME13989 &#8211; F\u00e4rgglada sn\u00f6ren f\u00f6r att koppla ihop pinnar ME14467 &#8211; F\u00e4rgade skruvar ME20963 ME29911 &#8211; Byggklossar ME29027 ME29010 ME29089 &#8211; Geometriska former ME14696 ME14702 ME14818 ME14825 ME31181 &#8211; Kugghjul och kedjor ME13460 ME24343 ME31204 &#8211; Kul- och vattenbanor ME14788 ME14870 ME14665 ME15143 ME25043 &#8211; Byggsats f\u00f6r r\u00f6rsystem med pump ME13149 &#8211; Bokstavs- och siffersats ME30412 ME30429 &#8211; Beh\u00e5llare och tillbeh\u00f6r ME12845 ME16560 ME14672 &#8211; L\u00e5sningshjul ME32539<\/p>\n","protected":false},"excerpt":{"rendered":"<p>STEM-v\u00e4ggen \u00e4r en innovativ pedagogisk tavla som erbjuder en \u00f6ppen yta f\u00f6r kreativt lekande och l\u00e4rande. Barn kan anv\u00e4nda den f\u00f6r att skapa bilder, mosaiker, sekvenser, bollbanor, kugghjulsmekanismer och till och med vattenrutschbanor. Tack vare den dubbelsidiga designen \u00e4r det m\u00f6jligt att delta i olika aktiviteter p\u00e5 b\u00e5da sidor av tavlan samtidigt, vilket fr\u00e4mjar gruppsamarbete. [&hellip;]<\/p>\n","protected":false},"featured_media":0,"comment_status":"open","ping_status":"closed","template":"","meta":[],"product_brand":[],"product_cat":[33],"product_tag":[],"class_list":{"0":"post-16900","1":"product","2":"type-product","3":"status-publish","5":"product_cat-okategoriserad","7":"first","8":"instock","9":"shipping-taxable","10":"purchasable","11":"product-type-simple"},"_links":{"self":[{"href":"https:\/\/nordicmart.andreevmaster.com\/sv\/wp-json\/wp\/v2\/product\/16900","targetHints":{"allow":["GET"]}}],"collection":[{"href":"https:\/\/nordicmart.andreevmaster.com\/sv\/wp-json\/wp\/v2\/product"}],"about":[{"href":"https:\/\/nordicmart.andreevmaster.com\/sv\/wp-json\/wp\/v2\/types\/product"}],"replies":[{"embeddable":true,"href":"https:\/\/nordicmart.andreevmaster.com\/sv\/wp-json\/wp\/v2\/comments?post=16900"}],"wp:attachment":[{"href":"https:\/\/nordicmart.andreevmaster.com\/sv\/wp-json\/wp\/v2\/media?parent=16900"}],"wp:term":[{"taxonomy":"product_brand","embeddable":true,"href":"https:\/\/nordicmart.andreevmaster.com\/sv\/wp-json\/wp\/v2\/product_brand?post=16900"},{"taxonomy":"product_cat","embeddable":true,"href":"https:\/\/nordicmart.andreevmaster.com\/sv\/wp-json\/wp\/v2\/product_cat?post=16900"},{"taxonomy":"product_tag","embeddable":true,"href":"https:\/\/nordicmart.andreevmaster.com\/sv\/wp-json\/wp\/v2\/product_tag?post=16900"}],"curies":[{"name":"wp","href":"https:\/\/api.w.org\/{rel}","templated":true}]}}