{"id":16899,"date":"2026-02-27T00:32:42","date_gmt":"2026-02-27T00:32:42","guid":{"rendered":"https:\/\/nordicmart.andreevmaster.com\/product\/masterkidz-stem-byggklossar-563-delar\/"},"modified":"2026-02-27T08:22:46","modified_gmt":"2026-02-27T08:22:46","slug":"masterkidz-stem-byggklossar-563-delar","status":"publish","type":"product","link":"https:\/\/nordicmart.andreevmaster.com\/sv\/produkt\/masterkidz-stem-byggklossar-563-delar\/","title":{"rendered":"MASTERKIDZ STEM byggklossar, 563 delar"},"content":{"rendered":"<p>Masterkidz byggklossar \u00e4r ett kreativt set som l\u00e5ter barn fritt bygga f\u00e4rgglada m\u00f6nster och bilder. Tack vare blockens speciella design kan barnen enkelt trycka ner dem i marken, skapa egna kompositioner och utveckla sin fantasi. Setet uppmuntrar till sj\u00e4lvst\u00e4ndigt lekande, men \u00e4r ocks\u00e5 perfekt f\u00f6r att skapa tillsammans med kamrater eller vuxna. <\/p>\n<p>\u2757\ufe0f IDEALISKT F\u00d6R ANV\u00c4NDNING MED ME25302 ME28976 BR\u00c4D\u00d6VERDRAG\u2757\ufe0f<\/p>\n<p>\u2705 Egenskaper:<\/p>\n<p>\u2714\ufe0f Setet inneh\u00e5ller 563 f\u00e4rgglada tryckblock \u2714\ufe0f Kompatibelt med popul\u00e4ra blockm\u00e4rken \u2013 kan anv\u00e4ndas p\u00e5 samma Masterkidz-bas \u2714\ufe0f G\u00f6r det m\u00f6jligt att snabbt och enkelt skapa m\u00f6nster och bilder \u2714\ufe0f H\u00f6gkvalitativ konstruktion garanterar h\u00e5llbarhet och s\u00e4kerhet<\/p>\n<p>\u2705 Leksaken utvecklar:<\/p>\n<p>\u2714\ufe0f Fantasi \u2714\ufe0f Kreativitet \u2714\ufe0f Manuell skicklighet \u2714\ufe0f Logiskt t\u00e4nkande<\/p>\n","protected":false},"excerpt":{"rendered":"<p>Masterkidz byggklossar \u00e4r ett kreativt set som l\u00e5ter barn fritt bygga f\u00e4rgglada m\u00f6nster och bilder. Tack vare blockens speciella design kan barnen enkelt trycka ner dem i marken, skapa egna kompositioner och utveckla sin fantasi. Setet uppmuntrar till sj\u00e4lvst\u00e4ndigt lekande, men \u00e4r ocks\u00e5 perfekt f\u00f6r att skapa tillsammans med kamrater eller vuxna. \u2757\ufe0f IDEALISKT F\u00d6R [&hellip;]<\/p>\n","protected":false},"featured_media":0,"comment_status":"open","ping_status":"closed","template":"","meta":[],"product_brand":[],"product_cat":[33],"product_tag":[],"class_list":{"0":"post-16899","1":"product","2":"type-product","3":"status-publish","5":"product_cat-okategoriserad","7":"first","8":"instock","9":"shipping-taxable","10":"purchasable","11":"product-type-simple"},"_links":{"self":[{"href":"https:\/\/nordicmart.andreevmaster.com\/sv\/wp-json\/wp\/v2\/product\/16899","targetHints":{"allow":["GET"]}}],"collection":[{"href":"https:\/\/nordicmart.andreevmaster.com\/sv\/wp-json\/wp\/v2\/product"}],"about":[{"href":"https:\/\/nordicmart.andreevmaster.com\/sv\/wp-json\/wp\/v2\/types\/product"}],"replies":[{"embeddable":true,"href":"https:\/\/nordicmart.andreevmaster.com\/sv\/wp-json\/wp\/v2\/comments?post=16899"}],"wp:attachment":[{"href":"https:\/\/nordicmart.andreevmaster.com\/sv\/wp-json\/wp\/v2\/media?parent=16899"}],"wp:term":[{"taxonomy":"product_brand","embeddable":true,"href":"https:\/\/nordicmart.andreevmaster.com\/sv\/wp-json\/wp\/v2\/product_brand?post=16899"},{"taxonomy":"product_cat","embeddable":true,"href":"https:\/\/nordicmart.andreevmaster.com\/sv\/wp-json\/wp\/v2\/product_cat?post=16899"},{"taxonomy":"product_tag","embeddable":true,"href":"https:\/\/nordicmart.andreevmaster.com\/sv\/wp-json\/wp\/v2\/product_tag?post=16899"}],"curies":[{"name":"wp","href":"https:\/\/api.w.org\/{rel}","templated":true}]}}