{"id":16897,"date":"2026-02-27T00:32:41","date_gmt":"2026-02-27T00:32:41","guid":{"rendered":"https:\/\/nordicmart.andreevmaster.com\/product\/masterkidz-trabord-for-pedagogiskt-bruk-stem-tillbehor-for-vaggen-563-klossar\/"},"modified":"2026-02-27T08:22:46","modified_gmt":"2026-02-27T08:22:46","slug":"masterkidz-trabord-for-pedagogiskt-bruk-stem-tillbehor-for-vaggen-563-klossar","status":"publish","type":"product","link":"https:\/\/nordicmart.andreevmaster.com\/sv\/produkt\/masterkidz-trabord-for-pedagogiskt-bruk-stem-tillbehor-for-vaggen-563-klossar\/","title":{"rendered":"MASTERKIDZ Tr\u00e4bord f\u00f6r pedagogiskt bruk + STEM-TILLBEH\u00d6R F\u00d6R V\u00c4GGEN + 563 klossar"},"content":{"rendered":"<p>Masterkidz STEM-pedagogiskt bord + tillbeh\u00f6r m\u00f6jligg\u00f6r kreativt lekande och l\u00e4rande om vetenskapens v\u00e4rld. Bordet har en panel med h\u00e5l d\u00e4r f\u00e4rgglada och geometriska pinnar, skruvar och kugghjul kan s\u00e4ttas in f\u00f6r att skapa vackra m\u00f6nster. Dessutom ing\u00e5r 4 br\u00e4dor som m\u00e4ter 39,7 x 39,7 cm, som kan placeras p\u00e5 bordet, och 563 klossar att stapla p\u00e5 dem.Med STEM Masterkidz Educational Table kan ditt barn b\u00f6rja leka kreativt och l\u00e4rorikt genom att skapa vackra m\u00f6nster och strukturer tack vare de otaliga typer av element som kan anv\u00e4ndas f\u00f6r lek. P\u00e5 sidorna av panelen finns tv\u00e5 beh\u00e5llare d\u00e4r du kan f\u00f6rvara olika tillbeh\u00f6r till br\u00e4det. Tack vare dess storlek kan flera barn leka vid bordet samtidigt.<\/p>\n<p>Satsen inneh\u00e5ller:<\/p>\n<p>&#8211; pedagogiskt bord &#8211; 4 br\u00e4dor f\u00f6r klossar + 563 olika klossar &#8211; 128 f\u00e4rgglada pinnar i olika f\u00e4rger &#8211; 128 f\u00e4rgglada skruvar i olika f\u00e4rger &#8211; 64 geometriska pinnar i olika f\u00e4rger &#8211; 2 set med 6 element (skiftnyckel, skruvmejsel med utbytbara bits) &#8211; 18 kugghjul &#8211; 1 kugghjulsh\u00e5llare &#8211; kedja<\/p>\n<p>### M\u00d6NSTER F\u00d6R ARRANGEMANG (KLICKA)<\/p>\n<p>Br\u00e4det och blocken \u00e4r kompatibla med andra popul\u00e4ra blockset p\u00e5 marknaden. OBSERVERA: setet inneh\u00e5ller inte stolarna och beh\u00e5llarna som visas p\u00e5 huvudbilden! Dessutom finns pinnarna vanligtvis i 8 f\u00e4rger.[img-77988-left-thickbox_default]<\/p>\n<p>[img-77998-left-thickbox_default]<\/p>\n<p>[img-77994-left-thickbox_default]<\/p>\n","protected":false},"excerpt":{"rendered":"<p>Masterkidz STEM-pedagogiskt bord + tillbeh\u00f6r m\u00f6jligg\u00f6r kreativt lekande och l\u00e4rande om vetenskapens v\u00e4rld. Bordet har en panel med h\u00e5l d\u00e4r f\u00e4rgglada och geometriska pinnar, skruvar och kugghjul kan s\u00e4ttas in f\u00f6r att skapa vackra m\u00f6nster. Dessutom ing\u00e5r 4 br\u00e4dor som m\u00e4ter 39,7 x 39,7 cm, som kan placeras p\u00e5 bordet, och 563 klossar att stapla [&hellip;]<\/p>\n","protected":false},"featured_media":0,"comment_status":"open","ping_status":"closed","template":"","meta":[],"product_brand":[],"product_cat":[33],"product_tag":[],"class_list":{"0":"post-16897","1":"product","2":"type-product","3":"status-publish","5":"product_cat-okategoriserad","7":"first","8":"instock","9":"shipping-taxable","10":"purchasable","11":"product-type-simple"},"_links":{"self":[{"href":"https:\/\/nordicmart.andreevmaster.com\/sv\/wp-json\/wp\/v2\/product\/16897","targetHints":{"allow":["GET"]}}],"collection":[{"href":"https:\/\/nordicmart.andreevmaster.com\/sv\/wp-json\/wp\/v2\/product"}],"about":[{"href":"https:\/\/nordicmart.andreevmaster.com\/sv\/wp-json\/wp\/v2\/types\/product"}],"replies":[{"embeddable":true,"href":"https:\/\/nordicmart.andreevmaster.com\/sv\/wp-json\/wp\/v2\/comments?post=16897"}],"wp:attachment":[{"href":"https:\/\/nordicmart.andreevmaster.com\/sv\/wp-json\/wp\/v2\/media?parent=16897"}],"wp:term":[{"taxonomy":"product_brand","embeddable":true,"href":"https:\/\/nordicmart.andreevmaster.com\/sv\/wp-json\/wp\/v2\/product_brand?post=16897"},{"taxonomy":"product_cat","embeddable":true,"href":"https:\/\/nordicmart.andreevmaster.com\/sv\/wp-json\/wp\/v2\/product_cat?post=16897"},{"taxonomy":"product_tag","embeddable":true,"href":"https:\/\/nordicmart.andreevmaster.com\/sv\/wp-json\/wp\/v2\/product_tag?post=16897"}],"curies":[{"name":"wp","href":"https:\/\/api.w.org\/{rel}","templated":true}]}}