{"id":16895,"date":"2026-02-27T00:32:41","date_gmt":"2026-02-27T00:32:41","guid":{"rendered":"https:\/\/nordicmart.andreevmaster.com\/product\/masterkidz-vaggpanel-kreativ-stem-vetenskapsbrada-120x80-cm-utan-monteringspanel\/"},"modified":"2026-02-27T08:22:45","modified_gmt":"2026-02-27T08:22:45","slug":"masterkidz-vaggpanel-kreativ-stem-vetenskapsbrada-120x80-cm-utan-monteringspanel","status":"publish","type":"product","link":"https:\/\/nordicmart.andreevmaster.com\/sv\/produkt\/masterkidz-vaggpanel-kreativ-stem-vetenskapsbrada-120x80-cm-utan-monteringspanel\/","title":{"rendered":"MASTERKIDZ V\u00e4ggpanel Kreativ STEM-vetenskapsbr\u00e4da 120&#215;80 cm Utan monteringspanel"},"content":{"rendered":"<p>Masterkidz STEM Educational Wall Board m\u00f6jligg\u00f6r kreativt lekande och l\u00e4rande om vetenskapens v\u00e4rld. De breda panelerna p\u00e5 80&#215;120 cm har h\u00e5l i vilka f\u00e4rgglada pinnar kan s\u00e4ttas in f\u00f6r att skapa vackra m\u00f6nster. Olika l\u00e4romedel, kugghjul, r\u00f6rsystem med pump och andra intressanta element kan ocks\u00e5 monteras p\u00e5 tavlan.Med STEM Masterkidz pedagogiska tavla kan ditt barn b\u00f6rja leka kreativt och pedagogiskt genom att skapa vackra m\u00f6nster och strukturer tack vare de otaliga typer av element som kan anv\u00e4ndas i leken. Din lilla kommer att n\u00e5 h\u00f6jderna av sin fantasi genom att skapa m\u00e4sterverk eller konstruera en mekanism av kugghjul eller ett r\u00f6rsystem.<br \/>\nBordselement (s\u00e4ljs separat):<br \/>\n* &#8211; F\u00e4rgglada pinnar ME12746 ME14450 ME21113 ME21137 ME21120 ME21144<br \/>\n* &#8211; F\u00e4rgglada kristaller ME13989<br \/>\n* &#8211; F\u00e4rgade sn\u00f6ren f\u00f6r att koppla ihop med pinnar ME14467<br \/>\n* &#8211; F\u00e4rgade skruvar ME20963 ME29911<br \/>\n* &#8211; Geometriska former ME14696 ME14702 ME14818 ME14825 ME31181<br \/>\n* &#8211; Kugghjul och kedjor ME13460 ME24343 ME31204<br \/>\n* &#8211; Kul- och vattenbanor ME14788 ME14665 ME15143 ME25043<br \/>\n* &#8211; Byggsats f\u00f6r r\u00f6rsystem med pump ME13149<br \/>\n* &#8211; Set med bokst\u00e4ver och siffror ME30412 ME3042<\/p>\n<p>Version utan bakpanel:<\/p>\n<p>* &#8211; Detta alternativ \u00e4r begr\u00e4nsat och passar endast j\u00e4mna och rena v\u00e4ggytor.<br \/>\n* &#8211; I denna version borras plastbaserna direkt i v\u00e4ggen.<br \/>\n* &#8211; N\u00e4r du v\u00e4ljer detta alternativ m\u00e5ste du t\u00e4nka p\u00e5 att v\u00e4ggen m\u00e5ste vara helt plan, putsad och v\u00e5gr\u00e4t.* &#8211; Installationen kr\u00e4ver relativt fler h\u00e5l i v\u00e4ggen.<br \/>\n* &#8211; En mall f\u00f6r borrning av h\u00e5l ing\u00e5r i setet.<br \/>\n* &#8211; Om du har en plan v\u00e4gg kan du v\u00e4lja denna version utan bakpanel.<br \/>\n* &#8211; Annars rekommenderar vi att du v\u00e4ljer STEM-tavlan med bakpaneler f\u00f6r b\u00e4sta passform och enkel installation.<\/p>\n<p>Om du har en plan v\u00e4gg, v\u00e4lj versionen utan bakpaneler. Annars rekommenderar vi att du v\u00e4ljer plattor med bakpaneler f\u00f6r b\u00e4sta passform och enkel installation.<\/p>\n<p>Tack vare Masterkidz pedagogiska tavla kommer ditt barn att l\u00e4ra sig principerna f\u00f6r vattenmekanismer och -system, se hur en vattenpump fungerar och l\u00e4ra sig om geometriska figurer och former. Skruvarna, f\u00f6r vilka du kan k\u00f6pa specialverktyg, kommer ocks\u00e5 att vara till stor hj\u00e4lp. Tack vare dem kommer ditt barn att l\u00e4ra sig att anv\u00e4nda en skruvmejsel, skruvmejsel och skiftnycklar p\u00e5 r\u00e4tt s\u00e4tt, samtidigt som det leker s\u00e4kert.<\/p>\n","protected":false},"excerpt":{"rendered":"<p>Masterkidz STEM Educational Wall Board m\u00f6jligg\u00f6r kreativt lekande och l\u00e4rande om vetenskapens v\u00e4rld. De breda panelerna p\u00e5 80&#215;120 cm har h\u00e5l i vilka f\u00e4rgglada pinnar kan s\u00e4ttas in f\u00f6r att skapa vackra m\u00f6nster. Olika l\u00e4romedel, kugghjul, r\u00f6rsystem med pump och andra intressanta element kan ocks\u00e5 monteras p\u00e5 tavlan.Med STEM Masterkidz pedagogiska tavla kan ditt barn [&hellip;]<\/p>\n","protected":false},"featured_media":0,"comment_status":"open","ping_status":"closed","template":"","meta":[],"product_brand":[],"product_cat":[33],"product_tag":[],"class_list":{"0":"post-16895","1":"product","2":"type-product","3":"status-publish","5":"product_cat-okategoriserad","7":"first","8":"instock","9":"shipping-taxable","10":"purchasable","11":"product-type-simple"},"_links":{"self":[{"href":"https:\/\/nordicmart.andreevmaster.com\/sv\/wp-json\/wp\/v2\/product\/16895","targetHints":{"allow":["GET"]}}],"collection":[{"href":"https:\/\/nordicmart.andreevmaster.com\/sv\/wp-json\/wp\/v2\/product"}],"about":[{"href":"https:\/\/nordicmart.andreevmaster.com\/sv\/wp-json\/wp\/v2\/types\/product"}],"replies":[{"embeddable":true,"href":"https:\/\/nordicmart.andreevmaster.com\/sv\/wp-json\/wp\/v2\/comments?post=16895"}],"wp:attachment":[{"href":"https:\/\/nordicmart.andreevmaster.com\/sv\/wp-json\/wp\/v2\/media?parent=16895"}],"wp:term":[{"taxonomy":"product_brand","embeddable":true,"href":"https:\/\/nordicmart.andreevmaster.com\/sv\/wp-json\/wp\/v2\/product_brand?post=16895"},{"taxonomy":"product_cat","embeddable":true,"href":"https:\/\/nordicmart.andreevmaster.com\/sv\/wp-json\/wp\/v2\/product_cat?post=16895"},{"taxonomy":"product_tag","embeddable":true,"href":"https:\/\/nordicmart.andreevmaster.com\/sv\/wp-json\/wp\/v2\/product_tag?post=16895"}],"curies":[{"name":"wp","href":"https:\/\/api.w.org\/{rel}","templated":true}]}}