{"id":16894,"date":"2026-02-27T00:32:41","date_gmt":"2026-02-27T00:32:41","guid":{"rendered":"https:\/\/nordicmart.andreevmaster.com\/product\/masterkidz-diamantsorteringspussel-montessori-pedagogisk-vaggtavla\/"},"modified":"2026-02-27T08:22:45","modified_gmt":"2026-02-27T08:22:45","slug":"masterkidz-diamantsorteringspussel-montessori-pedagogisk-vaggtavla","status":"publish","type":"product","link":"https:\/\/nordicmart.andreevmaster.com\/sv\/produkt\/masterkidz-diamantsorteringspussel-montessori-pedagogisk-vaggtavla\/","title":{"rendered":"MASTERKIDZ Diamantsorteringspussel \u2013 Montessori pedagogisk v\u00e4ggtavla"},"content":{"rendered":"<p>Denna pedagogiska tavla fokuserar p\u00e5 formigenk\u00e4nning och finmotorik. Den \u00e4r uppdelad i tv\u00e5 delar: den \u00f6vre delen inneh\u00e5ller en uppgiftslist d\u00e4r barnen m\u00e5ste placera tre former (en r\u00f6d hexagon, en bl\u00e5 fyrkant och en gul cirkel) p\u00e5 r\u00e4tt platser. Den nedre delen av tavlan best\u00e5r av tre kolumner med 9 former som barnen m\u00e5ste matcha till r\u00e4tt platser, med fokus p\u00e5 f\u00e4rg och form. Elementen \u00e4r placerade p\u00e5 tavlan p\u00e5 ett s\u00e5dant s\u00e4tt att de l\u00e4tt kan flyttas men inte kan tappas bort. Tavlan kan anv\u00e4ndas p\u00e5 ett skrivbord eller monteras p\u00e5 en v\u00e4gg. <\/p>\n<p>Egenskaper: <\/p>\n<p>* &#8211; Du kan ha flera tavlor och enkelt byta mellan dem, och de speciella ramarna h\u00e5ller tavlan perfekt mot v\u00e4ggen.<br \/>\n* &#8211; Tavlan kan ocks\u00e5 anv\u00e4ndas utan ramar, t.ex. p\u00e5 ett bord eller p\u00e5 golvet.<br \/>\n* &#8211; Den skjutbara labyrinten utvecklar motorik och formigenk\u00e4nning.* &#8211; Tack vare de f\u00e4rgglada handtagen kan barnen ocks\u00e5 l\u00e4ra sig f\u00e4rger. Leksaken utvecklar:* &#8211; motorik* &#8211; sensoriska f\u00e4rdigheter* &#8211; hand-\u00f6ga-koordination* &#8211; fantasi* &#8211; koncentration* &#8211; nyfikenhet<\/p>\n","protected":false},"excerpt":{"rendered":"<p>Denna pedagogiska tavla fokuserar p\u00e5 formigenk\u00e4nning och finmotorik. Den \u00e4r uppdelad i tv\u00e5 delar: den \u00f6vre delen inneh\u00e5ller en uppgiftslist d\u00e4r barnen m\u00e5ste placera tre former (en r\u00f6d hexagon, en bl\u00e5 fyrkant och en gul cirkel) p\u00e5 r\u00e4tt platser. Den nedre delen av tavlan best\u00e5r av tre kolumner med 9 former som barnen m\u00e5ste matcha [&hellip;]<\/p>\n","protected":false},"featured_media":0,"comment_status":"open","ping_status":"closed","template":"","meta":[],"product_brand":[],"product_cat":[33],"product_tag":[],"class_list":{"0":"post-16894","1":"product","2":"type-product","3":"status-publish","5":"product_cat-okategoriserad","7":"first","8":"instock","9":"shipping-taxable","10":"purchasable","11":"product-type-simple"},"_links":{"self":[{"href":"https:\/\/nordicmart.andreevmaster.com\/sv\/wp-json\/wp\/v2\/product\/16894","targetHints":{"allow":["GET"]}}],"collection":[{"href":"https:\/\/nordicmart.andreevmaster.com\/sv\/wp-json\/wp\/v2\/product"}],"about":[{"href":"https:\/\/nordicmart.andreevmaster.com\/sv\/wp-json\/wp\/v2\/types\/product"}],"replies":[{"embeddable":true,"href":"https:\/\/nordicmart.andreevmaster.com\/sv\/wp-json\/wp\/v2\/comments?post=16894"}],"wp:attachment":[{"href":"https:\/\/nordicmart.andreevmaster.com\/sv\/wp-json\/wp\/v2\/media?parent=16894"}],"wp:term":[{"taxonomy":"product_brand","embeddable":true,"href":"https:\/\/nordicmart.andreevmaster.com\/sv\/wp-json\/wp\/v2\/product_brand?post=16894"},{"taxonomy":"product_cat","embeddable":true,"href":"https:\/\/nordicmart.andreevmaster.com\/sv\/wp-json\/wp\/v2\/product_cat?post=16894"},{"taxonomy":"product_tag","embeddable":true,"href":"https:\/\/nordicmart.andreevmaster.com\/sv\/wp-json\/wp\/v2\/product_tag?post=16894"}],"curies":[{"name":"wp","href":"https:\/\/api.w.org\/{rel}","templated":true}]}}