{"id":16892,"date":"2026-02-27T00:32:40","date_gmt":"2026-02-27T00:32:40","guid":{"rendered":"https:\/\/nordicmart.andreevmaster.com\/product\/masterkidz-balansfigurer-10-stycken\/"},"modified":"2026-02-27T08:22:45","modified_gmt":"2026-02-27T08:22:45","slug":"masterkidz-balansfigurer-10-stycken","status":"publish","type":"product","link":"https:\/\/nordicmart.andreevmaster.com\/sv\/produkt\/masterkidz-balansfigurer-10-stycken\/","title":{"rendered":"MASTERKIDZ Balansfigurer, 10 stycken"},"content":{"rendered":"<p>Balansfigurer i tr\u00e4 fr\u00e5n Masterkidz \u00e4r ett ovanligt skicklighetsspel som kommer att tilltala b\u00e5de barn och vuxna. M\u00e5let \u00e4r att bygga en stabil pyramid av 10 tr\u00e4figurer, var och en med en bokstav tryckt p\u00e5 sig. Det \u00e4r utm\u00e4rkt f\u00f6r att tr\u00e4na t\u00e5lamod, koncentration och rumslig fantasi. Det utvecklar manuell skicklighet och hand-\u00f6ga-koordination.<br \/>\nEgenskaper:<br \/>\n* &#8211; 10 figurer med bokst\u00e4ver<br \/>\n* &#8211; Tillverkade av tr\u00e4 och plast<br \/>\n* &#8211; Leksaken har inga vassa kanter och \u00e4r tillverkad av material av h\u00f6gsta kvalitet som \u00e4r s\u00e4kra f\u00f6r barn och milj\u00f6<br \/>\n* &#8211; M\u00e5lad med giftfria f\u00e4rger<br \/>\nLeksaken utvecklar:<br \/>\n* &#8211; Fantasi<br \/>\n* &#8211; Manuell skicklighet<br \/>\n* &#8211; Kognitiva f\u00e4rdigheter<br \/>\n* &#8211; Logik<br \/>\n* &#8211; Koncentration<br \/>\n* &#8211; Finmotorik<br \/>\n* &#8211; Kunskap om bokst\u00e4ver<\/p>\n<p>Regler:<\/p>\n<p>Din uppgift \u00e4r att stapla dem till ett s\u00e5 h\u00f6gt torn som m\u00f6jligt. Hur du g\u00f6r det \u00e4r helt upp till dig! Det finns inget som hindrar dig fr\u00e5n att testa om figurerna kan st\u00e5 p\u00e5 h\u00e4nderna!<\/p>\n<p>Figurerna kan ocks\u00e5 ordnas i en f\u00e4rgglad parad och m\u00e5nga andra former. Setet stimulerar fantasin och kommer s\u00e4kert att tilltala kreativa sm\u00e5 barn som gillar att skapa fantastiska v\u00e4rldar.<\/p>\n","protected":false},"excerpt":{"rendered":"<p>Balansfigurer i tr\u00e4 fr\u00e5n Masterkidz \u00e4r ett ovanligt skicklighetsspel som kommer att tilltala b\u00e5de barn och vuxna. M\u00e5let \u00e4r att bygga en stabil pyramid av 10 tr\u00e4figurer, var och en med en bokstav tryckt p\u00e5 sig. Det \u00e4r utm\u00e4rkt f\u00f6r att tr\u00e4na t\u00e5lamod, koncentration och rumslig fantasi. Det utvecklar manuell skicklighet och hand-\u00f6ga-koordination. Egenskaper: * [&hellip;]<\/p>\n","protected":false},"featured_media":0,"comment_status":"open","ping_status":"closed","template":"","meta":[],"product_brand":[],"product_cat":[33],"product_tag":[],"class_list":{"0":"post-16892","1":"product","2":"type-product","3":"status-publish","5":"product_cat-okategoriserad","7":"first","8":"instock","9":"shipping-taxable","10":"purchasable","11":"product-type-simple"},"_links":{"self":[{"href":"https:\/\/nordicmart.andreevmaster.com\/sv\/wp-json\/wp\/v2\/product\/16892","targetHints":{"allow":["GET"]}}],"collection":[{"href":"https:\/\/nordicmart.andreevmaster.com\/sv\/wp-json\/wp\/v2\/product"}],"about":[{"href":"https:\/\/nordicmart.andreevmaster.com\/sv\/wp-json\/wp\/v2\/types\/product"}],"replies":[{"embeddable":true,"href":"https:\/\/nordicmart.andreevmaster.com\/sv\/wp-json\/wp\/v2\/comments?post=16892"}],"wp:attachment":[{"href":"https:\/\/nordicmart.andreevmaster.com\/sv\/wp-json\/wp\/v2\/media?parent=16892"}],"wp:term":[{"taxonomy":"product_brand","embeddable":true,"href":"https:\/\/nordicmart.andreevmaster.com\/sv\/wp-json\/wp\/v2\/product_brand?post=16892"},{"taxonomy":"product_cat","embeddable":true,"href":"https:\/\/nordicmart.andreevmaster.com\/sv\/wp-json\/wp\/v2\/product_cat?post=16892"},{"taxonomy":"product_tag","embeddable":true,"href":"https:\/\/nordicmart.andreevmaster.com\/sv\/wp-json\/wp\/v2\/product_tag?post=16892"}],"curies":[{"name":"wp","href":"https:\/\/api.w.org\/{rel}","templated":true}]}}