{"id":16890,"date":"2026-02-27T00:32:40","date_gmt":"2026-02-27T00:32:40","guid":{"rendered":"https:\/\/nordicmart.andreevmaster.com\/product\/masterkidz-akrylbehallare-for-stem-tavla-komponenter-6-stycken\/"},"modified":"2026-02-27T08:22:44","modified_gmt":"2026-02-27T08:22:44","slug":"masterkidz-akrylbehallare-for-stem-tavla-komponenter-6-stycken","status":"publish","type":"product","link":"https:\/\/nordicmart.andreevmaster.com\/sv\/produkt\/masterkidz-akrylbehallare-for-stem-tavla-komponenter-6-stycken\/","title":{"rendered":"MASTERKIDZ Akrylbeh\u00e5llare f\u00f6r STEM-tavla-komponenter, 6 stycken"},"content":{"rendered":"<p>Leksaksf\u00f6rvaringsbeh\u00e5llare tillverkade av h\u00e5llbart och s\u00e4kert akryl. Setet med 6 beh\u00e5llare \u00e4r utformat f\u00f6r f\u00f6rvaring av alla tillbeh\u00f6r till Masterkidz Creative Science Boards. De rymmer alla pinnar, skruvar och andra element som ett barn vill ha med sig hela tiden n\u00e4r det leker.Beh\u00e5llarna \u00e4r utformade f\u00f6r att anv\u00e4ndas tillsammans med ett speciellt Masterkidz-st\u00e4ll (ME13095), som g\u00f6r att alla 12 beh\u00e5llare kan placeras p\u00e5 avsedda hyllor. P\u00e5 s\u00e5 s\u00e4tt har ditt barn alla tillbeh\u00f6r n\u00e4ra till hands, och det \u00e4r enkelt och l\u00e4tt att flytta leken till andra platser.<\/p>\n","protected":false},"excerpt":{"rendered":"<p>Leksaksf\u00f6rvaringsbeh\u00e5llare tillverkade av h\u00e5llbart och s\u00e4kert akryl. Setet med 6 beh\u00e5llare \u00e4r utformat f\u00f6r f\u00f6rvaring av alla tillbeh\u00f6r till Masterkidz Creative Science Boards. De rymmer alla pinnar, skruvar och andra element som ett barn vill ha med sig hela tiden n\u00e4r det leker.Beh\u00e5llarna \u00e4r utformade f\u00f6r att anv\u00e4ndas tillsammans med ett speciellt Masterkidz-st\u00e4ll (ME13095), som [&hellip;]<\/p>\n","protected":false},"featured_media":0,"comment_status":"open","ping_status":"closed","template":"","meta":[],"product_brand":[],"product_cat":[33],"product_tag":[],"class_list":{"0":"post-16890","1":"product","2":"type-product","3":"status-publish","5":"product_cat-okategoriserad","7":"first","8":"instock","9":"shipping-taxable","10":"purchasable","11":"product-type-simple"},"_links":{"self":[{"href":"https:\/\/nordicmart.andreevmaster.com\/sv\/wp-json\/wp\/v2\/product\/16890","targetHints":{"allow":["GET"]}}],"collection":[{"href":"https:\/\/nordicmart.andreevmaster.com\/sv\/wp-json\/wp\/v2\/product"}],"about":[{"href":"https:\/\/nordicmart.andreevmaster.com\/sv\/wp-json\/wp\/v2\/types\/product"}],"replies":[{"embeddable":true,"href":"https:\/\/nordicmart.andreevmaster.com\/sv\/wp-json\/wp\/v2\/comments?post=16890"}],"wp:attachment":[{"href":"https:\/\/nordicmart.andreevmaster.com\/sv\/wp-json\/wp\/v2\/media?parent=16890"}],"wp:term":[{"taxonomy":"product_brand","embeddable":true,"href":"https:\/\/nordicmart.andreevmaster.com\/sv\/wp-json\/wp\/v2\/product_brand?post=16890"},{"taxonomy":"product_cat","embeddable":true,"href":"https:\/\/nordicmart.andreevmaster.com\/sv\/wp-json\/wp\/v2\/product_cat?post=16890"},{"taxonomy":"product_tag","embeddable":true,"href":"https:\/\/nordicmart.andreevmaster.com\/sv\/wp-json\/wp\/v2\/product_tag?post=16890"}],"curies":[{"name":"wp","href":"https:\/\/api.w.org\/{rel}","templated":true}]}}