{"id":16889,"date":"2026-02-27T00:32:39","date_gmt":"2026-02-27T00:32:39","guid":{"rendered":"https:\/\/nordicmart.andreevmaster.com\/product\/masterkidz-vaggtavla-med-kugghjul-och-kedjor-79-st-bygg-din-egen-mekanism\/"},"modified":"2026-02-27T08:22:44","modified_gmt":"2026-02-27T08:22:44","slug":"masterkidz-vaggtavla-med-kugghjul-och-kedjor-79-st-bygg-din-egen-mekanism","status":"publish","type":"product","link":"https:\/\/nordicmart.andreevmaster.com\/sv\/produkt\/masterkidz-vaggtavla-med-kugghjul-och-kedjor-79-st-bygg-din-egen-mekanism\/","title":{"rendered":"MASTERKIDZ V\u00e4ggtavla med kugghjul och kedjor 79 st. Bygg din egen mekanism"},"content":{"rendered":"<p>En upps\u00e4ttning f\u00e4rgglada kugghjul och kugghjul som g\u00f6r att du kan konstruera komplexa mekanismer. Leksaken monteras p\u00e5 Masterkidz STEM Science and Creative Board med hj\u00e4lp av speciella Masterkidz-skruvar. Att leka med kugghjul f\u00f6rb\u00e4ttrar barns motorik, logiska t\u00e4nkande och kreativitet. <\/p>\n<p>### Funktioner: <\/p>\n<p>* &#8211; Barn \u00e4lskar kugghjul och mekanismer. De \u00e4r fascinerande \u2013 de snurrar och griper in i varandra. De fungerar som en enda organism. Att se s\u00e5dana mekanismer i funktion ger mycket tillfredsst\u00e4llelse och gl\u00e4dje.<br \/>\n* &#8211; Masterkidz kugghjulsset \u00e4r utformat f\u00f6r montering i deras specialiserade Masterkidz STEM-system. Varje \u00f6nskat element ska skruvas fast p\u00e5 den pedagogiska v\u00e4ggen med hj\u00e4lp av specialskruvar anpassade f\u00f6r Masterkidz barnverktyg.<\/p>\n<p>Satsen best\u00e5r av 79 element:<\/p>\n<p>* &#8211; 2 kugghjul med vev<br \/>\n* &#8211; 12 stora kugghjul med 12 t\u00e4nder<br \/>\n* &#8211; 24 f\u00e4rgade kugghjul med 6 t\u00e4nder<br \/>\n* &#8211; kedja med justerbar l\u00e4ngd<br \/>\n* &#8211; 20 skruvar<br \/>\n* &#8211; 20 pinnar (stift)<\/p>\n","protected":false},"excerpt":{"rendered":"<p>En upps\u00e4ttning f\u00e4rgglada kugghjul och kugghjul som g\u00f6r att du kan konstruera komplexa mekanismer. Leksaken monteras p\u00e5 Masterkidz STEM Science and Creative Board med hj\u00e4lp av speciella Masterkidz-skruvar. Att leka med kugghjul f\u00f6rb\u00e4ttrar barns motorik, logiska t\u00e4nkande och kreativitet. ### Funktioner: * &#8211; Barn \u00e4lskar kugghjul och mekanismer. De \u00e4r fascinerande \u2013 de snurrar och [&hellip;]<\/p>\n","protected":false},"featured_media":0,"comment_status":"open","ping_status":"closed","template":"","meta":[],"product_brand":[],"product_cat":[33],"product_tag":[],"class_list":{"0":"post-16889","1":"product","2":"type-product","3":"status-publish","5":"product_cat-okategoriserad","7":"first","8":"instock","9":"shipping-taxable","10":"purchasable","11":"product-type-simple"},"_links":{"self":[{"href":"https:\/\/nordicmart.andreevmaster.com\/sv\/wp-json\/wp\/v2\/product\/16889","targetHints":{"allow":["GET"]}}],"collection":[{"href":"https:\/\/nordicmart.andreevmaster.com\/sv\/wp-json\/wp\/v2\/product"}],"about":[{"href":"https:\/\/nordicmart.andreevmaster.com\/sv\/wp-json\/wp\/v2\/types\/product"}],"replies":[{"embeddable":true,"href":"https:\/\/nordicmart.andreevmaster.com\/sv\/wp-json\/wp\/v2\/comments?post=16889"}],"wp:attachment":[{"href":"https:\/\/nordicmart.andreevmaster.com\/sv\/wp-json\/wp\/v2\/media?parent=16889"}],"wp:term":[{"taxonomy":"product_brand","embeddable":true,"href":"https:\/\/nordicmart.andreevmaster.com\/sv\/wp-json\/wp\/v2\/product_brand?post=16889"},{"taxonomy":"product_cat","embeddable":true,"href":"https:\/\/nordicmart.andreevmaster.com\/sv\/wp-json\/wp\/v2\/product_cat?post=16889"},{"taxonomy":"product_tag","embeddable":true,"href":"https:\/\/nordicmart.andreevmaster.com\/sv\/wp-json\/wp\/v2\/product_tag?post=16889"}],"curies":[{"name":"wp","href":"https:\/\/api.w.org\/{rel}","templated":true}]}}