{"id":16888,"date":"2026-02-27T00:32:39","date_gmt":"2026-02-27T00:32:39","guid":{"rendered":"https:\/\/nordicmart.andreevmaster.com\/product\/masterkidz-forstoringsglas-i-tra-med-behallare\/"},"modified":"2026-02-27T08:22:44","modified_gmt":"2026-02-27T08:22:44","slug":"masterkidz-forstoringsglas-i-tra-med-behallare","status":"publish","type":"product","link":"https:\/\/nordicmart.andreevmaster.com\/sv\/produkt\/masterkidz-forstoringsglas-i-tra-med-behallare\/","title":{"rendered":"MASTERKIDZ F\u00f6rstoringsglas i tr\u00e4 med beh\u00e5llare"},"content":{"rendered":"<p>L\u00e5t ditt barn bli en liten uppt\u00e4cktsresande med detta unika f\u00f6rstoringsglas med tr\u00e4st\u00e4ll! Setet inneh\u00e5ller fyra robusta f\u00f6rstoringsglas med stora, transparenta linser som \u00e4r perfekta f\u00f6r att unders\u00f6ka v\u00e4xter, insekter och andra naturens skatter. Varje f\u00f6rstoringsglas har ett ergonomiskt tr\u00e4handtag i livfulla f\u00e4rger (r\u00f6tt, gr\u00f6nt, gult och bl\u00e5tt), utformat f\u00f6r sm\u00e5 h\u00e4nder. <\/p>\n<p>Setet inneh\u00e5ller ett tr\u00e4st\u00e4ll med transparent lock.<\/p>\n<p>\u2705 Egenskaper:<\/p>\n<p>\u2714\ufe0f 4 f\u00f6rstoringsglas med tr\u00e4handtag i olika f\u00e4rger \u2714\ufe0f Robust tr\u00e4st\u00e4llning med transparent lock \u2714\ufe0f F\u00f6rstoring f\u00f6r noggrann observation \u2714\ufe0f S\u00e4ker material, perfekt f\u00f6r barn \u2714\ufe0f Uppmuntrar nyfikenhet, l\u00e4rande genom lek och utvecklar observationsf\u00f6rm\u00e5gan<\/p>\n<p>Detta \u00e4r det perfekta valet f\u00f6r sm\u00e5 uppt\u00e4cktsresande som vill uppt\u00e4cka hemligheterna i v\u00e4rlden omkring dem!<\/p>\n","protected":false},"excerpt":{"rendered":"<p>L\u00e5t ditt barn bli en liten uppt\u00e4cktsresande med detta unika f\u00f6rstoringsglas med tr\u00e4st\u00e4ll! Setet inneh\u00e5ller fyra robusta f\u00f6rstoringsglas med stora, transparenta linser som \u00e4r perfekta f\u00f6r att unders\u00f6ka v\u00e4xter, insekter och andra naturens skatter. Varje f\u00f6rstoringsglas har ett ergonomiskt tr\u00e4handtag i livfulla f\u00e4rger (r\u00f6tt, gr\u00f6nt, gult och bl\u00e5tt), utformat f\u00f6r sm\u00e5 h\u00e4nder. Setet inneh\u00e5ller ett [&hellip;]<\/p>\n","protected":false},"featured_media":0,"comment_status":"open","ping_status":"closed","template":"","meta":[],"product_brand":[],"product_cat":[33],"product_tag":[],"class_list":{"0":"post-16888","1":"product","2":"type-product","3":"status-publish","5":"product_cat-okategoriserad","7":"first","8":"instock","9":"shipping-taxable","10":"purchasable","11":"product-type-simple"},"_links":{"self":[{"href":"https:\/\/nordicmart.andreevmaster.com\/sv\/wp-json\/wp\/v2\/product\/16888","targetHints":{"allow":["GET"]}}],"collection":[{"href":"https:\/\/nordicmart.andreevmaster.com\/sv\/wp-json\/wp\/v2\/product"}],"about":[{"href":"https:\/\/nordicmart.andreevmaster.com\/sv\/wp-json\/wp\/v2\/types\/product"}],"replies":[{"embeddable":true,"href":"https:\/\/nordicmart.andreevmaster.com\/sv\/wp-json\/wp\/v2\/comments?post=16888"}],"wp:attachment":[{"href":"https:\/\/nordicmart.andreevmaster.com\/sv\/wp-json\/wp\/v2\/media?parent=16888"}],"wp:term":[{"taxonomy":"product_brand","embeddable":true,"href":"https:\/\/nordicmart.andreevmaster.com\/sv\/wp-json\/wp\/v2\/product_brand?post=16888"},{"taxonomy":"product_cat","embeddable":true,"href":"https:\/\/nordicmart.andreevmaster.com\/sv\/wp-json\/wp\/v2\/product_cat?post=16888"},{"taxonomy":"product_tag","embeddable":true,"href":"https:\/\/nordicmart.andreevmaster.com\/sv\/wp-json\/wp\/v2\/product_tag?post=16888"}],"curies":[{"name":"wp","href":"https:\/\/api.w.org\/{rel}","templated":true}]}}