{"id":16887,"date":"2026-02-27T00:32:39","date_gmt":"2026-02-27T00:32:39","guid":{"rendered":"https:\/\/nordicmart.andreevmaster.com\/product\/masterkidz-fargglada-larver-som-lar-ut-siffror-och-mangder-montessori-pedagogisk-vaggtavla\/"},"modified":"2026-02-27T08:22:44","modified_gmt":"2026-02-27T08:22:44","slug":"masterkidz-fargglada-larver-som-lar-ut-siffror-och-mangder-montessori-pedagogisk-vaggtavla","status":"publish","type":"product","link":"https:\/\/nordicmart.andreevmaster.com\/sv\/produkt\/masterkidz-fargglada-larver-som-lar-ut-siffror-och-mangder-montessori-pedagogisk-vaggtavla\/","title":{"rendered":"MASTERKIDZ F\u00e4rgglada larver som l\u00e4r ut siffror och m\u00e4ngder \u2013 Montessori-pedagogisk v\u00e4ggtavla"},"content":{"rendered":"<p>Den pedagogiska tavlan har 5 f\u00e4rgglada larver och inneh\u00e5ller 15 r\u00e4knemarker med diamanter i 5 f\u00e4rger, placerade p\u00e5 skjutreglage. Barnen kan flytta dem, men inte ta bort dem. Tavlan visar 5 ers\u00e4ttningar f\u00f6r siffrorna 1 till 5 (siffror, fingrar, linjer, block, prickar). P\u00e5 v\u00e4nster sida finns skjutreglage som g\u00f6r att du kan st\u00e4lla in utmaningar. Barnen kan leka fritt eller anv\u00e4nda br\u00e4det f\u00f6r att l\u00e4ra sig r\u00e4kna upp och ner till 5 genom att flytta \u00e4delstenarna till r\u00e4tt platser. <\/p>\n<p>Egenskaper: <\/p>\n<p>* &#8211; f\u00f6r barn fr\u00e5n 2 \u00e5r<br \/>\n* &#8211; Inneh\u00e5ller grafik som f\u00f6rest\u00e4ller 5 f\u00e4rgglada larver<br \/>\n* &#8211; Tillverkad av tr\u00e4<br \/>\n* &#8211; Hj\u00e4lper barn att fokusera och tr\u00e4na sin hj\u00e4rna<br \/>\n* &#8211; F\u00f6rb\u00e4ttrar motoriken<br \/>\n* &#8211; Hj\u00e4lper barn att l\u00e4ra sig r\u00e4kna till 5 och k\u00e4nna igen f\u00e4rger<\/p>\n<p>Leksaken utvecklar:<\/p>\n<p>* &#8211; Sensoriska f\u00e4rdigheter<br \/>\n* &#8211; Motoriska f\u00e4rdigheter<br \/>\n* &#8211; Hand-\u00f6ga-koordination<br \/>\n* &#8211; R\u00e4knef\u00e4rdigheter<\/p>\n","protected":false},"excerpt":{"rendered":"<p>Den pedagogiska tavlan har 5 f\u00e4rgglada larver och inneh\u00e5ller 15 r\u00e4knemarker med diamanter i 5 f\u00e4rger, placerade p\u00e5 skjutreglage. Barnen kan flytta dem, men inte ta bort dem. Tavlan visar 5 ers\u00e4ttningar f\u00f6r siffrorna 1 till 5 (siffror, fingrar, linjer, block, prickar). P\u00e5 v\u00e4nster sida finns skjutreglage som g\u00f6r att du kan st\u00e4lla in utmaningar. [&hellip;]<\/p>\n","protected":false},"featured_media":0,"comment_status":"open","ping_status":"closed","template":"","meta":[],"product_brand":[],"product_cat":[33],"product_tag":[],"class_list":{"0":"post-16887","1":"product","2":"type-product","3":"status-publish","5":"product_cat-okategoriserad","7":"first","8":"instock","9":"shipping-taxable","10":"purchasable","11":"product-type-simple"},"_links":{"self":[{"href":"https:\/\/nordicmart.andreevmaster.com\/sv\/wp-json\/wp\/v2\/product\/16887","targetHints":{"allow":["GET"]}}],"collection":[{"href":"https:\/\/nordicmart.andreevmaster.com\/sv\/wp-json\/wp\/v2\/product"}],"about":[{"href":"https:\/\/nordicmart.andreevmaster.com\/sv\/wp-json\/wp\/v2\/types\/product"}],"replies":[{"embeddable":true,"href":"https:\/\/nordicmart.andreevmaster.com\/sv\/wp-json\/wp\/v2\/comments?post=16887"}],"wp:attachment":[{"href":"https:\/\/nordicmart.andreevmaster.com\/sv\/wp-json\/wp\/v2\/media?parent=16887"}],"wp:term":[{"taxonomy":"product_brand","embeddable":true,"href":"https:\/\/nordicmart.andreevmaster.com\/sv\/wp-json\/wp\/v2\/product_brand?post=16887"},{"taxonomy":"product_cat","embeddable":true,"href":"https:\/\/nordicmart.andreevmaster.com\/sv\/wp-json\/wp\/v2\/product_cat?post=16887"},{"taxonomy":"product_tag","embeddable":true,"href":"https:\/\/nordicmart.andreevmaster.com\/sv\/wp-json\/wp\/v2\/product_tag?post=16887"}],"curies":[{"name":"wp","href":"https:\/\/api.w.org\/{rel}","templated":true}]}}