{"id":16885,"date":"2026-02-27T00:32:38","date_gmt":"2026-02-27T00:32:38","guid":{"rendered":"https:\/\/nordicmart.andreevmaster.com\/product\/masterkidz-fargglada-jumbo-pinnar-for-stem-brada-128-st-8-farger\/"},"modified":"2026-02-27T08:22:43","modified_gmt":"2026-02-27T08:22:43","slug":"masterkidz-fargglada-jumbo-pinnar-for-stem-brada-128-st-8-farger","status":"publish","type":"product","link":"https:\/\/nordicmart.andreevmaster.com\/sv\/produkt\/masterkidz-fargglada-jumbo-pinnar-for-stem-brada-128-st-8-farger\/","title":{"rendered":"MASTERKIDZ F\u00e4rgglada jumbo-pinnar f\u00f6r STEM-br\u00e4da 128 st. \u2013 8 f\u00e4rger"},"content":{"rendered":"<p>Masterkidz Colorful Jumbo Pegs \u00e4r ett set med stora, robusta bitar f\u00f6r kreativt lekande och l\u00e4rande! Med dem kan varje barn skapa sina egna bilder, djur, fordon och fantastiska m\u00f6nster, och utveckla sin kreativitet och fantasi. P\u00e5 STEM-manipuleringsbr\u00e4dan. Pinnarna \u00e4r l\u00e4tta att greppa, har intensiva f\u00e4rger och \u00e4r helt s\u00e4kra f\u00f6r barn. De \u00e4r det perfekta valet f\u00f6r f\u00f6rskolan, skolan och hemmet \u2013 f\u00f6r alla som vill utveckla sin fantasi och sina manuella f\u00e4rdigheter genom kreativt lekande.<\/p>\n<p>Egenskaper:<\/p>\n<p>* &#8211; Setet inneh\u00e5ller 128 stora plastpinnar i 8 livfulla f\u00e4rger, 16 pinnar av varje f\u00e4rg<br \/>\n* &#8211; Ergonomisk form \u2013 l\u00e4tt att greppa \u00e4ven f\u00f6r sm\u00e5 h\u00e4nder<br \/>\n* &#8211; Tillverkade av h\u00e5llbar, s\u00e4ker och t\u00e5lig plast.<br \/>\n* &#8211; Utformade f\u00f6r enkel montering och demontering p\u00e5 STEM-tavlor<\/p>\n<p>Leksaken utvecklar:<\/p>\n<p>* &#8211; Kreativitet<br \/>\n* &#8211; Fantasi<br \/>\n* &#8211; Motorik<br \/>\n* &#8211; Sociala f\u00e4rdigheter<\/p>\n<p>Setet \u00e4r kompatibelt med:<\/p>\n<p>* &#8211; STEM-verkst\u00e4der ME29584 ME29591<br \/>\n* &#8211; STEM-v\u00e4ggtavlor ME12838 ME10971 ME11343 ME15358 ME15372 ME15389 ME15365 ME25111 ME25166<br \/>\n* &#8211; STEM-frist\u00e5ende tavlor ME29348 ME09548 ME09531 ME2932<br \/>\n* &#8211; STEM-v\u00e4ggar ME30849<br \/>\n* &#8211; F\u00e4rdiga set STEM MK0005 MK0006 MK0008 MK0009 MK0010 ME20925 ME25319-1 ME25319-2<\/p>\n<p>&#8211; STEM-workshops ME29584 ME29591<\/p>\n<p>&#8211; STEM-v\u00e4ggtavlor ME12838 ME10971 ME11343 ME15358 ME15372 ME15389 ME15365 ME25111 ME25166<\/p>\n<p>&#8211; Frist\u00e5ende tavlor STEM ME29348 ME09548 ME09531 ME2932<\/p>\n<p>&#8211; STEM-v\u00e4ggar ME30849<\/p>\n<p>&#8211; F\u00e4rdiga STEM-set MK0005 MK0006 MK0008 MK0009 MK0010 ME20925 ME25319-1 ME25319-2<\/p>\n<p>[img-76717-right-thickbox_default]<\/p>\n<p>[img-76719-right-thickbox_default]<\/p>\n","protected":false},"excerpt":{"rendered":"<p>Masterkidz Colorful Jumbo Pegs \u00e4r ett set med stora, robusta bitar f\u00f6r kreativt lekande och l\u00e4rande! Med dem kan varje barn skapa sina egna bilder, djur, fordon och fantastiska m\u00f6nster, och utveckla sin kreativitet och fantasi. P\u00e5 STEM-manipuleringsbr\u00e4dan. Pinnarna \u00e4r l\u00e4tta att greppa, har intensiva f\u00e4rger och \u00e4r helt s\u00e4kra f\u00f6r barn. De \u00e4r det [&hellip;]<\/p>\n","protected":false},"featured_media":0,"comment_status":"open","ping_status":"closed","template":"","meta":[],"product_brand":[],"product_cat":[33],"product_tag":[],"class_list":{"0":"post-16885","1":"product","2":"type-product","3":"status-publish","5":"product_cat-okategoriserad","7":"first","8":"instock","9":"shipping-taxable","10":"purchasable","11":"product-type-simple"},"_links":{"self":[{"href":"https:\/\/nordicmart.andreevmaster.com\/sv\/wp-json\/wp\/v2\/product\/16885","targetHints":{"allow":["GET"]}}],"collection":[{"href":"https:\/\/nordicmart.andreevmaster.com\/sv\/wp-json\/wp\/v2\/product"}],"about":[{"href":"https:\/\/nordicmart.andreevmaster.com\/sv\/wp-json\/wp\/v2\/types\/product"}],"replies":[{"embeddable":true,"href":"https:\/\/nordicmart.andreevmaster.com\/sv\/wp-json\/wp\/v2\/comments?post=16885"}],"wp:attachment":[{"href":"https:\/\/nordicmart.andreevmaster.com\/sv\/wp-json\/wp\/v2\/media?parent=16885"}],"wp:term":[{"taxonomy":"product_brand","embeddable":true,"href":"https:\/\/nordicmart.andreevmaster.com\/sv\/wp-json\/wp\/v2\/product_brand?post=16885"},{"taxonomy":"product_cat","embeddable":true,"href":"https:\/\/nordicmart.andreevmaster.com\/sv\/wp-json\/wp\/v2\/product_cat?post=16885"},{"taxonomy":"product_tag","embeddable":true,"href":"https:\/\/nordicmart.andreevmaster.com\/sv\/wp-json\/wp\/v2\/product_tag?post=16885"}],"curies":[{"name":"wp","href":"https:\/\/api.w.org\/{rel}","templated":true}]}}