{"id":16883,"date":"2026-02-27T00:32:38","date_gmt":"2026-02-27T00:32:38","guid":{"rendered":"https:\/\/nordicmart.andreevmaster.com\/product\/masterkidz-fargglada-jumbo-pinnar-for-stem-tavla-64-st-8-farger\/"},"modified":"2026-02-27T08:22:43","modified_gmt":"2026-02-27T08:22:43","slug":"masterkidz-fargglada-jumbo-pinnar-for-stem-tavla-64-st-8-farger","status":"publish","type":"product","link":"https:\/\/nordicmart.andreevmaster.com\/sv\/produkt\/masterkidz-fargglada-jumbo-pinnar-for-stem-tavla-64-st-8-farger\/","title":{"rendered":"MASTERKIDZ F\u00e4rgglada jumbo-pinnar f\u00f6r STEM-tavla, 64 st. \u2013 8 f\u00e4rger"},"content":{"rendered":"<p>Med Masterkidz f\u00e4rgglada pinnar kan du skapa of\u00f6rgl\u00f6mliga strukturer eller bilder p\u00e5 din tavla. Den enda begr\u00e4nsningen \u00e4r din fantasi, s\u00e5 l\u00e5t den fl\u00f6da fritt och skapa n\u00e5got vackert! Pinnarna finns i 8 f\u00e4rger, s\u00e5 att du kan skapa en m\u00e4ngd olika kompositioner.<\/p>\n<p>Egenskaper:<\/p>\n<p>* &#8211; setet inneh\u00e5ller 64 delar (8 pinnar av varje f\u00e4rg)<br \/>\n* &#8211; f\u00e4rgglada pinnar i 8 f\u00e4rger<br \/>\n* &#8211; kan anv\u00e4ndas f\u00f6r att skapa djur, bilar, bilder och m\u00e5nga andra former p\u00e5 STEM-tavlor<br \/>\n* &#8211; Br\u00e4dorna uppmuntrar barn att leka kreativt, t\u00e4nka logiskt, utveckla fin- och grovmotorik, dela leksaker med varandra och interagera<br \/>\n* &#8211; Smidiga h\u00e4nder kan enkelt montera pinnarna p\u00e5 STEM-br\u00e4dorna<br \/>\n* &#8211; Pinnarna \u00e4r tillverkade av material som \u00e4r resistenta mot vatten och solskador, s\u00e5som missf\u00e4rgning eller sprickbildning \u2013 perfekta f\u00f6r anv\u00e4ndning b\u00e5de inomhus och utomhus<\/p>\n","protected":false},"excerpt":{"rendered":"<p>Med Masterkidz f\u00e4rgglada pinnar kan du skapa of\u00f6rgl\u00f6mliga strukturer eller bilder p\u00e5 din tavla. Den enda begr\u00e4nsningen \u00e4r din fantasi, s\u00e5 l\u00e5t den fl\u00f6da fritt och skapa n\u00e5got vackert! Pinnarna finns i 8 f\u00e4rger, s\u00e5 att du kan skapa en m\u00e4ngd olika kompositioner. Egenskaper: * &#8211; setet inneh\u00e5ller 64 delar (8 pinnar av varje f\u00e4rg) [&hellip;]<\/p>\n","protected":false},"featured_media":0,"comment_status":"open","ping_status":"closed","template":"","meta":[],"product_brand":[],"product_cat":[33],"product_tag":[],"class_list":{"0":"post-16883","1":"product","2":"type-product","3":"status-publish","5":"product_cat-okategoriserad","7":"first","8":"instock","9":"shipping-taxable","10":"purchasable","11":"product-type-simple"},"_links":{"self":[{"href":"https:\/\/nordicmart.andreevmaster.com\/sv\/wp-json\/wp\/v2\/product\/16883","targetHints":{"allow":["GET"]}}],"collection":[{"href":"https:\/\/nordicmart.andreevmaster.com\/sv\/wp-json\/wp\/v2\/product"}],"about":[{"href":"https:\/\/nordicmart.andreevmaster.com\/sv\/wp-json\/wp\/v2\/types\/product"}],"replies":[{"embeddable":true,"href":"https:\/\/nordicmart.andreevmaster.com\/sv\/wp-json\/wp\/v2\/comments?post=16883"}],"wp:attachment":[{"href":"https:\/\/nordicmart.andreevmaster.com\/sv\/wp-json\/wp\/v2\/media?parent=16883"}],"wp:term":[{"taxonomy":"product_brand","embeddable":true,"href":"https:\/\/nordicmart.andreevmaster.com\/sv\/wp-json\/wp\/v2\/product_brand?post=16883"},{"taxonomy":"product_cat","embeddable":true,"href":"https:\/\/nordicmart.andreevmaster.com\/sv\/wp-json\/wp\/v2\/product_cat?post=16883"},{"taxonomy":"product_tag","embeddable":true,"href":"https:\/\/nordicmart.andreevmaster.com\/sv\/wp-json\/wp\/v2\/product_tag?post=16883"}],"curies":[{"name":"wp","href":"https:\/\/api.w.org\/{rel}","templated":true}]}}