{"id":16882,"date":"2026-02-27T00:32:38","date_gmt":"2026-02-27T00:32:38","guid":{"rendered":"https:\/\/nordicmart.andreevmaster.com\/product\/masterkidz-mix-accessory-set-pegs-screws-tools-352-pcs-2\/"},"modified":"2026-02-27T08:22:43","modified_gmt":"2026-02-27T08:22:43","slug":"masterkidz-mix-accessory-set-pegs-screws-tools-352-pcs-2","status":"publish","type":"product","link":"https:\/\/nordicmart.andreevmaster.com\/sv\/produkt\/masterkidz-mix-accessory-set-pegs-screws-tools-352-pcs-2\/","title":{"rendered":"MASTERKIDZ Mix Accessory Set Pegs Screws Tools 352 pcs."},"content":{"rendered":"<p>STEM-tillbeh\u00f6rssatsen fr\u00e5n Masterkidz inneh\u00e5ller grundl\u00e4ggande tillbeh\u00f6r f\u00f6r att leka med Masterkidz STEM-systemet. Den inneh\u00e5ller 128 pinnar, 128 skruvar, 64 geometriska pinnar, 2 verktygssatser, 18 kugghjul, ett hjul med handtag och en kedja.  Denna sats \u00e4r utformad f\u00f6r kreativt lekande och utforskande av vetenskapens v\u00e4rld genom experiment och konstruktion. Barn kan anv\u00e4nda dessa tillbeh\u00f6r f\u00f6r att skapa en m\u00e4ngd olika konstruktioner och strukturer, vilket utvecklar deras manuella f\u00e4rdigheter, logiska t\u00e4nkande och f\u00f6rst\u00e5else f\u00f6r de grundl\u00e4ggande principerna inom mekanik och teknik. Detta set \u00e4r en utm\u00e4rkt start f\u00f6r att leka med Masterkidz STEM-systemet. Det \u00e4r kompatibelt med b\u00e5de v\u00e4ggmonterade och frist\u00e5ende tavlor, varav en kr\u00e4vs f\u00f6r att kunna b\u00f6rja leka.<\/p>\n<p>Egenskaper:<\/p>\n<p>* &#8211; F\u00f6r barn fr\u00e5n 3 \u00e5r<br \/>\n* &#8211; Perfekt startset f\u00f6r Masterkidz STEM-systemet<br \/>\n* &#8211; Setets komponenter \u00e4r kompatibla med tavlor avsedda f\u00f6r inomhus- och utomhusbruk<\/p>\n<p>Setet inneh\u00e5ller:<\/p>\n<p>* &#8211; 128 f\u00e4rgglada pinnar i olika f\u00e4rger.* &#8211; 128 f\u00e4rgade skruvar i olika f\u00e4rger.<br \/>\n* &#8211; 64 geometriska pinnar i olika f\u00e4rger.<br \/>\n* &#8211; 2 set med 6 verktyg (skiftnyckel, skruvmejsel med utbytbara bits).<br \/>\n* &#8211; 18 kugghjul och 1 kugghjulsh\u00e5llare.<br \/>\n* &#8211; Kedja f\u00f6r att skapa r\u00f6rliga strukturer.<\/p>\n<p>Observera! Detta \u00e4r ett set med tillbeh\u00f6r f\u00f6r tavlor eller bord. Tavlorna och borden som visas p\u00e5 illustrativa bilder kan k\u00f6pas separat.<\/p>\n","protected":false},"excerpt":{"rendered":"<p>STEM-tillbeh\u00f6rssatsen fr\u00e5n Masterkidz inneh\u00e5ller grundl\u00e4ggande tillbeh\u00f6r f\u00f6r att leka med Masterkidz STEM-systemet. Den inneh\u00e5ller 128 pinnar, 128 skruvar, 64 geometriska pinnar, 2 verktygssatser, 18 kugghjul, ett hjul med handtag och en kedja. Denna sats \u00e4r utformad f\u00f6r kreativt lekande och utforskande av vetenskapens v\u00e4rld genom experiment och konstruktion. Barn kan anv\u00e4nda dessa tillbeh\u00f6r f\u00f6r att [&hellip;]<\/p>\n","protected":false},"featured_media":0,"comment_status":"open","ping_status":"closed","template":"","meta":[],"product_brand":[],"product_cat":[33],"product_tag":[],"class_list":{"0":"post-16882","1":"product","2":"type-product","3":"status-publish","5":"product_cat-okategoriserad","7":"first","8":"instock","9":"shipping-taxable","10":"purchasable","11":"product-type-simple"},"_links":{"self":[{"href":"https:\/\/nordicmart.andreevmaster.com\/sv\/wp-json\/wp\/v2\/product\/16882","targetHints":{"allow":["GET"]}}],"collection":[{"href":"https:\/\/nordicmart.andreevmaster.com\/sv\/wp-json\/wp\/v2\/product"}],"about":[{"href":"https:\/\/nordicmart.andreevmaster.com\/sv\/wp-json\/wp\/v2\/types\/product"}],"replies":[{"embeddable":true,"href":"https:\/\/nordicmart.andreevmaster.com\/sv\/wp-json\/wp\/v2\/comments?post=16882"}],"wp:attachment":[{"href":"https:\/\/nordicmart.andreevmaster.com\/sv\/wp-json\/wp\/v2\/media?parent=16882"}],"wp:term":[{"taxonomy":"product_brand","embeddable":true,"href":"https:\/\/nordicmart.andreevmaster.com\/sv\/wp-json\/wp\/v2\/product_brand?post=16882"},{"taxonomy":"product_cat","embeddable":true,"href":"https:\/\/nordicmart.andreevmaster.com\/sv\/wp-json\/wp\/v2\/product_cat?post=16882"},{"taxonomy":"product_tag","embeddable":true,"href":"https:\/\/nordicmart.andreevmaster.com\/sv\/wp-json\/wp\/v2\/product_tag?post=16882"}],"curies":[{"name":"wp","href":"https:\/\/api.w.org\/{rel}","templated":true}]}}