{"id":16881,"date":"2026-02-27T00:32:37","date_gmt":"2026-02-27T00:32:37","guid":{"rendered":"https:\/\/nordicmart.andreevmaster.com\/product\/masterkidz-trabord-for-pedagogiskt-bruk-stem-tillbehor-for-vaggen\/"},"modified":"2026-02-27T08:22:43","modified_gmt":"2026-02-27T08:22:43","slug":"masterkidz-trabord-for-pedagogiskt-bruk-stem-tillbehor-for-vaggen","status":"publish","type":"product","link":"https:\/\/nordicmart.andreevmaster.com\/sv\/produkt\/masterkidz-trabord-for-pedagogiskt-bruk-stem-tillbehor-for-vaggen\/","title":{"rendered":"MASTERKIDZ Tr\u00e4bord f\u00f6r pedagogiskt bruk + STEM-TILLBEH\u00d6R F\u00d6R V\u00c4GGEN"},"content":{"rendered":"<p>Masterkidz STEM-bord f\u00f6r pedagogiskt bruk + tillbeh\u00f6r m\u00f6jligg\u00f6r kreativt lekande och l\u00e4rande om vetenskapens v\u00e4rld. Panelen p\u00e5 63 x 63 cm har h\u00e5l d\u00e4r f\u00e4rgglada och geometriska pinnar, skruvar och kugghjul kan s\u00e4ttas in f\u00f6r att skapa vackra m\u00f6nster. <\/p>\n<p>Med Masterkidz STEM-pedagogiskt bord kan ditt barn b\u00f6rja leka kreativt och pedagogiskt genom att skapa vackra m\u00f6nster och strukturer tack vare de otaliga typer av element som kan anv\u00e4ndas f\u00f6r lek. <\/p>\n<p>Satsen inneh\u00e5ller: <\/p>\n<p>&#8211; pedagogiskt bord &#8211; 128 f\u00e4rgglada pinnar &#8211; 128 f\u00e4rgglada skruvar &#8211; 64 geometriska pinnar &#8211; 2 set med 6 element (skiftnyckel, skruvmejsel med utbytbara bits) &#8211; 20 kugghjul &#8211; 1 kugghjulsh\u00e5llare &#8211; kedja<\/p>\n<p>Det finns tv\u00e5 beh\u00e5llare p\u00e5 sidorna av panelen f\u00f6r f\u00f6rvaring av olika tillbeh\u00f6r till br\u00e4det.<\/p>\n<p>Tack vare dess storlek kan flera barn leka vid bordet samtidigt.<\/p>\n<p>[img-77986-left-thickbox_default]<\/p>\n<p>[img-77992-left-thickbox_default]<\/p>\n<p>[img-69853-left-thickbox_default]<\/p>\n","protected":false},"excerpt":{"rendered":"<p>Masterkidz STEM-bord f\u00f6r pedagogiskt bruk + tillbeh\u00f6r m\u00f6jligg\u00f6r kreativt lekande och l\u00e4rande om vetenskapens v\u00e4rld. Panelen p\u00e5 63 x 63 cm har h\u00e5l d\u00e4r f\u00e4rgglada och geometriska pinnar, skruvar och kugghjul kan s\u00e4ttas in f\u00f6r att skapa vackra m\u00f6nster. Med Masterkidz STEM-pedagogiskt bord kan ditt barn b\u00f6rja leka kreativt och pedagogiskt genom att skapa vackra [&hellip;]<\/p>\n","protected":false},"featured_media":0,"comment_status":"open","ping_status":"closed","template":"","meta":[],"product_brand":[],"product_cat":[33],"product_tag":[],"class_list":{"0":"post-16881","1":"product","2":"type-product","3":"status-publish","5":"product_cat-okategoriserad","7":"first","8":"instock","9":"shipping-taxable","10":"purchasable","11":"product-type-simple"},"_links":{"self":[{"href":"https:\/\/nordicmart.andreevmaster.com\/sv\/wp-json\/wp\/v2\/product\/16881","targetHints":{"allow":["GET"]}}],"collection":[{"href":"https:\/\/nordicmart.andreevmaster.com\/sv\/wp-json\/wp\/v2\/product"}],"about":[{"href":"https:\/\/nordicmart.andreevmaster.com\/sv\/wp-json\/wp\/v2\/types\/product"}],"replies":[{"embeddable":true,"href":"https:\/\/nordicmart.andreevmaster.com\/sv\/wp-json\/wp\/v2\/comments?post=16881"}],"wp:attachment":[{"href":"https:\/\/nordicmart.andreevmaster.com\/sv\/wp-json\/wp\/v2\/media?parent=16881"}],"wp:term":[{"taxonomy":"product_brand","embeddable":true,"href":"https:\/\/nordicmart.andreevmaster.com\/sv\/wp-json\/wp\/v2\/product_brand?post=16881"},{"taxonomy":"product_cat","embeddable":true,"href":"https:\/\/nordicmart.andreevmaster.com\/sv\/wp-json\/wp\/v2\/product_cat?post=16881"},{"taxonomy":"product_tag","embeddable":true,"href":"https:\/\/nordicmart.andreevmaster.com\/sv\/wp-json\/wp\/v2\/product_tag?post=16881"}],"curies":[{"name":"wp","href":"https:\/\/api.w.org\/{rel}","templated":true}]}}