{"id":16880,"date":"2026-02-27T00:32:37","date_gmt":"2026-02-27T00:32:37","guid":{"rendered":"https:\/\/nordicmart.andreevmaster.com\/product\/masterkidz-oval-lekhorna\/"},"modified":"2026-02-27T08:22:42","modified_gmt":"2026-02-27T08:22:42","slug":"masterkidz-oval-lekhorna","status":"publish","type":"product","link":"https:\/\/nordicmart.andreevmaster.com\/sv\/produkt\/masterkidz-oval-lekhorna\/","title":{"rendered":"MASTERKIDZ Oval lekh\u00f6rna"},"content":{"rendered":"<p>Den ovala lekh\u00f6rnan fr\u00e5n Masterkidz ger barnen en egen liten fristad fr\u00e5n stress och j\u00e4kt eller en plats att vila p\u00e5. Barnen kan koppla av, l\u00e4sa b\u00f6cker, leka ensamma eller med v\u00e4nner. H\u00f6rnet \u00e4r tillverkat av bekv\u00e4mt skum t\u00e4ckt med vinyl som \u00e4r l\u00e4tt att torka av. Det rymmer upp till 4 barn. <\/p>\n<p>Egenskaper: <\/p>\n<p>* &#8211; stort runt sittomr\u00e5de av skum<br \/>\n* &#8211; perfekt f\u00f6r skolor, bibliotek eller f\u00f6rskolor<br \/>\n* &#8211; ramp f\u00f6r enklare \u00e5tkomst<br \/>\n* &#8211; 75 mm tjockt golv<br \/>\n* &#8211; h\u00f6rnet rymmer upp till 4 barn<br \/>\n* &#8211; kan anv\u00e4ndas f\u00f6r vila, l\u00e4sning eller tupplur<br \/>\n* &#8211; tillverkad av vinylkl\u00e4dd skumplast<br \/>\n* &#8211; fl\u00e4ckt\u00e5lig, l\u00e4tt att reng\u00f6ra<\/p>\n","protected":false},"excerpt":{"rendered":"<p>Den ovala lekh\u00f6rnan fr\u00e5n Masterkidz ger barnen en egen liten fristad fr\u00e5n stress och j\u00e4kt eller en plats att vila p\u00e5. Barnen kan koppla av, l\u00e4sa b\u00f6cker, leka ensamma eller med v\u00e4nner. H\u00f6rnet \u00e4r tillverkat av bekv\u00e4mt skum t\u00e4ckt med vinyl som \u00e4r l\u00e4tt att torka av. Det rymmer upp till 4 barn. Egenskaper: * [&hellip;]<\/p>\n","protected":false},"featured_media":0,"comment_status":"open","ping_status":"closed","template":"","meta":[],"product_brand":[],"product_cat":[33],"product_tag":[],"class_list":{"0":"post-16880","1":"product","2":"type-product","3":"status-publish","5":"product_cat-okategoriserad","7":"first","8":"instock","9":"shipping-taxable","10":"purchasable","11":"product-type-simple"},"_links":{"self":[{"href":"https:\/\/nordicmart.andreevmaster.com\/sv\/wp-json\/wp\/v2\/product\/16880","targetHints":{"allow":["GET"]}}],"collection":[{"href":"https:\/\/nordicmart.andreevmaster.com\/sv\/wp-json\/wp\/v2\/product"}],"about":[{"href":"https:\/\/nordicmart.andreevmaster.com\/sv\/wp-json\/wp\/v2\/types\/product"}],"replies":[{"embeddable":true,"href":"https:\/\/nordicmart.andreevmaster.com\/sv\/wp-json\/wp\/v2\/comments?post=16880"}],"wp:attachment":[{"href":"https:\/\/nordicmart.andreevmaster.com\/sv\/wp-json\/wp\/v2\/media?parent=16880"}],"wp:term":[{"taxonomy":"product_brand","embeddable":true,"href":"https:\/\/nordicmart.andreevmaster.com\/sv\/wp-json\/wp\/v2\/product_brand?post=16880"},{"taxonomy":"product_cat","embeddable":true,"href":"https:\/\/nordicmart.andreevmaster.com\/sv\/wp-json\/wp\/v2\/product_cat?post=16880"},{"taxonomy":"product_tag","embeddable":true,"href":"https:\/\/nordicmart.andreevmaster.com\/sv\/wp-json\/wp\/v2\/product_tag?post=16880"}],"curies":[{"name":"wp","href":"https:\/\/api.w.org\/{rel}","templated":true}]}}