{"id":16879,"date":"2026-02-27T00:32:37","date_gmt":"2026-02-27T00:32:37","guid":{"rendered":"https:\/\/nordicmart.andreevmaster.com\/product\/masterkidz-akrylbehallare-for-tavla-2-st\/"},"modified":"2026-02-27T08:22:42","modified_gmt":"2026-02-27T08:22:42","slug":"masterkidz-akrylbehallare-for-tavla-2-st","status":"publish","type":"product","link":"https:\/\/nordicmart.andreevmaster.com\/sv\/produkt\/masterkidz-akrylbehallare-for-tavla-2-st\/","title":{"rendered":"MASTERKIDZ Akrylbeh\u00e5llare f\u00f6r tavla, 2 st."},"content":{"rendered":"<p>Egenskaper:<\/p>\n<p>* &#8211; Beh\u00e5llarna \u00e4r perfekta f\u00f6r f\u00f6rvaring av olika pinnar och kristaller som anv\u00e4nds n\u00e4r man leker med STEM-br\u00e4det<br \/>\n* &#8211; Beh\u00e5llarna kan monteras var som helst p\u00e5 STEM-br\u00e4det<br \/>\n* &#8211; Br\u00e4dorna uppmuntrar barn att leka kreativt, t\u00e4nka logiskt, utveckla fin- och grovmotorik, dela leksaker med varandra och interagera.* &#8211; Beh\u00e5llarna \u00e4r tillverkade av material som \u00e4r resistenta mot vatten och solljus, s\u00e5som missf\u00e4rgning eller sprickbildning. Perfekt f\u00f6r anv\u00e4ndning inomhus och utomhus.<br \/>\n* &#8211; Setet inneh\u00e5ller tv\u00e5 beh\u00e5llare<br \/>\n* &#8211; Varje beh\u00e5llare har tv\u00e5 dr\u00e4neringsh\u00e5l<\/p>\n","protected":false},"excerpt":{"rendered":"<p>Egenskaper: * &#8211; Beh\u00e5llarna \u00e4r perfekta f\u00f6r f\u00f6rvaring av olika pinnar och kristaller som anv\u00e4nds n\u00e4r man leker med STEM-br\u00e4det * &#8211; Beh\u00e5llarna kan monteras var som helst p\u00e5 STEM-br\u00e4det * &#8211; Br\u00e4dorna uppmuntrar barn att leka kreativt, t\u00e4nka logiskt, utveckla fin- och grovmotorik, dela leksaker med varandra och interagera.* &#8211; Beh\u00e5llarna \u00e4r tillverkade av [&hellip;]<\/p>\n","protected":false},"featured_media":0,"comment_status":"open","ping_status":"closed","template":"","meta":[],"product_brand":[],"product_cat":[33],"product_tag":[],"class_list":{"0":"post-16879","1":"product","2":"type-product","3":"status-publish","5":"product_cat-okategoriserad","7":"first","8":"instock","9":"shipping-taxable","10":"purchasable","11":"product-type-simple"},"_links":{"self":[{"href":"https:\/\/nordicmart.andreevmaster.com\/sv\/wp-json\/wp\/v2\/product\/16879","targetHints":{"allow":["GET"]}}],"collection":[{"href":"https:\/\/nordicmart.andreevmaster.com\/sv\/wp-json\/wp\/v2\/product"}],"about":[{"href":"https:\/\/nordicmart.andreevmaster.com\/sv\/wp-json\/wp\/v2\/types\/product"}],"replies":[{"embeddable":true,"href":"https:\/\/nordicmart.andreevmaster.com\/sv\/wp-json\/wp\/v2\/comments?post=16879"}],"wp:attachment":[{"href":"https:\/\/nordicmart.andreevmaster.com\/sv\/wp-json\/wp\/v2\/media?parent=16879"}],"wp:term":[{"taxonomy":"product_brand","embeddable":true,"href":"https:\/\/nordicmart.andreevmaster.com\/sv\/wp-json\/wp\/v2\/product_brand?post=16879"},{"taxonomy":"product_cat","embeddable":true,"href":"https:\/\/nordicmart.andreevmaster.com\/sv\/wp-json\/wp\/v2\/product_cat?post=16879"},{"taxonomy":"product_tag","embeddable":true,"href":"https:\/\/nordicmart.andreevmaster.com\/sv\/wp-json\/wp\/v2\/product_tag?post=16879"}],"curies":[{"name":"wp","href":"https:\/\/api.w.org\/{rel}","templated":true}]}}