{"id":16878,"date":"2026-02-27T00:32:36","date_gmt":"2026-02-27T00:32:36","guid":{"rendered":"https:\/\/nordicmart.andreevmaster.com\/product\/masterkidz-akrylbrador-2-st\/"},"modified":"2026-02-27T08:22:42","modified_gmt":"2026-02-27T08:22:42","slug":"masterkidz-akrylbrador-2-st","status":"publish","type":"product","link":"https:\/\/nordicmart.andreevmaster.com\/sv\/produkt\/masterkidz-akrylbrador-2-st\/","title":{"rendered":"MASTERKIDZ Akrylbr\u00e4dor, 2 st."},"content":{"rendered":"<p>Beh\u00e5llarna i akryl \u00e4r ett praktiskt tillbeh\u00f6r till Masterkidz STEM-tavlor som underl\u00e4ttar f\u00f6rvaring och organisering av komponenter. Beh\u00e5llarna g\u00f6r det enkelt att komma \u00e5t blocken under lek. Beh\u00e5llarna kan enkelt f\u00e4stas p\u00e5 tavlan, s\u00e5 att alla n\u00f6dv\u00e4ndiga delar alltid finns till hands.<\/p>\n<p>Egenskaper:<\/p>\n<p>* &#8211; Beh\u00e5llarna \u00e4r perfekta f\u00f6r f\u00f6rvaring av olika element som anv\u00e4nds n\u00e4r man leker med STEM-br\u00e4det.<br \/>\n* &#8211; Beh\u00e5llarna kan monteras var som helst p\u00e5 STEM-br\u00e4det<br \/>\n* &#8211; Setet inneh\u00e5ller tv\u00e5 beh\u00e5llare<\/p>\n<p>Leksaken utvecklar:<\/p>\n<p>* &#8211; Sj\u00e4lvst\u00e4ndighet<br \/>\n* &#8211; Ansvar<\/p>\n","protected":false},"excerpt":{"rendered":"<p>Beh\u00e5llarna i akryl \u00e4r ett praktiskt tillbeh\u00f6r till Masterkidz STEM-tavlor som underl\u00e4ttar f\u00f6rvaring och organisering av komponenter. Beh\u00e5llarna g\u00f6r det enkelt att komma \u00e5t blocken under lek. Beh\u00e5llarna kan enkelt f\u00e4stas p\u00e5 tavlan, s\u00e5 att alla n\u00f6dv\u00e4ndiga delar alltid finns till hands. Egenskaper: * &#8211; Beh\u00e5llarna \u00e4r perfekta f\u00f6r f\u00f6rvaring av olika element som anv\u00e4nds [&hellip;]<\/p>\n","protected":false},"featured_media":0,"comment_status":"open","ping_status":"closed","template":"","meta":[],"product_brand":[],"product_cat":[33],"product_tag":[],"class_list":{"0":"post-16878","1":"product","2":"type-product","3":"status-publish","5":"product_cat-okategoriserad","7":"first","8":"instock","9":"shipping-taxable","10":"purchasable","11":"product-type-simple"},"_links":{"self":[{"href":"https:\/\/nordicmart.andreevmaster.com\/sv\/wp-json\/wp\/v2\/product\/16878","targetHints":{"allow":["GET"]}}],"collection":[{"href":"https:\/\/nordicmart.andreevmaster.com\/sv\/wp-json\/wp\/v2\/product"}],"about":[{"href":"https:\/\/nordicmart.andreevmaster.com\/sv\/wp-json\/wp\/v2\/types\/product"}],"replies":[{"embeddable":true,"href":"https:\/\/nordicmart.andreevmaster.com\/sv\/wp-json\/wp\/v2\/comments?post=16878"}],"wp:attachment":[{"href":"https:\/\/nordicmart.andreevmaster.com\/sv\/wp-json\/wp\/v2\/media?parent=16878"}],"wp:term":[{"taxonomy":"product_brand","embeddable":true,"href":"https:\/\/nordicmart.andreevmaster.com\/sv\/wp-json\/wp\/v2\/product_brand?post=16878"},{"taxonomy":"product_cat","embeddable":true,"href":"https:\/\/nordicmart.andreevmaster.com\/sv\/wp-json\/wp\/v2\/product_cat?post=16878"},{"taxonomy":"product_tag","embeddable":true,"href":"https:\/\/nordicmart.andreevmaster.com\/sv\/wp-json\/wp\/v2\/product_tag?post=16878"}],"curies":[{"name":"wp","href":"https:\/\/api.w.org\/{rel}","templated":true}]}}