{"id":16876,"date":"2026-02-27T00:32:36","date_gmt":"2026-02-27T00:32:36","guid":{"rendered":"https:\/\/nordicmart.andreevmaster.com\/product\/masterkidz-montessori-earth-educational-board-2\/"},"modified":"2026-02-27T08:22:42","modified_gmt":"2026-02-27T08:22:42","slug":"masterkidz-montessori-earth-educational-board-2","status":"publish","type":"product","link":"https:\/\/nordicmart.andreevmaster.com\/sv\/produkt\/masterkidz-montessori-earth-educational-board-2\/","title":{"rendered":"MASTERKIDZ Montessori Earth Educational Board"},"content":{"rendered":"<p>Pedagogiska tavlor fr\u00e5n Masterkidz g\u00f6r det m\u00f6jligt f\u00f6r barn att utveckla m\u00e5nga f\u00e4rdigheter samtidigt. Varje tavla l\u00e4r barn genom olika intressanta \u00e4mnen hur man fungerar i samh\u00e4llet och l\u00e5ter dem l\u00e4ra sig om v\u00e4rlden omkring oss. Vi kan ha flera tavlor och enkelt byta mellan dem, och speciella ramar h\u00e5ller tavlan perfekt mot v\u00e4ggen.<\/p>\n<p>Egenskaper:<\/p>\n<p>* &#8211; Du kan ha flera tavlor och enkelt byta mellan dem, och speciella ramar h\u00e5ller tavlan perfekt mot v\u00e4ggen.<br \/>\n* &#8211; Tavlan kan ocks\u00e5 anv\u00e4ndas utan ramar, t.ex. p\u00e5 ett bord eller p\u00e5 golvet<br \/>\n* &#8211; Jorden \u00e4r den enda planet som man vet har aktuell geologisk aktivitet, s\u00e5som jordb\u00e4vningar och vulkaner.* &#8211; Jorden har en naturlig satellit, m\u00e5nen.<br \/>\n* &#8211; Den pedagogiska tavlan visar hur m\u00e5nen kretsar kring jorden och hur jorden kretsar kring solen.<br \/>\n* &#8211; Tavlan f\u00f6rklarar ocks\u00e5 varf\u00f6r vi har dag och natt och varifr\u00e5n de fyra \u00e5rstiderna kommer.<br \/>\n* &#8211; Tack vare tavlan l\u00e4r sig barnen om jordens inre struktur och vad som h\u00e4nder inuti en vulkan n\u00e4r den f\u00e5r utbrott.<br \/>\n* &#8211; Speciella ljuseffekter anv\u00e4nds f\u00f6r att b\u00e4ttre visa omloppsbanan och vulkanutbrottet.<br \/>\n* &#8211; Batterier kr\u00e4vs f\u00f6r drift. <\/p>\n<p>Leksaken utvecklar: <\/p>\n<p>* &#8211; motoriska f\u00e4rdigheter<br \/>\n* &#8211; sensoriska f\u00e4rdigheter<br \/>\n* &#8211; hand-\u00f6ga-koordination<br \/>\n* &#8211; fantasi<br \/>\n* &#8211; koncentration<br \/>\n* &#8211; nyfikenhet<\/p>\n","protected":false},"excerpt":{"rendered":"<p>Pedagogiska tavlor fr\u00e5n Masterkidz g\u00f6r det m\u00f6jligt f\u00f6r barn att utveckla m\u00e5nga f\u00e4rdigheter samtidigt. Varje tavla l\u00e4r barn genom olika intressanta \u00e4mnen hur man fungerar i samh\u00e4llet och l\u00e5ter dem l\u00e4ra sig om v\u00e4rlden omkring oss. Vi kan ha flera tavlor och enkelt byta mellan dem, och speciella ramar h\u00e5ller tavlan perfekt mot v\u00e4ggen. Egenskaper: [&hellip;]<\/p>\n","protected":false},"featured_media":0,"comment_status":"open","ping_status":"closed","template":"","meta":[],"product_brand":[],"product_cat":[33],"product_tag":[],"class_list":{"0":"post-16876","1":"product","2":"type-product","3":"status-publish","5":"product_cat-okategoriserad","7":"first","8":"instock","9":"shipping-taxable","10":"purchasable","11":"product-type-simple"},"_links":{"self":[{"href":"https:\/\/nordicmart.andreevmaster.com\/sv\/wp-json\/wp\/v2\/product\/16876","targetHints":{"allow":["GET"]}}],"collection":[{"href":"https:\/\/nordicmart.andreevmaster.com\/sv\/wp-json\/wp\/v2\/product"}],"about":[{"href":"https:\/\/nordicmart.andreevmaster.com\/sv\/wp-json\/wp\/v2\/types\/product"}],"replies":[{"embeddable":true,"href":"https:\/\/nordicmart.andreevmaster.com\/sv\/wp-json\/wp\/v2\/comments?post=16876"}],"wp:attachment":[{"href":"https:\/\/nordicmart.andreevmaster.com\/sv\/wp-json\/wp\/v2\/media?parent=16876"}],"wp:term":[{"taxonomy":"product_brand","embeddable":true,"href":"https:\/\/nordicmart.andreevmaster.com\/sv\/wp-json\/wp\/v2\/product_brand?post=16876"},{"taxonomy":"product_cat","embeddable":true,"href":"https:\/\/nordicmart.andreevmaster.com\/sv\/wp-json\/wp\/v2\/product_cat?post=16876"},{"taxonomy":"product_tag","embeddable":true,"href":"https:\/\/nordicmart.andreevmaster.com\/sv\/wp-json\/wp\/v2\/product_tag?post=16876"}],"curies":[{"name":"wp","href":"https:\/\/api.w.org\/{rel}","templated":true}]}}