{"id":16875,"date":"2026-02-27T00:32:36","date_gmt":"2026-02-27T00:32:36","guid":{"rendered":"https:\/\/nordicmart.andreevmaster.com\/product\/masterkidz-pedagogisk-tavla-larande-kanslor-kanslohantering-montessori\/"},"modified":"2026-02-27T08:22:41","modified_gmt":"2026-02-27T08:22:41","slug":"masterkidz-pedagogisk-tavla-larande-kanslor-kanslohantering-montessori","status":"publish","type":"product","link":"https:\/\/nordicmart.andreevmaster.com\/sv\/produkt\/masterkidz-pedagogisk-tavla-larande-kanslor-kanslohantering-montessori\/","title":{"rendered":"MASTERKIDZ Pedagogisk tavla L\u00e4rande K\u00e4nslor K\u00e4nslohantering Montessori"},"content":{"rendered":"<p>Pedagogiska tavlor fr\u00e5n Masterkidz g\u00f6r det m\u00f6jligt f\u00f6r barn att utveckla m\u00e5nga f\u00e4rdigheter samtidigt. Varje tavla l\u00e4r barn genom olika intressanta \u00e4mnen hur man fungerar i samh\u00e4llet och g\u00f6r det m\u00f6jligt f\u00f6r dem att l\u00e4ra sig om v\u00e4rlden omkring oss. Vi kan ha flera tavlor och enkelt byta mellan dem, och specialramar h\u00e5ller tavlan perfekt mot v\u00e4ggen. <\/p>\n<p>Funktioner: <\/p>\n<p>* &#8211; Vi kan ha flera tavlor och enkelt byta mellan dem, och specialramar h\u00e5ller tavlan perfekt mot v\u00e4ggen.<br \/>\n* &#8211; Tavlan kan ocks\u00e5 anv\u00e4ndas utan ramar, t.ex. p\u00e5 ett bord eller p\u00e5 golvet.<br \/>\n* &#8211; Barn beh\u00f6ver l\u00e4ra sig att hantera sina k\u00e4nslor. N\u00e4r de \u00e4r emotionellt medvetna kan de hantera relationer mer effektivt, lugna ner sig och l\u00f6sa problem.<br \/>\n* &#8211; N\u00e4r vi vill att ett barn ska visa oss sina k\u00e4nslor kan vi be dem att vrida p\u00e5 hjulet och visa oss hur de kan hantera dessa k\u00e4nslor (t.ex. n\u00e4r de \u00e4r uppr\u00f6rda kan de lyssna p\u00e5 musik och f\u00f6rb\u00e4ttra sitt hum\u00f6r).* &#8211; P\u00e5 detta s\u00e4tt l\u00e4r sig vuxna hur barn hanterar k\u00e4nslor och l\u00e4r k\u00e4nna deras behov.<br \/>\n* &#8211; Ett annat s\u00e4tt att l\u00e4ra sig och leka \u00e4r att f\u00f6r\u00e4ldern v\u00e4ljer en k\u00e4nsla p\u00e5 den \u00f6vre panelen och sedan ber\u00e4ttar eller visar barnet p\u00e5 hjulet vad de skulle g\u00f6ra med den k\u00e4nslan.<\/p>\n<p>Leksaken utvecklar:<\/p>\n<p>* &#8211; motoriska f\u00e4rdigheter<br \/>\n* &#8211; sensoriska f\u00e4rdigheter<br \/>\n* &#8211; hand-\u00f6ga-koordination<br \/>\n* &#8211; fantasi<br \/>\n* &#8211; koncentration<br \/>\n* &#8211; nyfikenhet<\/p>\n","protected":false},"excerpt":{"rendered":"<p>Pedagogiska tavlor fr\u00e5n Masterkidz g\u00f6r det m\u00f6jligt f\u00f6r barn att utveckla m\u00e5nga f\u00e4rdigheter samtidigt. Varje tavla l\u00e4r barn genom olika intressanta \u00e4mnen hur man fungerar i samh\u00e4llet och g\u00f6r det m\u00f6jligt f\u00f6r dem att l\u00e4ra sig om v\u00e4rlden omkring oss. Vi kan ha flera tavlor och enkelt byta mellan dem, och specialramar h\u00e5ller tavlan perfekt [&hellip;]<\/p>\n","protected":false},"featured_media":0,"comment_status":"open","ping_status":"closed","template":"","meta":[],"product_brand":[],"product_cat":[33],"product_tag":[],"class_list":{"0":"post-16875","1":"product","2":"type-product","3":"status-publish","5":"product_cat-okategoriserad","7":"first","8":"instock","9":"shipping-taxable","10":"purchasable","11":"product-type-simple"},"_links":{"self":[{"href":"https:\/\/nordicmart.andreevmaster.com\/sv\/wp-json\/wp\/v2\/product\/16875","targetHints":{"allow":["GET"]}}],"collection":[{"href":"https:\/\/nordicmart.andreevmaster.com\/sv\/wp-json\/wp\/v2\/product"}],"about":[{"href":"https:\/\/nordicmart.andreevmaster.com\/sv\/wp-json\/wp\/v2\/types\/product"}],"replies":[{"embeddable":true,"href":"https:\/\/nordicmart.andreevmaster.com\/sv\/wp-json\/wp\/v2\/comments?post=16875"}],"wp:attachment":[{"href":"https:\/\/nordicmart.andreevmaster.com\/sv\/wp-json\/wp\/v2\/media?parent=16875"}],"wp:term":[{"taxonomy":"product_brand","embeddable":true,"href":"https:\/\/nordicmart.andreevmaster.com\/sv\/wp-json\/wp\/v2\/product_brand?post=16875"},{"taxonomy":"product_cat","embeddable":true,"href":"https:\/\/nordicmart.andreevmaster.com\/sv\/wp-json\/wp\/v2\/product_cat?post=16875"},{"taxonomy":"product_tag","embeddable":true,"href":"https:\/\/nordicmart.andreevmaster.com\/sv\/wp-json\/wp\/v2\/product_tag?post=16875"}],"curies":[{"name":"wp","href":"https:\/\/api.w.org\/{rel}","templated":true}]}}