{"id":16874,"date":"2026-02-27T00:32:35","date_gmt":"2026-02-27T00:32:35","guid":{"rendered":"https:\/\/nordicmart.andreevmaster.com\/product\/masterkidz-montessori-pedagogisk-tavla-for-horselsinnet\/"},"modified":"2026-02-27T08:22:41","modified_gmt":"2026-02-27T08:22:41","slug":"masterkidz-montessori-pedagogisk-tavla-for-horselsinnet","status":"publish","type":"product","link":"https:\/\/nordicmart.andreevmaster.com\/sv\/produkt\/masterkidz-montessori-pedagogisk-tavla-for-horselsinnet\/","title":{"rendered":"MASTERKIDZ Montessori Pedagogisk Tavla f\u00f6r H\u00f6rselsinnet"},"content":{"rendered":"<p>Pedagogiska tavlor fr\u00e5n MASTERKIDZ ger barn m\u00f6jlighet att utveckla m\u00e5nga f\u00e4rdigheter samtidigt. Varje tavla l\u00e4r barn genom olika intressanta \u00e4mnen hur man fungerar i samh\u00e4llet och l\u00e4r dem om v\u00e4rlden omkring oss. Vi kan ha flera tavlor och enkelt byta mellan dem, och specialramar h\u00e5ller tavlan perfekt mot v\u00e4ggen.<\/p>\n<p>Funktioner:<\/p>\n<p>* &#8211; Vi kan ha flera tavlor och enkelt byta mellan dem, och specialramar h\u00e5ller tavlan perfekt mot v\u00e4ggen.<br \/>\n* &#8211; Tavlan kan ocks\u00e5 anv\u00e4ndas utan ramar, t.ex. p\u00e5 ett bord eller golv<br \/>\n* &#8211; H\u00f6rsel \u00e4r ett viktigt sinne i v\u00e5ra liv, tack vare vilket vi pratar med andra m\u00e4nniskor, lyssnar p\u00e5 f\u00e5gels\u00e5ng eller hundskall.<br \/>\n* &#8211; N\u00e4r barn vidr\u00f6r n\u00e5gon scen p\u00e5 tavlan h\u00f6r de motsvarande ljud.<br \/>\n* &#8211; Tavlan har ocks\u00e5 knappar f\u00f6r h\u00f6ga och l\u00e5ga toner \u2013 genom att titta p\u00e5 v\u00e5gdiagrammen kan barn h\u00f6ra skillnaden mellan dem.<br \/>\n* &#8211; Tavlan f\u00f6rklarar ocks\u00e5 hur ljud f\u00e4rdas genom luften i form av v\u00e5gor, v\u00e5ra \u00f6ron samlar upp ljudv\u00e5gor och skickar sedan vibrationer som signaler till hj\u00e4rnan<br \/>\n* &#8211; Tavlan har ocks\u00e5 ett transparent r\u00f6r f\u00f6r att visa barn hur ljud f\u00e4rdas genom luften \u2013 varje g\u00e5ng vi sl\u00e5r p\u00e5 ljudet p\u00e5 tavlan b\u00f6r bollarna inuti r\u00f6ret r\u00f6ra sig p\u00e5 olika s\u00e4tt \u2013 bollarna vibrerar n\u00e4r ljudv\u00e5gor passerar genom dem<br \/>\n* &#8211; Tack vare tavlan kan barn &#8221;se&#8221; \u00f6verf\u00f6ringen av ljudv\u00e5gor<br \/>\n* &#8211; Tavlan f\u00f6rklarar ocks\u00e5 att ljud kan ha olika volymer och att vi beh\u00f6ver skydda v\u00e5ra \u00f6ron n\u00e4r omgivningen \u00e4r f\u00f6r h\u00f6g.<br \/>\n* &#8211; Batterier kr\u00e4vs f\u00f6r drift<\/p>\n<p>Leksaken utvecklar:<\/p>\n<p>* &#8211; motoriska f\u00e4rdigheter<br \/>\n* &#8211; h\u00f6rsel<br \/>\n* &#8211; sensoriska f\u00e4rdigheter<br \/>\n* &#8211; hand-\u00f6ga-koordination<br \/>\n* &#8211; fantasi<br \/>\n* &#8211; koncentration<br \/>\n* &#8211; nyfikenhet<\/p>\n","protected":false},"excerpt":{"rendered":"<p>Pedagogiska tavlor fr\u00e5n MASTERKIDZ ger barn m\u00f6jlighet att utveckla m\u00e5nga f\u00e4rdigheter samtidigt. Varje tavla l\u00e4r barn genom olika intressanta \u00e4mnen hur man fungerar i samh\u00e4llet och l\u00e4r dem om v\u00e4rlden omkring oss. Vi kan ha flera tavlor och enkelt byta mellan dem, och specialramar h\u00e5ller tavlan perfekt mot v\u00e4ggen. Funktioner: * &#8211; Vi kan ha [&hellip;]<\/p>\n","protected":false},"featured_media":0,"comment_status":"open","ping_status":"closed","template":"","meta":[],"product_brand":[],"product_cat":[33],"product_tag":[],"class_list":{"0":"post-16874","1":"product","2":"type-product","3":"status-publish","5":"product_cat-okategoriserad","7":"first","8":"instock","9":"shipping-taxable","10":"purchasable","11":"product-type-simple"},"_links":{"self":[{"href":"https:\/\/nordicmart.andreevmaster.com\/sv\/wp-json\/wp\/v2\/product\/16874","targetHints":{"allow":["GET"]}}],"collection":[{"href":"https:\/\/nordicmart.andreevmaster.com\/sv\/wp-json\/wp\/v2\/product"}],"about":[{"href":"https:\/\/nordicmart.andreevmaster.com\/sv\/wp-json\/wp\/v2\/types\/product"}],"replies":[{"embeddable":true,"href":"https:\/\/nordicmart.andreevmaster.com\/sv\/wp-json\/wp\/v2\/comments?post=16874"}],"wp:attachment":[{"href":"https:\/\/nordicmart.andreevmaster.com\/sv\/wp-json\/wp\/v2\/media?parent=16874"}],"wp:term":[{"taxonomy":"product_brand","embeddable":true,"href":"https:\/\/nordicmart.andreevmaster.com\/sv\/wp-json\/wp\/v2\/product_brand?post=16874"},{"taxonomy":"product_cat","embeddable":true,"href":"https:\/\/nordicmart.andreevmaster.com\/sv\/wp-json\/wp\/v2\/product_cat?post=16874"},{"taxonomy":"product_tag","embeddable":true,"href":"https:\/\/nordicmart.andreevmaster.com\/sv\/wp-json\/wp\/v2\/product_tag?post=16874"}],"curies":[{"name":"wp","href":"https:\/\/api.w.org\/{rel}","templated":true}]}}