{"id":16873,"date":"2026-02-27T00:32:35","date_gmt":"2026-02-27T00:32:35","guid":{"rendered":"https:\/\/nordicmart.andreevmaster.com\/product\/masterkidz-montessori-luktsinne-pedagogisk-tavla\/"},"modified":"2026-02-27T08:22:41","modified_gmt":"2026-02-27T08:22:41","slug":"masterkidz-montessori-luktsinne-pedagogisk-tavla","status":"publish","type":"product","link":"https:\/\/nordicmart.andreevmaster.com\/sv\/produkt\/masterkidz-montessori-luktsinne-pedagogisk-tavla\/","title":{"rendered":"MASTERKIDZ Montessori luktsinne pedagogisk tavla"},"content":{"rendered":"<p>Pedagogiska tavlor fr\u00e5n Masterkidz g\u00f6r det m\u00f6jligt f\u00f6r barn att utveckla m\u00e5nga f\u00e4rdigheter samtidigt. Varje tavla l\u00e4r barn genom olika intressanta \u00e4mnen hur man fungerar i samh\u00e4llet och l\u00e5ter dem l\u00e4ra sig om v\u00e4rlden omkring oss. Vi kan ha flera tavlor och enkelt byta mellan dem, och speciella ramar h\u00e5ller tavlan perfekt mot v\u00e4ggen.<\/p>\n<p>Egenskaper:<\/p>\n<p>* &#8211; Du kan ha flera tavlor och enkelt byta mellan dem, och specialramar h\u00e5ller tavlan perfekt mot v\u00e4ggen.<br \/>\n* &#8211; Tavlan kan ocks\u00e5 anv\u00e4ndas utan ramar, t.ex. p\u00e5 ett bord eller p\u00e5 golvet<br \/>\n* &#8211; Denna tavla f\u00f6rklarar f\u00f6r barn hur luktsinnet fungerar och vilken roll n\u00e4san spelar i det.* &#8211; Den visar att dofter kan vara starka, svaga, behagliga, obehagliga eller en kombination av alla fyra. * &#8211; N\u00e4r ett barn r\u00f6r vid en blomma ser det ett simulerat doftfl\u00f6de fr\u00e5n blomman till n\u00e4san, vilket f\u00f6rklarar f\u00f6r barnen hur n\u00e4san k\u00e4nner doften och sedan omvandlar den till en signal som \u00f6verf\u00f6rs fr\u00e5n n\u00e4san till hj\u00e4rnan (visas med lysdioder).* &#8211; L\u00e4ngst ner finns tre tr\u00e4beh\u00e5llare, var och en med en plastbricka, p\u00e5 vilka man kan placera olika f\u00f6rem\u00e5l och sedan be barnen identifiera dofterna fr\u00e5n produkterna som \u00e4r g\u00f6mda under locket. * &#8211; P\u00e5 tavlan delar barnet ocks\u00e5 upp saker i s\u00e5dana vars doft vi kan k\u00e4nna och s\u00e5dana vars doft vi inte kan k\u00e4nna. * &#8211; barnen l\u00e4r sig ocks\u00e5 hur man skyddar sitt luktsinne<br \/>\n* &#8211; batterier kr\u00e4vs f\u00f6r drift<\/p>\n<p>Leksaken utvecklar:<\/p>\n<p>* &#8211; motoriska f\u00e4rdigheter<br \/>\n* &#8211; sensoriska f\u00e4rdigheter<br \/>\n* &#8211; hand-\u00f6ga-koordination<br \/>\n* &#8211; fantasi<br \/>\n* &#8211; koncentration<br \/>\n* &#8211; nyfikenhet<\/p>\n","protected":false},"excerpt":{"rendered":"<p>Pedagogiska tavlor fr\u00e5n Masterkidz g\u00f6r det m\u00f6jligt f\u00f6r barn att utveckla m\u00e5nga f\u00e4rdigheter samtidigt. Varje tavla l\u00e4r barn genom olika intressanta \u00e4mnen hur man fungerar i samh\u00e4llet och l\u00e5ter dem l\u00e4ra sig om v\u00e4rlden omkring oss. Vi kan ha flera tavlor och enkelt byta mellan dem, och speciella ramar h\u00e5ller tavlan perfekt mot v\u00e4ggen. Egenskaper: [&hellip;]<\/p>\n","protected":false},"featured_media":0,"comment_status":"open","ping_status":"closed","template":"","meta":[],"product_brand":[],"product_cat":[33],"product_tag":[],"class_list":{"0":"post-16873","1":"product","2":"type-product","3":"status-publish","5":"product_cat-okategoriserad","7":"first","8":"instock","9":"shipping-taxable","10":"purchasable","11":"product-type-simple"},"_links":{"self":[{"href":"https:\/\/nordicmart.andreevmaster.com\/sv\/wp-json\/wp\/v2\/product\/16873","targetHints":{"allow":["GET"]}}],"collection":[{"href":"https:\/\/nordicmart.andreevmaster.com\/sv\/wp-json\/wp\/v2\/product"}],"about":[{"href":"https:\/\/nordicmart.andreevmaster.com\/sv\/wp-json\/wp\/v2\/types\/product"}],"replies":[{"embeddable":true,"href":"https:\/\/nordicmart.andreevmaster.com\/sv\/wp-json\/wp\/v2\/comments?post=16873"}],"wp:attachment":[{"href":"https:\/\/nordicmart.andreevmaster.com\/sv\/wp-json\/wp\/v2\/media?parent=16873"}],"wp:term":[{"taxonomy":"product_brand","embeddable":true,"href":"https:\/\/nordicmart.andreevmaster.com\/sv\/wp-json\/wp\/v2\/product_brand?post=16873"},{"taxonomy":"product_cat","embeddable":true,"href":"https:\/\/nordicmart.andreevmaster.com\/sv\/wp-json\/wp\/v2\/product_cat?post=16873"},{"taxonomy":"product_tag","embeddable":true,"href":"https:\/\/nordicmart.andreevmaster.com\/sv\/wp-json\/wp\/v2\/product_tag?post=16873"}],"curies":[{"name":"wp","href":"https:\/\/api.w.org\/{rel}","templated":true}]}}