{"id":16872,"date":"2026-02-27T00:32:35","date_gmt":"2026-02-27T00:32:35","guid":{"rendered":"https:\/\/nordicmart.andreevmaster.com\/product\/masterkidz-montessori-taste-sense-educational-board-2\/"},"modified":"2026-02-27T08:22:41","modified_gmt":"2026-02-27T08:22:41","slug":"masterkidz-montessori-taste-sense-educational-board-2","status":"publish","type":"product","link":"https:\/\/nordicmart.andreevmaster.com\/sv\/produkt\/masterkidz-montessori-taste-sense-educational-board-2\/","title":{"rendered":"MASTERKIDZ Montessori Taste Sense Educational Board"},"content":{"rendered":"<p>Med Masterkidz pedagogiska tavlor kan barn utveckla m\u00e5nga f\u00e4rdigheter samtidigt. Varje tavla l\u00e4r barn genom olika intressanta \u00e4mnen hur man fungerar i samh\u00e4llet och l\u00e5ter dem l\u00e4ra sig om v\u00e4rlden omkring oss. Vi kan ha flera tavlor och enkelt byta mellan dem, och specialramar h\u00e5ller tavlan perfekt mot v\u00e4ggen.<\/p>\n<p>Egenskaper:<\/p>\n<p>* &#8211; Du kan ha flera tavlor och enkelt byta mellan dem, och specialramarna h\u00e5ller tavlan perfekt mot v\u00e4ggen.<br \/>\n* &#8211; Tavlan kan ocks\u00e5 anv\u00e4ndas utan ramar, t.ex. p\u00e5 ett bord eller p\u00e5 golvet<br \/>\n* &#8211; Tavlan visar barnen hur v\u00e5r kropp k\u00e4nner igen smaker.* &#8211; Barnen l\u00e4r sig att v\u00e5r tunga k\u00e4nner igen fyra smaker och vilken del av tungan som ansvarar f\u00f6r en viss smak \u2013 tack vare en speciell pinne flyttar barnen olika produkter till ett visst omr\u00e5de p\u00e5 tungan. * &#8211; P\u00e5 tavlans v\u00e4nstra sida \u00e4r barnets uppgift att dela upp saker som m\u00e4nniskor kan smaka p\u00e5 och l\u00e4ra sig om, och saker som inte kan smakas.* &#8211; Tack vare tavlan l\u00e4r sig barnen ocks\u00e5 hur de kan skydda sin smaksinne \u2013 undvika varm mat, h\u00e5lla tungan borta fr\u00e5n vassa f\u00f6rem\u00e5l och borsta t\u00e4nderna. Leksaken utvecklar: * &#8211; motoriska f\u00e4rdigheter * &#8211; sensoriska f\u00e4rdigheter * &#8211; hand-\u00f6ga-koordination * &#8211; fantasi * &#8211; koncentration * &#8211; nyfikenhet<\/p>\n","protected":false},"excerpt":{"rendered":"<p>Med Masterkidz pedagogiska tavlor kan barn utveckla m\u00e5nga f\u00e4rdigheter samtidigt. Varje tavla l\u00e4r barn genom olika intressanta \u00e4mnen hur man fungerar i samh\u00e4llet och l\u00e5ter dem l\u00e4ra sig om v\u00e4rlden omkring oss. Vi kan ha flera tavlor och enkelt byta mellan dem, och specialramar h\u00e5ller tavlan perfekt mot v\u00e4ggen. Egenskaper: * &#8211; Du kan ha [&hellip;]<\/p>\n","protected":false},"featured_media":0,"comment_status":"open","ping_status":"closed","template":"","meta":[],"product_brand":[],"product_cat":[33],"product_tag":[],"class_list":{"0":"post-16872","1":"product","2":"type-product","3":"status-publish","5":"product_cat-okategoriserad","7":"first","8":"instock","9":"shipping-taxable","10":"purchasable","11":"product-type-simple"},"_links":{"self":[{"href":"https:\/\/nordicmart.andreevmaster.com\/sv\/wp-json\/wp\/v2\/product\/16872","targetHints":{"allow":["GET"]}}],"collection":[{"href":"https:\/\/nordicmart.andreevmaster.com\/sv\/wp-json\/wp\/v2\/product"}],"about":[{"href":"https:\/\/nordicmart.andreevmaster.com\/sv\/wp-json\/wp\/v2\/types\/product"}],"replies":[{"embeddable":true,"href":"https:\/\/nordicmart.andreevmaster.com\/sv\/wp-json\/wp\/v2\/comments?post=16872"}],"wp:attachment":[{"href":"https:\/\/nordicmart.andreevmaster.com\/sv\/wp-json\/wp\/v2\/media?parent=16872"}],"wp:term":[{"taxonomy":"product_brand","embeddable":true,"href":"https:\/\/nordicmart.andreevmaster.com\/sv\/wp-json\/wp\/v2\/product_brand?post=16872"},{"taxonomy":"product_cat","embeddable":true,"href":"https:\/\/nordicmart.andreevmaster.com\/sv\/wp-json\/wp\/v2\/product_cat?post=16872"},{"taxonomy":"product_tag","embeddable":true,"href":"https:\/\/nordicmart.andreevmaster.com\/sv\/wp-json\/wp\/v2\/product_tag?post=16872"}],"curies":[{"name":"wp","href":"https:\/\/api.w.org\/{rel}","templated":true}]}}