{"id":16871,"date":"2026-02-27T00:32:35","date_gmt":"2026-02-27T00:32:35","guid":{"rendered":"https:\/\/nordicmart.andreevmaster.com\/product\/masterkidz-montessori-visual-sense-educational-board-2\/"},"modified":"2026-02-27T08:22:41","modified_gmt":"2026-02-27T08:22:41","slug":"masterkidz-montessori-visual-sense-educational-board-2","status":"publish","type":"product","link":"https:\/\/nordicmart.andreevmaster.com\/sv\/produkt\/masterkidz-montessori-visual-sense-educational-board-2\/","title":{"rendered":"MASTERKIDZ Montessori Visual Sense Educational Board"},"content":{"rendered":"<p>Pedagogiska tavlor fr\u00e5n Masterkidz g\u00f6r det m\u00f6jligt f\u00f6r barn att utveckla m\u00e5nga f\u00e4rdigheter samtidigt. Varje tavla l\u00e4r barn genom olika intressanta \u00e4mnen hur man fungerar i samh\u00e4llet och l\u00e5ter dem l\u00e4ra sig om v\u00e4rlden omkring oss. Vi kan ha flera tavlor och enkelt byta mellan dem, och specialramar h\u00e5ller tavlan perfekt mot v\u00e4ggen. <\/p>\n<p>Funktioner: <\/p>\n<p>* &#8211; Du kan ha flera tavlor och enkelt byta mellan dem, och specialramar h\u00e5ller tavlan perfekt mot v\u00e4ggen.<br \/>\n* &#8211; Tavlan kan ocks\u00e5 anv\u00e4ndas utan ramar, t.ex. p\u00e5 ett bord eller p\u00e5 golvet.<br \/>\n* &#8211; Tavlan f\u00f6rklarar hur vi anv\u00e4nder v\u00e5ra \u00f6gon f\u00f6r att l\u00e4ra oss om v\u00e4rlden omkring oss, om f\u00e4rger, ljusstyrka och objektens form.<br \/>\n* &#8211; N\u00e4r barnet r\u00f6r vid tr\u00e4det (till v\u00e4nster) t\u00e4nds ett ljus, som b\u00f6rjar vid linsen och g\u00e5r till \u00f6gats n\u00e4thinna.* &#8211; D\u00e4refter omvandlas bilden till ljussignaler som n\u00e5r hj\u00e4rnan och uppfattas som synintryck.<br \/>\n* &#8211; F\u00f6rutom ljussignalerna ser barnet ocks\u00e5 att tr\u00e4det p\u00e5 n\u00e4thinnan \u00e4r inverterat, vilket g\u00f6r att barnet kan se hur v\u00e5r hj\u00e4rna bearbetar bilder n\u00e4r det korrekt placerade tr\u00e4det n\u00e5r hj\u00e4rnan.<br \/>\n* &#8211; bilderna l\u00e4ngst ner p\u00e5 tavlan visar barnet att m\u00e4nskliga \u00f6gon kan k\u00e4nna igen former, f\u00e4rger och ljusstyrka<br \/>\n* &#8211; tavlan l\u00e4r ocks\u00e5 barn hur de ska ta hand om sin syn &#8211; att inte titta f\u00f6r mycket p\u00e5 TV, att inte stoppa n\u00e5got i \u00f6gonen, att b\u00e4ra solglas\u00f6gon n\u00e4r de \u00e4r i solen och att b\u00e4ra skyddsglas\u00f6gon n\u00e4r de anv\u00e4nder kemikalier<br \/>\n* &#8211; batterier kr\u00e4vs f\u00f6r drift<\/p>\n<p>Leksaken utvecklar:<\/p>\n<p>* &#8211; motoriska f\u00e4rdigheter<br \/>\n* &#8211; sensoriska f\u00e4rdigheter<br \/>\n* &#8211; hand-\u00f6ga-koordination<br \/>\n* &#8211; fantasi<br \/>\n* &#8211; koncentration<br \/>\n* &#8211; nyfikenhet<\/p>\n","protected":false},"excerpt":{"rendered":"<p>Pedagogiska tavlor fr\u00e5n Masterkidz g\u00f6r det m\u00f6jligt f\u00f6r barn att utveckla m\u00e5nga f\u00e4rdigheter samtidigt. Varje tavla l\u00e4r barn genom olika intressanta \u00e4mnen hur man fungerar i samh\u00e4llet och l\u00e5ter dem l\u00e4ra sig om v\u00e4rlden omkring oss. Vi kan ha flera tavlor och enkelt byta mellan dem, och specialramar h\u00e5ller tavlan perfekt mot v\u00e4ggen. Funktioner: * [&hellip;]<\/p>\n","protected":false},"featured_media":0,"comment_status":"open","ping_status":"closed","template":"","meta":[],"product_brand":[],"product_cat":[33],"product_tag":[],"class_list":{"0":"post-16871","1":"product","2":"type-product","3":"status-publish","5":"product_cat-okategoriserad","7":"first","8":"instock","9":"shipping-taxable","10":"purchasable","11":"product-type-simple"},"_links":{"self":[{"href":"https:\/\/nordicmart.andreevmaster.com\/sv\/wp-json\/wp\/v2\/product\/16871","targetHints":{"allow":["GET"]}}],"collection":[{"href":"https:\/\/nordicmart.andreevmaster.com\/sv\/wp-json\/wp\/v2\/product"}],"about":[{"href":"https:\/\/nordicmart.andreevmaster.com\/sv\/wp-json\/wp\/v2\/types\/product"}],"replies":[{"embeddable":true,"href":"https:\/\/nordicmart.andreevmaster.com\/sv\/wp-json\/wp\/v2\/comments?post=16871"}],"wp:attachment":[{"href":"https:\/\/nordicmart.andreevmaster.com\/sv\/wp-json\/wp\/v2\/media?parent=16871"}],"wp:term":[{"taxonomy":"product_brand","embeddable":true,"href":"https:\/\/nordicmart.andreevmaster.com\/sv\/wp-json\/wp\/v2\/product_brand?post=16871"},{"taxonomy":"product_cat","embeddable":true,"href":"https:\/\/nordicmart.andreevmaster.com\/sv\/wp-json\/wp\/v2\/product_cat?post=16871"},{"taxonomy":"product_tag","embeddable":true,"href":"https:\/\/nordicmart.andreevmaster.com\/sv\/wp-json\/wp\/v2\/product_tag?post=16871"}],"curies":[{"name":"wp","href":"https:\/\/api.w.org\/{rel}","templated":true}]}}