{"id":16870,"date":"2026-02-27T00:32:34","date_gmt":"2026-02-27T00:32:34","guid":{"rendered":"https:\/\/nordicmart.andreevmaster.com\/product\/masterkidz-montessori-tactile-learning-board-2\/"},"modified":"2026-02-27T08:22:40","modified_gmt":"2026-02-27T08:22:40","slug":"masterkidz-montessori-tactile-learning-board-2","status":"publish","type":"product","link":"https:\/\/nordicmart.andreevmaster.com\/sv\/produkt\/masterkidz-montessori-tactile-learning-board-2\/","title":{"rendered":"MASTERKIDZ Montessori Tactile Learning Board"},"content":{"rendered":"<p>Pedagogiska tavlor fr\u00e5n Masterkidz g\u00f6r det m\u00f6jligt f\u00f6r barn att utveckla m\u00e5nga f\u00e4rdigheter samtidigt. Varje tavla l\u00e4r barn genom olika intressanta \u00e4mnen hur man fungerar i samh\u00e4llet och l\u00e5ter dem l\u00e4ra sig om v\u00e4rlden omkring oss. Vi kan ha flera tavlor och enkelt byta mellan dem, och specialramar h\u00e5ller tavlan perfekt mot v\u00e4ggen. <\/p>\n<p>Funktioner: <\/p>\n<p>* &#8211; Du kan ha flera tavlor och enkelt byta mellan dem, och specialramar h\u00e5ller tavlan perfekt mot v\u00e4ggen.<br \/>\n* &#8211; Tavlan kan ocks\u00e5 anv\u00e4ndas utan ramar, t.ex. p\u00e5 ett bord eller p\u00e5 golvet.<br \/>\n* &#8211; Tavlan f\u00f6rklarar f\u00f6r barnen hur k\u00e4nseln fungerar, hur vi k\u00e4nner igen olika f\u00f6rem\u00e5ls och materials grovhet, sl\u00e4thet, h\u00e5rdhet eller mjukhet.* &#8211; Tavlan hj\u00e4lper barn att l\u00e4ra sig hur v\u00e5r hud avg\u00f6r olika texturer eller temperaturen p\u00e5 ett f\u00f6rem\u00e5l.<br \/>\n* &#8211; Tavlan har en hand med olika material placerade p\u00e5 fingertopparna.* &#8211; \u00d6verst p\u00e5 tavlan kan barnet l\u00e4ra sig att k\u00e4nna igen olika former genom att r\u00f6ra vid materialen.<br \/>\n* &#8211; Till v\u00e4nster finns en panel d\u00e4r barnet anv\u00e4nder en pinne f\u00f6r att placera materialen p\u00e5 r\u00e4tt sida.<br \/>\n* &#8211; Bilderna l\u00e4ngst ner l\u00e4r barnen att de alltid ska tv\u00e4tta h\u00e4nderna, aldrig r\u00f6ra vid vassa verktyg och alltid anv\u00e4nda handskar n\u00e4r de hanterar kemikalier.* &#8211; Tavlan visar ocks\u00e5 hur information om det f\u00f6rem\u00e5l som r\u00f6rs vid \u00f6verf\u00f6rs fr\u00e5n handen till hj\u00e4rnan och vilken v\u00e4g informationen tar. Leksaken utvecklar: * &#8211; motoriska f\u00e4rdigheter * &#8211; sensoriska f\u00e4rdigheter * &#8211; hand-\u00f6ga-koordination * &#8211; fantasi * &#8211; koncentration * &#8211; nyfikenhet<\/p>\n","protected":false},"excerpt":{"rendered":"<p>Pedagogiska tavlor fr\u00e5n Masterkidz g\u00f6r det m\u00f6jligt f\u00f6r barn att utveckla m\u00e5nga f\u00e4rdigheter samtidigt. Varje tavla l\u00e4r barn genom olika intressanta \u00e4mnen hur man fungerar i samh\u00e4llet och l\u00e5ter dem l\u00e4ra sig om v\u00e4rlden omkring oss. Vi kan ha flera tavlor och enkelt byta mellan dem, och specialramar h\u00e5ller tavlan perfekt mot v\u00e4ggen. Funktioner: * [&hellip;]<\/p>\n","protected":false},"featured_media":0,"comment_status":"open","ping_status":"closed","template":"","meta":[],"product_brand":[],"product_cat":[33],"product_tag":[],"class_list":{"0":"post-16870","1":"product","2":"type-product","3":"status-publish","5":"product_cat-okategoriserad","7":"first","8":"instock","9":"shipping-taxable","10":"purchasable","11":"product-type-simple"},"_links":{"self":[{"href":"https:\/\/nordicmart.andreevmaster.com\/sv\/wp-json\/wp\/v2\/product\/16870","targetHints":{"allow":["GET"]}}],"collection":[{"href":"https:\/\/nordicmart.andreevmaster.com\/sv\/wp-json\/wp\/v2\/product"}],"about":[{"href":"https:\/\/nordicmart.andreevmaster.com\/sv\/wp-json\/wp\/v2\/types\/product"}],"replies":[{"embeddable":true,"href":"https:\/\/nordicmart.andreevmaster.com\/sv\/wp-json\/wp\/v2\/comments?post=16870"}],"wp:attachment":[{"href":"https:\/\/nordicmart.andreevmaster.com\/sv\/wp-json\/wp\/v2\/media?parent=16870"}],"wp:term":[{"taxonomy":"product_brand","embeddable":true,"href":"https:\/\/nordicmart.andreevmaster.com\/sv\/wp-json\/wp\/v2\/product_brand?post=16870"},{"taxonomy":"product_cat","embeddable":true,"href":"https:\/\/nordicmart.andreevmaster.com\/sv\/wp-json\/wp\/v2\/product_cat?post=16870"},{"taxonomy":"product_tag","embeddable":true,"href":"https:\/\/nordicmart.andreevmaster.com\/sv\/wp-json\/wp\/v2\/product_tag?post=16870"}],"curies":[{"name":"wp","href":"https:\/\/api.w.org\/{rel}","templated":true}]}}