{"id":16869,"date":"2026-02-27T00:32:34","date_gmt":"2026-02-27T00:32:34","guid":{"rendered":"https:\/\/nordicmart.andreevmaster.com\/product\/masterkidz-montessori-human-body-educational-board-2\/"},"modified":"2026-02-27T08:22:40","modified_gmt":"2026-02-27T08:22:40","slug":"masterkidz-montessori-human-body-educational-board-2","status":"publish","type":"product","link":"https:\/\/nordicmart.andreevmaster.com\/sv\/produkt\/masterkidz-montessori-human-body-educational-board-2\/","title":{"rendered":"MASTERKIDZ Montessori Human Body Educational Board"},"content":{"rendered":"<p>L\u00e4rorika tavlor fr\u00e5n Masterkidz g\u00f6r det m\u00f6jligt f\u00f6r barn att utveckla m\u00e5nga f\u00e4rdigheter samtidigt. Varje tavla l\u00e4r barn genom olika intressanta \u00e4mnen hur man fungerar i samh\u00e4llet och g\u00f6r det m\u00f6jligt f\u00f6r dem att l\u00e4ra sig om v\u00e4rlden omkring oss. Vi kan ha flera tavlor och enkelt byta mellan dem, och specialramar h\u00e5ller tavlan perfekt mot v\u00e4ggen. <\/p>\n<p>Egenskaper: <\/p>\n<p>* &#8211; Vi kan ha flera tavlor och enkelt byta mellan dem, och specialramar h\u00e5ller tavlan perfekt mot v\u00e4ggen.<br \/>\n* &#8211; Tavlan kan ocks\u00e5 anv\u00e4ndas utan ramar, t.ex. p\u00e5 ett bord eller p\u00e5 golvet.<br \/>\n* &#8211; Unga forskare kan l\u00e4ra sig om de viktigaste systemen och organen i m\u00e4nniskokroppen.<br \/>\n* &#8211; Tavlan hj\u00e4lper barn att l\u00e4ra sig namnen, placeringen, storleken och formen p\u00e5 kroppens viktigaste organ, inklusive hj\u00e4rnan, hj\u00e4rtat, lungorna, levern, njurarna, magen och tarmarna.* &#8211; Tavlan f\u00f6rklarar p\u00e5 ett enkelt s\u00e4tt f\u00f6r barnen hur enskilda organ i kroppen fungerar, t.ex. att hj\u00e4rnan styr t\u00e4nkande, k\u00e4nslor och sinnen, hj\u00e4rtat pumpar blod genom kroppen, lungorna hj\u00e4lper oss att andas, magen hj\u00e4lper till att bryta ner maten och tarmarna hj\u00e4lper till att sm\u00e4lta maten.* &#8211; N\u00e4r man trycker p\u00e5 en av funktionsknapparna lyser de organ som ansvarar f\u00f6r en viss process upp.<br \/>\n* &#8211; Att l\u00e4ra sig om m\u00e4nniskokroppen har aldrig varit s\u00e5 enkelt.<br \/>\n* &#8211; Batterier kr\u00e4vs f\u00f6r drift. <\/p>\n<p>Leksaken utvecklar:* &#8211; motoriska f\u00e4rdigheter<br \/>\n* &#8211; sensoriska f\u00e4rdigheter<br \/>\n* &#8211; hand-\u00f6ga-koordination<br \/>\n* &#8211; fantasi<br \/>\n* &#8211; koncentration<br \/>\n* &#8211; nyfikenhet<\/p>\n<p>Masterkidz-leksaker \u00e4r h\u00f6gkvalitativa, h\u00e5llbara och s\u00e4kra pedagogiska leksaker av tr\u00e4. De \u00e4r utformade och anpassade f\u00f6r olika stadier i barns utveckling. Kreativt, \u00e4ventyrligt och pedagogiskt lekande \u00e4r de st\u00f6rsta f\u00f6rdelarna med detta varum\u00e4rkes leksaker. Ov\u00e4rderligt st\u00f6d f\u00f6r Montessori-metoden. Det b\u00e4sta valet f\u00f6r ditt hem, dagis, hotell eller restaurang. Skapa den perfekta lekh\u00f6rnan eller en stor pedagogisk v\u00e4gg. Sortimentet omfattar v\u00e4ggmonterade och mobila tavlor, upplysta bord och paneler f\u00f6r att leka med f\u00e4rger. Tematiska pedagogiska moduler och mycket mer. Ett otroligt stort antal tillbeh\u00f6r och o\u00e4ndliga m\u00f6jligheter till kreativt lekande.<\/p>\n","protected":false},"excerpt":{"rendered":"<p>L\u00e4rorika tavlor fr\u00e5n Masterkidz g\u00f6r det m\u00f6jligt f\u00f6r barn att utveckla m\u00e5nga f\u00e4rdigheter samtidigt. Varje tavla l\u00e4r barn genom olika intressanta \u00e4mnen hur man fungerar i samh\u00e4llet och g\u00f6r det m\u00f6jligt f\u00f6r dem att l\u00e4ra sig om v\u00e4rlden omkring oss. Vi kan ha flera tavlor och enkelt byta mellan dem, och specialramar h\u00e5ller tavlan perfekt [&hellip;]<\/p>\n","protected":false},"featured_media":0,"comment_status":"open","ping_status":"closed","template":"","meta":[],"product_brand":[],"product_cat":[33],"product_tag":[],"class_list":{"0":"post-16869","1":"product","2":"type-product","3":"status-publish","5":"product_cat-okategoriserad","7":"first","8":"instock","9":"shipping-taxable","10":"purchasable","11":"product-type-simple"},"_links":{"self":[{"href":"https:\/\/nordicmart.andreevmaster.com\/sv\/wp-json\/wp\/v2\/product\/16869","targetHints":{"allow":["GET"]}}],"collection":[{"href":"https:\/\/nordicmart.andreevmaster.com\/sv\/wp-json\/wp\/v2\/product"}],"about":[{"href":"https:\/\/nordicmart.andreevmaster.com\/sv\/wp-json\/wp\/v2\/types\/product"}],"replies":[{"embeddable":true,"href":"https:\/\/nordicmart.andreevmaster.com\/sv\/wp-json\/wp\/v2\/comments?post=16869"}],"wp:attachment":[{"href":"https:\/\/nordicmart.andreevmaster.com\/sv\/wp-json\/wp\/v2\/media?parent=16869"}],"wp:term":[{"taxonomy":"product_brand","embeddable":true,"href":"https:\/\/nordicmart.andreevmaster.com\/sv\/wp-json\/wp\/v2\/product_brand?post=16869"},{"taxonomy":"product_cat","embeddable":true,"href":"https:\/\/nordicmart.andreevmaster.com\/sv\/wp-json\/wp\/v2\/product_cat?post=16869"},{"taxonomy":"product_tag","embeddable":true,"href":"https:\/\/nordicmart.andreevmaster.com\/sv\/wp-json\/wp\/v2\/product_tag?post=16869"}],"curies":[{"name":"wp","href":"https:\/\/api.w.org\/{rel}","templated":true}]}}